{"id":4072,"date":"2025-10-01T18:50:35","date_gmt":"2025-10-01T18:50:35","guid":{"rendered":"https:\/\/destinybybergen.com\/juridisk-meddelelse\/"},"modified":"2026-02-10T15:58:07","modified_gmt":"2026-02-10T15:58:07","slug":"juridisk-meddelelse","status":"publish","type":"page","link":"https:\/\/destinybybergen.com\/da\/juridisk-meddelelse\/","title":{"rendered":"Juridisk meddelelse"},"content":{"rendered":"\t\t<div data-elementor-type=\"wp-page\" data-elementor-id=\"4072\" class=\"elementor elementor-4072 elementor-2866\" data-elementor-post-type=\"page\">\n\t\t\t\t<div class=\"elementor-element elementor-element-7409e64d e-flex e-con-boxed parallax_section_no qode_elementor_container_no e-con e-parent\" data-id=\"7409e64d\" data-element_type=\"container\" data-e-type=\"container\">\n\t\t\t\t\t<div class=\"e-con-inner\">\n\t\t\t\t<div class=\"elementor-element elementor-element-167905d0 elementor-widget elementor-widget-text-editor\" data-id=\"167905d0\" data-element_type=\"widget\" data-e-type=\"widget\" data-widget_type=\"text-editor.default\">\n\t\t\t\t<div class=\"elementor-widget-container\">\n\t\t\t\t\t\t\t\t\t<p>L\u00e6s venligst alle afsnit i denne juridiske meddelelse, f\u00f8r du bruger denne hjemmeside. F\u00f8lgende betingelser er bindende for enhver bruger af siden. I overensstemmelse med oplysningspligten i lov 34\/2002 om informationssamfundets tjenester og elektronisk handel (LSSI-CE) af 11. juli, gives nedenfor f\u00f8lgende generelle oplysninger om denne hjemmeside. Form\u00e5let med denne tekst er at forklare hjemmesidens funktioner i detaljer og give dig information relateret til ejeren af hjemmesiden samt form\u00e5let med det indhold, der er inkluderet heri. <\/p><p> <\/p><h3 data-prosemirror-content-type=\"node\" data-prosemirror-node-name=\"paragraph\" data-prosemirror-node-block=\"true\"><strong data-prosemirror-content-type=\"mark\" data-prosemirror-mark-name=\"strong\">IDENTIFIKATIONSDATA<br><\/strong><\/h3><p>Denne juridiske meddelelse regulerer brugen af hjemmesidens tjeneste og informerer dig i overensstemmelse med lov 34\/2002 af 11. juli om f\u00f8lgende punkter:<br>Virksomhedsnavn: BERGEN REAL ESTATE LA SERRETA S.L<\/p><p>Registreret kontor: Calle Eucalipto 25<br><\/p><p data-prosemirror-content-type=\"node\" data-prosemirror-node-name=\"paragraph\" data-prosemirror-node-block=\"true\">E-mail: gestion@destinybybergen.com<br>Kontakttelefon: 965064881<br>Skatteidentifikationsnummer (CIF): B19797570<\/p><p data-prosemirror-content-type=\"node\" data-prosemirror-node-name=\"paragraph\" data-prosemirror-node-block=\"true\"> <\/p><h3 data-prosemirror-content-type=\"node\" data-prosemirror-node-name=\"paragraph\" data-prosemirror-node-block=\"true\"><strong data-prosemirror-content-type=\"mark\" data-prosemirror-mark-name=\"strong\">BRUG AF HJEMMESIDEN OG BRUGERNES FORPLIGTELSER<br><\/strong><\/h3><p>Brugeren forpligter sig til at bruge hjemmesiden, indholdet og tjenesterne uden at overtr\u00e6de g\u00e6ldende lovgivning, almindeligt accepteret brug og offentlig orden. Det er forbudt at bruge hjemmesiden til ulovlige eller skadelige form\u00e5l mod BERGEN REAL ESTATE LA SERRETA S.L eller tredjepart, <\/p><p> som p\u00e5 nogen m\u00e5de kan for\u00e5rsage skade eller forhindre normal brug af hjemmesiden.<br>BERGEN REAL ESTATE LA SERRETA S.L garanterer, at indholdet og tjenesterne p\u00e5 portalen respekterer princippet om personlig v\u00e6rdighed, beskyttelse af ungdom og barndom, ikke-diskrimination p\u00e5 grund af race, k\u00f8n, religion, mening, nationalitet, handicap eller ethvert andet personligt og socialt aspekt.<br>N\u00e6rv\u00e6rende generelle brugsbetingelser giver ikke brugeren andre rettigheder til brug, \u00e6ndring, udnyttelse, reproduktion, distribution eller offentlig kommunikation af hjemmesidens indhold end dem, der udtrykkeligt er fastsat heri.<br>Indholdet (information, lyd- og\/eller billedfiler, fotografier, design osv.) p\u00e5 portalen tilh\u00f8rer BERGEN REAL ESTATE LA SERRETA S.L, eller virksomheden er beh\u00f8rigt autoriseret til formidling heraf af de legitime ejere.<br>BERGEN REAL ESTATE LA SERRETA S.L forpligter sig til ikke at udf\u00f8re vildledende reklame, og derfor er f\u00f8lgende forbudt:<\/p><ul><li>Brug til alle former for kommercielle eller reklameform\u00e5l, bortset fra dem, der er strengt tilladt.<br><\/li><li>Reproduktion, offentligg\u00f8relse, distribution eller \u00e6ndring, helt eller delvist, medmindre der foreligger forudg\u00e5ende skriftlig tilladelse fra de legitime ejere, eller det er lovm\u00e6ssigt tilladt.<br><\/li><li>Enhver kr\u00e6nkelse af rettighederne tilh\u00f8rende BERGEN REAL ESTATE LA SERRETA S.L eller de legitime ejere.<br><\/li><\/ul><p> <\/p><h3 data-prosemirror-content-type=\"node\" data-prosemirror-node-name=\"paragraph\" data-prosemirror-node-block=\"true\"><strong data-prosemirror-content-type=\"mark\" data-prosemirror-mark-name=\"strong\">INTELLEKTUEL OG INDUSTRIEL EJENDOMSRET<br><\/strong><\/h3><p>Brugeren anerkender og accepterer, at alle industrielle og intellektuelle ejendomsrettigheder til indholdet og\/eller ethvert andet element p\u00e5 hjemmesiden tilh\u00f8rer BERGEN REAL ESTATE LA SERRETA S.L, eller at virksomheden er beh\u00f8rigt autoriseret til formidling heraf. Hvis en bruger eller tredjepart mener, at der er sket en kr\u00e6nkelse af deres legitime intellektuelle ejendomsrettigheder, skal dette meddeles til BERGEN REAL ESTATE LA SERRETA S.L med angivelse af:<\/p><ul><li>Data p\u00e5 indehaveren af de rettigheder, der angiveligt er kr\u00e6nket.<br><\/li><li>Angivelse af det beskyttede indhold og dets placering p\u00e5 hjemmesiden samt dokumentation for ejerskab.<br><\/li><\/ul><p> <\/p><h3 data-prosemirror-content-type=\"node\" data-prosemirror-node-name=\"paragraph\" data-prosemirror-node-block=\"true\"><strong data-prosemirror-content-type=\"mark\" data-prosemirror-mark-name=\"strong\">ENLACES<\/strong><\/h3><p>Denne hjemmeside indeholder links til andre egne hjemmesider og indhold ejet af tredjeparter. Det eneste form\u00e5l med linksene er at give brugeren adgang til disse. <\/p><p> <\/p><p>BERGEN REAL ESTATE LA SERRETA S.L er under ingen omst\u00e6ndigheder ansvarlig for de resultater, der m\u00e5tte f\u00f8lge af brugerens adgang til disse links.<\/p><p> <\/p><h3 data-prosemirror-content-type=\"node\" data-prosemirror-node-name=\"paragraph\" data-prosemirror-node-block=\"true\"><strong data-prosemirror-content-type=\"mark\" data-prosemirror-mark-name=\"strong\">UNILATERAL \u00c6NDRING OG VARIGHED<br><\/strong><\/h3><p>BERGEN REAL ESTATE LA SERRETA S.L forbeholder sig retten til n\u00e5r som helst og uden forudg\u00e5ende varsel at \u00e6ndre pr\u00e6sentationen og konfigurationen af hjemmesiden samt denne juridiske meddelelse.<br>ANSVARSFRASKRIVELSE<br>BERGEN REAL ESTATE LA SERRETA S.L giver ingen garanti og er under ingen omst\u00e6ndigheder ansvarlig for skader af enhver art, der m\u00e5tte opst\u00e5 som f\u00f8lge af:<\/p><ul><li>Manglende tilg\u00e6ngelighed, vedligeholdelse og effektiv drift af hjemmesiden.<br><\/li><li>Forekomst af virus eller skadelige programmer i indholdet.<br><\/li><li>Ulovlig, uagtsom eller svigagtig brug af hjemmesiden, der strider mod disse betingelser eller god tro.<br><\/li><\/ul><p> <\/p><h3 data-prosemirror-content-type=\"node\" data-prosemirror-node-name=\"paragraph\" data-prosemirror-node-block=\"true\"><strong data-prosemirror-content-type=\"mark\" data-prosemirror-mark-name=\"strong\">BEHANDLING AF PERSONOPLYSNINGER<br><\/strong><\/h3><p>BERGEN REAL ESTATE LA SERRETA S.L har, som beskrevet i deres &#8220;PRIVATLIVSPOLITIK&#8221;, truffet de passende sikkerhedsforanstaltninger for at garantere fortrolighed og undg\u00e5 misbrug, tab, \u00e6ndring eller uautoriseret adgang til data.<br><\/p><h3 data-prosemirror-content-type=\"node\" data-prosemirror-node-name=\"paragraph\" data-prosemirror-node-block=\"true\"> <\/h3><h3 data-prosemirror-content-type=\"node\" data-prosemirror-node-name=\"paragraph\" data-prosemirror-node-block=\"true\"><strong data-prosemirror-content-type=\"mark\" data-prosemirror-mark-name=\"strong\">G\u00c6LDENDE LOVGIVNING OG V\u00c6RNETING<\/strong><\/h3><p>For l\u00f8sning af alle tvister relateret til denne hjemmeside finder spansk lovgivning anvendelse. Parterne underkaster sig udtrykkeligt de kompetente domstole i sags\u00f8gerens hjemsted (hvis denne er forbruger), ellers vil de kompetente domstole v\u00e6re i byen Torrevieja (Spanien).<\/p><p> <\/p><h3 data-prosemirror-content-type=\"node\" data-prosemirror-node-name=\"paragraph\" data-prosemirror-node-block=\"true\"><strong data-prosemirror-content-type=\"mark\" data-prosemirror-mark-name=\"strong\">KONTAKT<\/strong><\/h3><p>Hvis en bruger har sp\u00f8rgsm\u00e5l eller kommentarer til denne juridiske meddelelse, kan de skrive til gestion@destinybybergen.com.<\/p>\t\t\t\t\t\t\t\t<\/div>\n\t\t\t\t<\/div>\n\t\t\t\t\t<\/div>\n\t\t\t\t<\/div>\n\t\t<div class=\"elementor-element elementor-element-b65e4b8 e-flex e-con-boxed parallax_section_no qode_elementor_container_no e-con e-parent\" data-id=\"b65e4b8\" data-element_type=\"container\" data-e-type=\"container\">\n\t\t\t\t\t<div class=\"e-con-inner\">\n\t\t<div class=\"elementor-element elementor-element-776753b e-con-full e-flex parallax_section_no qode_elementor_container_no e-con e-child\" data-id=\"776753b\" data-element_type=\"container\" data-e-type=\"container\">\n\t\t\t\t<div class=\"elementor-element elementor-element-974625f elementor-widget-divider--view-line elementor-widget elementor-widget-divider\" data-id=\"974625f\" data-element_type=\"widget\" data-e-type=\"widget\" data-widget_type=\"divider.default\">\n\t\t\t\t<div class=\"elementor-widget-container\">\n\t\t\t\t\t\t\t<div class=\"elementor-divider\">\n\t\t\t<span class=\"elementor-divider-separator\">\n\t\t\t\t\t\t<\/span>\n\t\t<\/div>\n\t\t\t\t\t\t<\/div>\n\t\t\t\t<\/div>\n\t\t\t\t<\/div>\n\t\t\t\t\t<\/div>\n\t\t\t\t<\/div>\n\t\t<div class=\"elementor-element elementor-element-161211e e-flex e-con-boxed parallax_section_no qode_elementor_container_no e-con e-parent\" data-id=\"161211e\" data-element_type=\"container\" data-e-type=\"container\">\n\t\t\t\t\t<div class=\"e-con-inner\">\n\t\t<div class=\"elementor-element elementor-element-4bce4c3 e-con-full e-flex parallax_section_no qode_elementor_container_no e-con e-child\" data-id=\"4bce4c3\" data-element_type=\"container\" data-e-type=\"container\">\n\t\t<div class=\"elementor-element elementor-element-f5d38ff e-con-full e-flex parallax_section_no qode_elementor_container_no e-con e-child\" data-id=\"f5d38ff\" data-element_type=\"container\" data-e-type=\"container\">\n\t\t<div class=\"elementor-element elementor-element-c31de0f e-con-full e-flex parallax_section_no qode_elementor_container_no e-con e-child\" data-id=\"c31de0f\" data-element_type=\"container\" data-e-type=\"container\">\n\t\t\t\t<div class=\"elementor-element elementor-element-f62b0d8 elementor-widget elementor-widget-image\" data-id=\"f62b0d8\" data-element_type=\"widget\" data-e-type=\"widget\" data-widget_type=\"image.default\">\n\t\t\t\t<div class=\"elementor-widget-container\">\n\t\t\t\t\t\t\t\t\t\t\t\t\t\t\t<img decoding=\"async\" width=\"215\" height=\"209\" src=\"https:\/\/destinybybergen.com\/wp-content\/uploads\/2025\/02\/logo-positivo.webp\" class=\"attachment-medium_large size-medium_large wp-image-3138\" alt=\"logo\" \/>\t\t\t\t\t\t\t\t\t\t\t\t\t\t\t<\/div>\n\t\t\t\t<\/div>\n\t\t\t\t<\/div>\n\t\t<div class=\"elementor-element elementor-element-4a6224f e-con-full e-flex parallax_section_no qode_elementor_container_no e-con e-child\" data-id=\"4a6224f\" data-element_type=\"container\" data-e-type=\"container\">\n\t\t\t\t<div class=\"elementor-element elementor-element-07680b7 elementor-widget elementor-widget-text-editor\" data-id=\"07680b7\" data-element_type=\"widget\" data-e-type=\"widget\" data-widget_type=\"text-editor.default\">\n\t\t\t\t<div class=\"elementor-widget-container\">\n\t\t\t\t\t\t\t\t\t<p><span data-mce-type=\"bookmark\" style=\"display: inline-block; width: 0px; overflow: hidden; line-height: 0;\" class=\"mce_SELRES_start\"><\/span><strong>KIG FORBI VORES SALGSKONTOR<\/strong><\/p><p class=\"has-text-align-center\">Partida Buena Vista, 10 &#8211; La Nuc\u00eda<\/p><p class=\"has-text-align-center\">Tel: <a href=\"tel:0034697635908\">+34 697 63 59 08<\/a><\/p>\n<p class=\"has-text-align-center\">Tel: <a href=\"tel:442045860724\">+44 2045860724<\/a><\/p><p>E-mail: <a href=\"mailto:hola@destinybybergen.com\">hola@destinybybergen.com<\/a><\/p>\t\t\t\t\t\t\t\t<\/div>\n\t\t\t\t<\/div>\n\t\t\t\t<\/div>\n\t\t<div class=\"elementor-element elementor-element-7487a47 e-con-full e-flex parallax_section_no qode_elementor_container_no e-con e-child\" data-id=\"7487a47\" data-element_type=\"container\" data-e-type=\"container\">\n\t\t\t\t<div class=\"elementor-element elementor-element-157608c elementor-widget elementor-widget-image\" data-id=\"157608c\" data-element_type=\"widget\" data-e-type=\"widget\" data-widget_type=\"image.default\">\n\t\t\t\t<div class=\"elementor-widget-container\">\n\t\t\t\t\t\t\t\t\t\t\t\t\t\t\t\t<a href=\"https:\/\/assetlighthouse.com\/\" target=\"_blank\">\n\t\t\t\t\t\t\t<img fetchpriority=\"high\" decoding=\"async\" width=\"488\" height=\"165\" src=\"https:\/\/destinybybergen.com\/wp-content\/uploads\/2025\/05\/logotipo-cabecera.webp\" class=\"attachment-large size-large wp-image-3139\" alt=\"logotipo cabecera\" srcset=\"https:\/\/destinybybergen.com\/wp-content\/uploads\/2025\/05\/logotipo-cabecera.webp 488w, https:\/\/destinybybergen.com\/wp-content\/uploads\/2025\/05\/logotipo-cabecera-300x101.webp 300w\" sizes=\"(max-width: 488px) 100vw, 488px\" \/>\t\t\t\t\t\t\t\t<\/a>\n\t\t\t\t\t\t\t\t\t\t\t\t\t\t\t<\/div>\n\t\t\t\t<\/div>\n\t\t\t\t<\/div>\n\t\t\t\t<\/div>\n\t\t\t\t<\/div>\n\t\t\t\t\t<\/div>\n\t\t\t\t<\/div>\n\t\t\t\t<\/div>\n\t\t","protected":false},"excerpt":{"rendered":"<p>L\u00e6s venligst alle afsnit i denne juridiske meddelelse, f\u00f8r du bruger denne hjemmeside. F\u00f8lgende betingelser er bindende for enhver bruger af siden. I overensstemmelse med oplysningspligten i lov 34\/2002 om informationssamfundets tjenester og elektronisk handel (LSSI-CE) af 11. juli, gives nedenfor f\u00f8lgende generelle oplysninger om&#8230;<\/p>\n","protected":false},"author":6,"featured_media":0,"parent":0,"menu_order":0,"comment_status":"closed","ping_status":"closed","template":"","meta":{"_monsterinsights_skip_tracking":false,"_monsterinsights_sitenote_active":false,"_monsterinsights_sitenote_note":"","_monsterinsights_sitenote_category":0,"_uf_show_specific_survey":0,"_uf_disable_surveys":false,"footnotes":""},"class_list":["post-4072","page","type-page","status-publish","hentry"],"aioseo_notices":[],"_links":{"self":[{"href":"https:\/\/destinybybergen.com\/da\/wp-json\/wp\/v2\/pages\/4072","targetHints":{"allow":["GET"]}}],"collection":[{"href":"https:\/\/destinybybergen.com\/da\/wp-json\/wp\/v2\/pages"}],"about":[{"href":"https:\/\/destinybybergen.com\/da\/wp-json\/wp\/v2\/types\/page"}],"author":[{"embeddable":true,"href":"https:\/\/destinybybergen.com\/da\/wp-json\/wp\/v2\/users\/6"}],"replies":[{"embeddable":true,"href":"https:\/\/destinybybergen.com\/da\/wp-json\/wp\/v2\/comments?post=4072"}],"version-history":[{"count":1,"href":"https:\/\/destinybybergen.com\/da\/wp-json\/wp\/v2\/pages\/4072\/revisions"}],"predecessor-version":[{"id":4073,"href":"https:\/\/destinybybergen.com\/da\/wp-json\/wp\/v2\/pages\/4072\/revisions\/4073"}],"wp:attachment":[{"href":"https:\/\/destinybybergen.com\/da\/wp-json\/wp\/v2\/media?parent=4072"}],"curies":[{"name":"wp","href":"https:\/\/api.w.org\/{rel}","templated":true}]}}