{"id":4090,"date":"2025-02-03T12:39:44","date_gmt":"2025-02-03T12:39:44","guid":{"rendered":"https:\/\/destinybybergen.com\/privatlivspolitik-og-databeskyttelse\/"},"modified":"2026-03-04T09:20:21","modified_gmt":"2026-03-04T09:20:21","slug":"privatlivspolitik-og-databeskyttelse","status":"publish","type":"page","link":"https:\/\/destinybybergen.com\/da\/privatlivspolitik-og-databeskyttelse\/","title":{"rendered":"PRIVATLIVSPOLITIK OG DATABESKYTTELSE"},"content":{"rendered":"\t\t<div data-elementor-type=\"wp-page\" data-elementor-id=\"4090\" class=\"elementor elementor-4090 elementor-3\" data-elementor-post-type=\"page\">\n\t\t\t\t<div class=\"elementor-element elementor-element-7409e64d e-flex e-con-boxed parallax_section_no qode_elementor_container_no e-con e-parent\" data-id=\"7409e64d\" data-element_type=\"container\" data-e-type=\"container\">\n\t\t\t\t\t<div class=\"e-con-inner\">\n\t\t\t\t<div class=\"elementor-element elementor-element-167905d0 elementor-widget elementor-widget-text-editor\" data-id=\"167905d0\" data-element_type=\"widget\" data-e-type=\"widget\" data-widget_type=\"text-editor.default\">\n\t\t\t\t<div class=\"elementor-widget-container\">\n\t\t\t\t\t\t\t\t\t<h3><strong><u>POLITICA DE PRIVACIDAD Y PROTECCI\u00d3N DE DATOS<\/u><\/strong><\/h3>\n<p><br><a href=\"https:\/\/www.fernandezynortes.com\/#_Toc530642022\">PRIVATLIVSPOLITIK<\/a><br><a href=\"https:\/\/www.fernandezynortes.com\/#_Toc530642023\">HVEM ER ANSVARLIG FOR BEHANDLINGEN AF DINE DATA?<br><br><\/a><br><a href=\"https:\/\/www.fernandezynortes.com\/#_Toc530642024\">HVILKE TYPER DATA BEHANDLER VI?<br><\/a><br><a href=\"https:\/\/www.fernandezynortes.com\/#_Toc530642025\">TIL HVILKET FORM\u00c5L BEHANDLER VI DINE PERSONOPLYSNINGER?<br><\/a><br><a href=\"https:\/\/www.fernandezynortes.com\/#_Toc530642026\">HVAD ER RETSGRUNDLAGET FOR BEHANDLINGEN AF DINE DATA?<br><\/a><br><a href=\"https:\/\/www.fernandezynortes.com\/#_Toc530642027\">HVOR L\u00c6NGE OPBEVARER VI DINE DATA?<br><\/a><br><a href=\"https:\/\/www.fernandezynortes.com\/#_Toc530642028\">DELER VI DINE DATA MED TREDJEPARTER?<br><\/a><br><a href=\"https:\/\/www.fernandezynortes.com\/#_Toc530642029\">HVILKE RETTIGHEDER HAR DU, N\u00c5R DU GIVER OS DINE DATA?<br><\/a><br><a href=\"https:\/\/www.fernandezynortes.com\/#_Toc530642030\">\u00c6NDRINGER I PRIVATLIVSPOLITIKKEN.<br><\/a><br><a href=\"https:\/\/www.fernandezynortes.com\/#_Toc530642031\">INFORMATION OM COOKIES<br><\/a><br> <br><span style=\"color: #000000;\"><strong>BERGEN REAL ESTATE LA SERRETA S.L.<\/strong><\/span> informerer hermed om sin privatlivspolitik anvendt p\u00e5 personoplysninger. Brug af hjemmesiden indeb\u00e6rer ikke, at brugeren skal give oplysninger om sin identitet, og oplysningerne kan ikke knyttes til en specifik bruger af virksomheden. I tilf\u00e6lde af at der afgives personoplysninger, vil disse blive indsamlet og anvendt i overensstemmelse med de begr\u00e6nsninger og rettigheder, der er fastsat i de g\u00e6ldende regler.  <\/p>\n<p> <\/p>\n<h3><strong>PRIVATLIVSPOLITIK<\/strong><\/h3>\n<h6><strong>HVEM ER ANSVARLIG FOR BEHANDLINGEN AF DINE DATA?<br><br><\/strong><\/h6>\n<p>Den <strong><span style=\"color: #000000;\">DATAANSVARLIGE <\/span><\/strong>for dine data er: BERGEN REAL ESTATE LA SERRETA S.L<\/p>\n<p><span style=\"color: #000000;\"><strong>CIF: B19797570<\/strong><\/span><\/p>\n<p><span style=\"color: #000000;\"><strong>Postadresse:<\/strong><\/span> Calle Eucalipto 25<\/p>\n<p>CP: 28016 MADRID<\/p>\n<p><span style=\"color: #000000;\">E-mail:<\/span> gestion@destinybybergen.com<\/p>\n<p><strong> <\/strong><\/p>\n<p> <\/p>\n<h3><strong>HVILKE TYPER DATA BEHANDLER VI?<\/strong><\/h3>\n<p>Afh\u00e6ngigt af de produkter, tjenester eller funktioner, som du \u00f8nsker at benytte, har vi brug for at behandle forskellige data. Generelt vil disse data v\u00e6re:<br> <\/p>\n<ul>\n<li>Identifikationsdata (f.eks. navn, efternavn, sprog, land du kontakter os fra, kontaktoplysninger osv.).<br><\/li>\n<li>Forbindelses-, geolokaliserings- og navigationsdata (f.eks. hvis du interagerer med os fra en mobil enhed).<br><\/li>\n<li>Kommerciel information, hvis du er tilmeldt vores nyhedsbrev.<br><\/li>\n<li>Oplysninger om dine pr\u00e6ferencer og interesser.<br><\/li>\n<\/ul>\n<p>Husk, at n\u00e5r vi beder dig om at udfylde dine personoplysninger for at give dig adgang til en funktion eller tjeneste p\u00e5 hjemmesiden, vil vi markere visse felter som obligatoriske, da det er oplysninger, vi har brug for for at kunne levere tjenesten. Hvis du v\u00e6lger ikke at give os disse data, er det muligt, at du ikke kan gennemf\u00f8re din registrering eller benytte de p\u00e5g\u00e6ldende tjenester.<br><\/p>\n<p> <\/p>\n<h3><strong>TIL HVILKET FORM\u00c5L BEHANDLER VI DINE PERSONOPLYSNINGER?<\/strong><\/h3>\n<p>Afh\u00e6ngigt af hvordan du interagerer med vores hjemmeside, behandler vi dine data til f\u00f8lgende form\u00e5l:<\/p>\n<ol>\n<li><strong>For at besvare foresp\u00f8rgsler.<br><\/strong>Vi behandler kun de data, der er strengt n\u00f8dvendige for at h\u00e5ndtere din anmodning.<\/li>\n<li><strong>Til markedsf\u00f8ring.<br><\/strong>EHvis du tilmelder dig vores nyhedsbrev, vil dine data blive brugt til at sende periodiske bulletiner. Du kan til enhver tid afmelde dig gratis via e-mail eller instruktionerne i hver meddelelse.<\/li>\n<li><strong>H\u00e5ndtering af sociale medier:<br><\/strong>Hvis du f\u00f8lger os eller kontakter os via sociale medier, behandler vi dine data udelukkende for at svare p\u00e5 dine beskeder og administrere vores kontaktliste <\/li>\n<li><strong>ABrugervenligheds- og kvalitetsanalyse (Cookies)<br><\/strong>Hvis du bes\u00f8ger vores platform, behandler vi dine navigationsdata til analytiske og statistiske form\u00e5l for at forst\u00e5, hvordan brugere interagerer med siden og forbedre den. <\/li>\n<\/ol>\n<p> <\/p>\n<h3><strong>HVAD ER RETSGRUNDLAGET FOR BEHANDLINGEN AF DINE DATA?<\/strong><\/h3>\n<p>Foresp\u00f8rgsler: Informeret samtykke til at besvare dine sp\u00f8rgsm\u00e5l.<br><\/p>\n<ol>\n<li> Markedsf\u00f8ring: Dit udtrykkelige samtykke.<br><\/li>\n<li>Markedsf\u00f8ring: Dit udtrykkelige samtykke.<br><\/li>\n<li>Sociale medier: Informeret samtykke til at svare p\u00e5 henvendelser og n\u00e5r du v\u00e6lger at f\u00f8lge os.<\/li>\n<li><strong>Cookies<\/strong>: Brugerens samtykke til implementering af cookies.<\/li>\n<\/ol>\n<p> <\/p>\n<h3><strong>HVOR L\u00c6NGE OPBEVARER VI DINE DATA?<\/strong><\/h3>\n<ol>\n<li><strong>Foresp\u00f8rgsler.<br><\/strong>Trataremos sus datos durante el tiempo que sea necesario para atender su solicitud o petici\u00f3n y posteriormente 1 a\u00f1o.<\/li>\n<li><strong>Markedsf\u00f8ring<\/strong>: Dit udtrykkelige samtykke.<\/li>\n<li><strong>Sociale medier:<\/strong> Informeret samtykke til at svare p\u00e5 henvendelser og n\u00e5r du v\u00e6lger at f\u00f8lge os.<\/li>\n<li><strong>Cookies<\/strong>: Brugerens samtykke til implementering af cookies.<\/li>\n<\/ol>\n<p> <\/p>\n<h3><strong>DELER VI DINE DATA MED TREDJEPARTER?<\/strong><\/h3>\n<p>Personoplysninger vil ikke blive overf\u00f8rt til tredjeparter, medmindre: der er en juridisk forpligtelse, vi har dit udtrykkelige samtykke, eller der foreligger en legitim interesse, som vil blive meddelt dig. Vi er til stede p\u00e5: Facebook, LinkedIn, Twitter og YouTube. Bem\u00e6rk, at vi ikke er ansvarlige for disse mediers brug af data. Vi anbefaler, at du l\u00e6ser deres privatlivspolitikker: <\/p>\n<ul>\n<li>Facebook: <a href=\"https:\/\/es-es.facebook.com\/privacy\/explanation\">https:\/\/es-es.facebook.com\/privacy\/explanation<\/a><\/li>\n<li>LinkedIn: <a href=\"https:\/\/es.linkedin.com\/legal\/privacy-policy\">https:\/\/es.linkedin.com\/legal\/privacy-policy<\/a><\/li>\n<li>YouTube: <a href=\"https:\/\/www.youtube.com\/intl\/es\/about\/policies\/#community-guidelines\">https:\/\/www.youtube.com\/intl\/es\/about\/policies\/#community-guidelines<\/a><\/li>\n<li>Twitter: <a href=\"https:\/\/twitter.com\/es\/privacy\">https:\/\/twitter.com\/es\/privacy<\/a><\/li>\n<\/ul>\n<p>Her er overs\u00e6ttelsen til dansk:<br>P\u00e5 denne m\u00e5de kan du, f\u00f8r du klikker p\u00e5 logoerne for de sociale netv\u00e6rk p\u00e5 vores hjemmeside, orientere dig og gennemf\u00f8re en omdirigering med forudg\u00e5ende kendskab til behandlingen af dine data og p\u00e5 frivillig basis.<br>Andre teknologiske tjenester:  <\/p>\n<ul>\n<li>WhatsApp: <a href=\"https:\/\/www.whatsapp.com\/legal\/updates\/privacy-policy\/?lang=es\">https:\/\/www.whatsapp.com\/legal\/updates\/privacy-policy\/?lang=es<\/a><\/li>\n<\/ul>\n<p> <\/p>\n<h3>HVILKE <strong><strong>RETTIGHEDER <\/strong><\/strong>HAR DU?<br><\/h3>\n<p>Vi forpligter os til at respektere fortroligheden af dine data. Du kan ud\u00f8ve dine rettigheder gratis ved at sende en e-mail til gestion@destinybybergen.com. Du har ret til:<br>Indsigt: At vide hvilke data vi har om dig.<br>Berigtigelse: At rette ukorrekte data.<br>Sletning: At bede os slette data, der ikke l\u00e6ngere er n\u00f8dvendige.<br>Begr\u00e6nsning: At anmode om midlertidig suspendering af behandlingen.<br>Dataportabilitet: At modtage dine data i et struktureret format.<br>Indsigelse: At g\u00f8re indsigelse mod behandling baseret p\u00e5 legitim interesse.<br>Du har ogs\u00e5 ret til at indgive en klage til den relevante tilsynsmyndighed, f.eks. det spanske datatilsyn (AEPD).<br><a href=\"https:\/\/www.agpd.es\/portalwebAGPD\/index-ides-idphp.php\">https:\/\/www.agpd.es\/portalwebAGPD\/index-ides-idphp.php<\/a>    <\/p>\n<p> <\/p>\n<h3><strong>\u00c6NDRINGER I PRIVATLIVSPOLITIKKEN.<\/strong><\/h3>\n<p> Vi kan \u00e6ndre denne politik, n\u00e5r vi finder det n\u00f8dvendigt. Hvis \u00e6ndringerne er v\u00e6sentlige, giver vi besked via platformen eller e-mail.<br> <\/p>\n<p> <\/p>\n<h3><strong>INFORMATION OM COOKIES<\/strong><\/h3>\n<p class=\"wp-block-heading\">Vi bruger cookies for at lette din navigation og vise reklamer baseret p\u00e5 dine vaner. L\u00e6s venligst vores Cookiepolitik for flere detaljer. <\/p>\t\t\t\t\t\t\t\t<\/div>\n\t\t\t\t<\/div>\n\t\t\t\t\t<\/div>\n\t\t\t\t<\/div>\n\t\t<div class=\"elementor-element elementor-element-b65e4b8 e-flex e-con-boxed parallax_section_no qode_elementor_container_no e-con e-parent\" data-id=\"b65e4b8\" data-element_type=\"container\" data-e-type=\"container\">\n\t\t\t\t\t<div class=\"e-con-inner\">\n\t\t<div class=\"elementor-element elementor-element-776753b e-con-full e-flex parallax_section_no qode_elementor_container_no e-con e-child\" data-id=\"776753b\" data-element_type=\"container\" data-e-type=\"container\">\n\t\t\t\t<div class=\"elementor-element elementor-element-974625f elementor-widget-divider--view-line elementor-widget elementor-widget-divider\" data-id=\"974625f\" data-element_type=\"widget\" data-e-type=\"widget\" data-widget_type=\"divider.default\">\n\t\t\t\t<div class=\"elementor-widget-container\">\n\t\t\t\t\t\t\t<div class=\"elementor-divider\">\n\t\t\t<span class=\"elementor-divider-separator\">\n\t\t\t\t\t\t<\/span>\n\t\t<\/div>\n\t\t\t\t\t\t<\/div>\n\t\t\t\t<\/div>\n\t\t\t\t<\/div>\n\t\t\t\t\t<\/div>\n\t\t\t\t<\/div>\n\t\t<div class=\"elementor-element elementor-element-161211e e-flex e-con-boxed parallax_section_no qode_elementor_container_no e-con e-parent\" data-id=\"161211e\" data-element_type=\"container\" data-e-type=\"container\">\n\t\t\t\t\t<div class=\"e-con-inner\">\n\t\t<div class=\"elementor-element elementor-element-4bce4c3 e-con-full e-flex parallax_section_no qode_elementor_container_no e-con e-child\" data-id=\"4bce4c3\" data-element_type=\"container\" data-e-type=\"container\">\n\t\t<div class=\"elementor-element elementor-element-f5d38ff e-con-full e-flex parallax_section_no qode_elementor_container_no e-con e-child\" data-id=\"f5d38ff\" data-element_type=\"container\" data-e-type=\"container\">\n\t\t<div class=\"elementor-element elementor-element-c31de0f e-con-full e-flex parallax_section_no qode_elementor_container_no e-con e-child\" data-id=\"c31de0f\" data-element_type=\"container\" data-e-type=\"container\">\n\t\t\t\t<div class=\"elementor-element elementor-element-f62b0d8 elementor-widget elementor-widget-image\" data-id=\"f62b0d8\" data-element_type=\"widget\" data-e-type=\"widget\" data-widget_type=\"image.default\">\n\t\t\t\t<div class=\"elementor-widget-container\">\n\t\t\t\t\t\t\t\t\t\t\t\t\t\t\t<img decoding=\"async\" width=\"215\" height=\"209\" src=\"https:\/\/destinybybergen.com\/wp-content\/uploads\/2025\/02\/logo-positivo.webp\" class=\"attachment-medium_large size-medium_large wp-image-3138\" alt=\"logo\" \/>\t\t\t\t\t\t\t\t\t\t\t\t\t\t\t<\/div>\n\t\t\t\t<\/div>\n\t\t\t\t<\/div>\n\t\t<div class=\"elementor-element elementor-element-4a6224f e-con-full e-flex parallax_section_no qode_elementor_container_no e-con e-child\" data-id=\"4a6224f\" data-element_type=\"container\" data-e-type=\"container\">\n\t\t\t\t<div class=\"elementor-element elementor-element-07680b7 elementor-widget elementor-widget-text-editor\" data-id=\"07680b7\" data-element_type=\"widget\" data-e-type=\"widget\" data-widget_type=\"text-editor.default\">\n\t\t\t\t<div class=\"elementor-widget-container\">\n\t\t\t\t\t\t\t\t\t<p><span data-mce-type=\"bookmark\" style=\"display: inline-block; width: 0px; overflow: hidden; line-height: 0;\" class=\"mce_SELRES_start\"><\/span><strong>KIG FORBI VORES SALGSKONTOR<\/strong><\/p><p class=\"has-text-align-center\">Partida Buena Vista, 10 &#8211; La Nuc\u00eda<\/p><p class=\"has-text-align-center\">Tel: <a href=\"tel:0034697635908\">+34 697 63 59 08<\/a><\/p>\n<p class=\"has-text-align-center\">Tel: <a href=\"tel:442045860724\">+44 2045860724<\/a><\/p><p>E-mail: <a href=\"mailto:hola@destinybybergen.com\">hola@destinybybergen.com<\/a><\/p>\t\t\t\t\t\t\t\t<\/div>\n\t\t\t\t<\/div>\n\t\t\t\t<\/div>\n\t\t<div class=\"elementor-element elementor-element-7487a47 e-con-full e-flex parallax_section_no qode_elementor_container_no e-con e-child\" data-id=\"7487a47\" data-element_type=\"container\" data-e-type=\"container\">\n\t\t\t\t<div class=\"elementor-element elementor-element-157608c elementor-widget elementor-widget-image\" data-id=\"157608c\" data-element_type=\"widget\" data-e-type=\"widget\" data-widget_type=\"image.default\">\n\t\t\t\t<div class=\"elementor-widget-container\">\n\t\t\t\t\t\t\t\t\t\t\t\t\t\t\t\t<a href=\"https:\/\/assetlighthouse.com\/\" target=\"_blank\">\n\t\t\t\t\t\t\t<img fetchpriority=\"high\" decoding=\"async\" width=\"488\" height=\"165\" src=\"https:\/\/destinybybergen.com\/wp-content\/uploads\/2025\/05\/logotipo-cabecera.webp\" class=\"attachment-large size-large wp-image-3139\" alt=\"logotipo cabecera\" srcset=\"https:\/\/destinybybergen.com\/wp-content\/uploads\/2025\/05\/logotipo-cabecera.webp 488w, https:\/\/destinybybergen.com\/wp-content\/uploads\/2025\/05\/logotipo-cabecera-300x101.webp 300w\" sizes=\"(max-width: 488px) 100vw, 488px\" \/>\t\t\t\t\t\t\t\t<\/a>\n\t\t\t\t\t\t\t\t\t\t\t\t\t\t\t<\/div>\n\t\t\t\t<\/div>\n\t\t\t\t<\/div>\n\t\t\t\t<\/div>\n\t\t\t\t<\/div>\n\t\t\t\t\t<\/div>\n\t\t\t\t<\/div>\n\t\t\t\t<\/div>\n\t\t","protected":false},"excerpt":{"rendered":"<p>POLITICA DE PRIVACIDAD Y PROTECCI\u00d3N DE DATOS PRIVATLIVSPOLITIKHVEM ER ANSVARLIG FOR BEHANDLINGEN AF DINE DATA? HVILKE TYPER DATA BEHANDLER VI?TIL HVILKET FORM\u00c5L BEHANDLER VI DINE PERSONOPLYSNINGER?HVAD ER RETSGRUNDLAGET FOR BEHANDLINGEN AF DINE DATA?HVOR L\u00c6NGE OPBEVARER VI DINE DATA?DELER VI DINE DATA MED TREDJEPARTER?HVILKE RETTIGHEDER HAR&#8230;<\/p>\n","protected":false},"author":6,"featured_media":0,"parent":0,"menu_order":0,"comment_status":"closed","ping_status":"open","template":"","meta":{"_monsterinsights_skip_tracking":false,"_monsterinsights_sitenote_active":false,"_monsterinsights_sitenote_note":"","_monsterinsights_sitenote_category":0,"_uf_show_specific_survey":0,"_uf_disable_surveys":false,"footnotes":""},"class_list":["post-4090","page","type-page","status-publish","hentry"],"aioseo_notices":[],"_links":{"self":[{"href":"https:\/\/destinybybergen.com\/da\/wp-json\/wp\/v2\/pages\/4090","targetHints":{"allow":["GET"]}}],"collection":[{"href":"https:\/\/destinybybergen.com\/da\/wp-json\/wp\/v2\/pages"}],"about":[{"href":"https:\/\/destinybybergen.com\/da\/wp-json\/wp\/v2\/types\/page"}],"author":[{"embeddable":true,"href":"https:\/\/destinybybergen.com\/da\/wp-json\/wp\/v2\/users\/6"}],"replies":[{"embeddable":true,"href":"https:\/\/destinybybergen.com\/da\/wp-json\/wp\/v2\/comments?post=4090"}],"version-history":[{"count":2,"href":"https:\/\/destinybybergen.com\/da\/wp-json\/wp\/v2\/pages\/4090\/revisions"}],"predecessor-version":[{"id":4092,"href":"https:\/\/destinybybergen.com\/da\/wp-json\/wp\/v2\/pages\/4090\/revisions\/4092"}],"wp:attachment":[{"href":"https:\/\/destinybybergen.com\/da\/wp-json\/wp\/v2\/media?parent=4090"}],"curies":[{"name":"wp","href":"https:\/\/api.w.org\/{rel}","templated":true}]}}