{"id":4064,"date":"2025-10-01T18:50:35","date_gmt":"2025-10-01T18:50:35","guid":{"rendered":"https:\/\/destinybybergen.com\/rechtliche-hinweise\/"},"modified":"2026-02-10T14:55:51","modified_gmt":"2026-02-10T14:55:51","slug":"rechtliche-hinweise","status":"publish","type":"page","link":"https:\/\/destinybybergen.com\/de\/rechtliche-hinweise\/","title":{"rendered":"Rechtliche Hinweise"},"content":{"rendered":"\t\t<div data-elementor-type=\"wp-page\" data-elementor-id=\"4064\" class=\"elementor elementor-4064 elementor-2866\" data-elementor-post-type=\"page\">\n\t\t\t\t<div class=\"elementor-element elementor-element-7409e64d e-flex e-con-boxed parallax_section_no qode_elementor_container_no e-con e-parent\" data-id=\"7409e64d\" data-element_type=\"container\" data-e-type=\"container\">\n\t\t\t\t\t<div class=\"e-con-inner\">\n\t\t\t\t<div class=\"elementor-element elementor-element-167905d0 elementor-widget elementor-widget-text-editor\" data-id=\"167905d0\" data-element_type=\"widget\" data-e-type=\"widget\" data-widget_type=\"text-editor.default\">\n\t\t\t\t<div class=\"elementor-widget-container\">\n\t\t\t\t\t\t\t\t\t<p>Bitte lesen Sie alle Abschnitte dieses rechtlichen Hinweises, bevor Sie diese Website nutzen. Die folgenden Bedingungen sind f\u00fcr jeden Nutzer der Website verbindlich.<br>In \u00dcbereinstimmung mit der Informationspflicht gem\u00e4\u00df Gesetz 34\/2002 \u00fcber die Dienste der Informationsgesellschaft und den elektronischen Handel (LSSI-CE) vom 11. Juli werden im Folgenden die allgemeinen Informationen zu dieser Website bereitgestellt.<br>Der Zweck dieses Textes ist es, Ihnen die Funktionalit\u00e4ten dieser Website detailliert zu erl\u00e4utern und Ihnen Informationen \u00fcber den Inhaber der Website und den Zweck der darin enthaltenen Inhalte zu geben. <\/p><p> <\/p><h3 data-prosemirror-content-type=\"node\" data-prosemirror-node-name=\"paragraph\" data-prosemirror-node-block=\"true\"><strong data-prosemirror-content-type=\"mark\" data-prosemirror-mark-name=\"strong\">IDENTIFIZIERUNGSDATEN<\/strong><\/h3><p>Dieser rechtliche Hinweis regelt die Nutzung des Dienstes der Website und informiert Sie in \u00dcbereinstimmung mit Gesetz 34\/2002 vom 11. Juli \u00fcber die Dienste der Informationsgesellschaft und den elektronischen Handel \u00fcber Folgendes:<br><strong>Firmenname:<\/strong> BERGEN REAL ESTATE LA SERRETA S.L<\/p><p><strong>Firmensitz:<\/strong> Calle Eucalipto 25<\/p><p data-prosemirror-content-type=\"node\" data-prosemirror-node-name=\"paragraph\" data-prosemirror-node-block=\"true\"><strong>E-Mail-Adresse:<\/strong> gestion@destinybybergen.com<br><strong>Telefonnummer:<\/strong> 965064881. <br><strong>Steueridentifikationsnummer (CIF):<\/strong> B19797570<\/p><p data-prosemirror-content-type=\"node\" data-prosemirror-node-name=\"paragraph\" data-prosemirror-node-block=\"true\"> <\/p><h3 data-prosemirror-content-type=\"node\" data-prosemirror-node-name=\"paragraph\" data-prosemirror-node-block=\"true\"><strong data-prosemirror-content-type=\"mark\" data-prosemirror-mark-name=\"strong\">NUTZUNG DER WEBSITE UND PFLICHTEN DER NUTZER<\/strong><\/h3><p>Der Nutzer verpflichtet sich, die Website, die Inhalte und die Dienste zu nutzen, ohne gegen geltendes Recht, allgemein anerkannte Gepflogenheiten und die \u00f6ffentliche Ordnung zu versto\u00dfen. Die Nutzung der Website f\u00fcr illegale oder sch\u00e4dliche Zwecke gegen BERGEN REAL ESTATE LA SERRETA S.L <\/p><p>  oder Dritte, die in irgendeiner Weise Schaden verursachen oder die normale Nutzung der Website verhindern k\u00f6nnen, ist untersagt.<br>BERGEN REAL ESTATE LA SERRETA S.L garantiert, dass die Inhalte und Dienste, die das Portal anbietet, den Grundsatz der W\u00fcrde des Menschen, des Schutzes der Jugend und der Kindheit, der Nichtdiskriminierung aus Gr\u00fcnden der Rasse, des Geschlechts, der Religion, der Meinung, der Nationalit\u00e4t, der Behinderung oder eines anderen pers\u00f6nlichen und sozialen Aspekts respektieren.<br>Die vorliegenden Allgemeinen Nutzungsbedingungen der Website r\u00e4umen dem Nutzer keine anderen Rechte zur Nutzung, \u00c4nderung, Verwertung, Vervielf\u00e4ltigung, Verbreitung oder \u00f6ffentlichen Wiedergabe der Inhalte der Website ein, als die hier ausdr\u00fccklich vorgesehenen.<br>Die im Portal enthaltenen Inhalte (Informationen, Ton- und\/oder Bilddateien, Fotos, Designs usw.) sind Eigentum von BERGEN REAL ESTATE LA SERRETA S.L oder diese ist ordnungsgem\u00e4\u00df zur Verbreitung durch ihre rechtm\u00e4\u00dfigen Eigent\u00fcmer berechtigt.<br>BERGEN REAL ESTATE LA SERRETA S.L verpflichtet sich, keine irref\u00fchrende Werbung zu betreiben, und daher ist Folgendes verboten:<\/p><ul><li>Die Nutzung f\u00fcr alle Arten von kommerziellen oder Werbezwecken, die von den streng erlaubten abweichen.<\/li><li>Ihre vollst\u00e4ndige oder teilweise Vervielf\u00e4ltigung, Ver\u00f6ffentlichung, Verbreitung oder \u00c4nderung, es sei denn, es liegt eine vorherige schriftliche Genehmigung ihrer rechtm\u00e4\u00dfigen Eigent\u00fcmer vor oder dies ist gesetzlich zul\u00e4ssig.<\/li><li>Jede Verletzung der Rechte von BERGEN REAL ESTATE LA SERRETA S.L oder ihrer rechtm\u00e4\u00dfigen Eigent\u00fcmer an diesen.<\/li><\/ul><p> <\/p><h3 data-prosemirror-content-type=\"node\" data-prosemirror-node-name=\"paragraph\" data-prosemirror-node-block=\"true\"><strong data-prosemirror-content-type=\"mark\" data-prosemirror-mark-name=\"strong\">GEISTIGES UND GEWERBLICHES EIGENTUM<\/strong><\/h3><p>Der Nutzer erkennt an und akzeptiert, dass alle Rechte des gewerblichen und geistigen Eigentums an den Inhalten und\/oder allen anderen Elementen, die in die Website eingef\u00fcgt werden, BERGEN REAL ESTATE LA SERRETA S.L geh\u00f6ren oder diese ordnungsgem\u00e4\u00df zur Verbreitung auf dieser Website berechtigt ist.<br>F\u00fcr den Fall, dass ein Nutzer oder ein Dritter der Ansicht ist, dass durch die Einf\u00fchrung eines bestimmten Inhalts in die Website eine Verletzung seiner legitimen Rechte des geistigen Eigentums vorliegt, muss er BERGEN REAL ESTATE LA SERRETA S.L \u00fcber diesen Umstand informieren und Folgendes angeben:<\/p><ul><li>Daten des Inhabers der mutma\u00dflich verletzten Rechte oder Angabe der Vertretung, mit der er im Falle einer Beschwerde durch einen Dritten, der nicht der Betroffene ist, handelt.<\/li><li>Angabe der durch die Rechte des geistigen Eigentums gesch\u00fctzten Inhalte und deren Standort im Web, der Nachweis der angegebenen Rechte des geistigen Eigentums und eine ausdr\u00fcckliche Erkl\u00e4rung, in der der Betroffene die Verantwortung f\u00fcr die Richtigkeit der in der Mitteilung bereitgestellten Informationen \u00fcbernimmt.<\/li><\/ul><p> <\/p><h3 data-prosemirror-content-type=\"node\" data-prosemirror-node-name=\"paragraph\" data-prosemirror-node-block=\"true\"><strong data-prosemirror-content-type=\"mark\" data-prosemirror-mark-name=\"strong\">LINKS<\/strong><\/h3><p>Diese Website bietet Links zu anderen Websites und Inhalten, die Eigentum Dritter sind.<br>Der einzige Zweck der Links ist es, dem Nutzer die M\u00f6glichkeit zu geben, auf diese Links zuzugreifen. BERGEN REAL ESTATE LA SERRETA S.L \u00fcbernimmt in keinem Fall die Verantwortung f\u00fcr die Ergebnisse, die sich f\u00fcr den Nutzer aus dem Zugriff auf diese Links ergeben k\u00f6nnen.<br>Der Nutzer, der beabsichtigt, ein technisches Verkn\u00fcpfungselement von seiner Website zum Portal einzurichten, muss die vorherige schriftliche Genehmigung von BERGEN REAL ESTATE LA SERRETA S.L einholen. Die Einrichtung des Links impliziert in keinem Fall das Bestehen von Beziehungen zwischen BERGEN REAL ESTATE LA SERRETA S.L und dem Eigent\u00fcmer der Website, auf der der Link eingerichtet wird, noch die Akzeptanz oder Genehmigung durch <\/p><p> <\/p><p>Die Website, auf der der Link eingerichtet wird, darf keine Marke, keinen Namen, kein Logo, keinen Slogan oder andere Unterscheidungszeichen enthalten, die BERGEN REAL ESTATE LA SERRETA S.L geh\u00f6ren, es sei denn, dies ist ausdr\u00fccklich genehmigt.<\/p><p> <\/p><h3 data-prosemirror-content-type=\"node\" data-prosemirror-node-name=\"paragraph\" data-prosemirror-node-block=\"true\"><strong data-prosemirror-content-type=\"mark\" data-prosemirror-mark-name=\"strong\">EINSEITIGE \u00c4NDERUNG UND DAUER<\/strong><\/h3><p>BERGEN REAL ESTATE LA SERRETA S.L beh\u00e4lt sich das Recht vor, die Pr\u00e4sentation und Konfiguration der Website sowie diesen rechtlichen Hinweis jederzeit und ohne vorherige Ank\u00fcndigung zu \u00e4ndern.<br>AUSSCHLUSS VON GEW\u00c4HRLEISTUNGEN UND HAFTUNG<br>BERGEN REAL ESTATE LA SERRETA S.L \u00fcbernimmt keine Garantie und haftet in keinem Fall f\u00fcr Sch\u00e4den jeglicher Art, die entstehen k\u00f6nnen aufgrund von:<\/p><ul><li>Fehlender Verf\u00fcgbarkeit, Wartung und effektivem Funktionieren des Webs und\/oder seiner Dienste oder Inhalte.<\/li><li>Das Vorhandensein von Viren, b\u00f6sartigen oder sch\u00e4dlichen Programmen in den Inhalten.<\/li><li>Die illegale, fahrl\u00e4ssige, betr\u00fcgerische, den vorliegenden Bedingungen, dem guten Glauben, den allgemein anerkannten Gepflogenheiten oder der \u00f6ffentlichen Ordnung widersprechende Nutzung der Website, ihrer Dienste oder Inhalte durch die Nutzer.<\/li><\/ul><p> <\/p><h3 data-prosemirror-content-type=\"node\" data-prosemirror-node-name=\"paragraph\" data-prosemirror-node-block=\"true\"><strong data-prosemirror-content-type=\"mark\" data-prosemirror-mark-name=\"strong\">VERARBEITUNG PERSONENBEZOGENER DATEN<\/strong><\/h3><p>BERGEN REAL ESTATE LA SERRETA S.L hat, wie in seiner \u201eDATENSCHUTZRICHTLINIE\u201c dargelegt, die Sie auf dieser Website einsehen k\u00f6nnen, die f\u00fcr die von ihm verarbeiteten und verwalteten Daten angemessenen Sicherheitsstufen \u00fcbernommen und alle ihm zur Verf\u00fcgung stehenden technischen Mittel und Ma\u00dfnahmen ergriffen, um deren Vertraulichkeit zu gew\u00e4hrleisten, ihren Missbrauch, Verlust, Ver\u00e4nderung, unbefugten Zugriff und Diebstahl zu verhindern.<\/p><h3 data-prosemirror-content-type=\"node\" data-prosemirror-node-name=\"paragraph\" data-prosemirror-node-block=\"true\"> <\/h3><h3 data-prosemirror-content-type=\"node\" data-prosemirror-node-name=\"paragraph\" data-prosemirror-node-block=\"true\"><strong data-prosemirror-content-type=\"mark\" data-prosemirror-mark-name=\"strong\">ANWENDBARES RECHT UND GERICHTSSTAND<\/strong><\/h3><p>F\u00fcr die Beilegung aller Streitigkeiten oder Fragen im Zusammenhang mit dieser Website oder den auf ihr entwickelten Aktivit\u00e4ten gilt spanisches Recht, dem sich die Parteien ausdr\u00fccklich unterwerfen, wobei f\u00fcr die Beilegung aller Streitigkeiten, die sich aus ihrer Nutzung ergeben oder mit ihr in Zusammenhang stehen, die Gerichte am Wohnsitz des Kl\u00e4gers zust\u00e4ndig sind, der sich als Verbraucher ausweist, andernfalls sind die zust\u00e4ndigen Gerichte die der Stadt Torrevieja (Spanien).<\/p><p> <\/p><h3 data-prosemirror-content-type=\"node\" data-prosemirror-node-name=\"paragraph\" data-prosemirror-node-block=\"true\"><strong data-prosemirror-content-type=\"mark\" data-prosemirror-mark-name=\"strong\">KONTAKT<\/strong><\/h3><p>F\u00fcr den Fall, dass ein Nutzer Zweifel an diesem rechtlichen Hinweis hat oder Kommentare dazu abgeben m\u00f6chte, kann er sich an gestion@destinybybergen.com wenden oder eine schriftliche Mitteilung an die im Kopfbereich angegebene Adresse senden.<\/p>\t\t\t\t\t\t\t\t<\/div>\n\t\t\t\t<\/div>\n\t\t\t\t\t<\/div>\n\t\t\t\t<\/div>\n\t\t<div class=\"elementor-element elementor-element-b65e4b8 e-flex e-con-boxed parallax_section_no qode_elementor_container_no e-con e-parent\" data-id=\"b65e4b8\" data-element_type=\"container\" data-e-type=\"container\">\n\t\t\t\t\t<div class=\"e-con-inner\">\n\t\t<div class=\"elementor-element elementor-element-776753b e-con-full e-flex parallax_section_no qode_elementor_container_no e-con e-child\" data-id=\"776753b\" data-element_type=\"container\" data-e-type=\"container\">\n\t\t\t\t<div class=\"elementor-element elementor-element-974625f elementor-widget-divider--view-line elementor-widget elementor-widget-divider\" data-id=\"974625f\" data-element_type=\"widget\" data-e-type=\"widget\" data-widget_type=\"divider.default\">\n\t\t\t\t<div class=\"elementor-widget-container\">\n\t\t\t\t\t\t\t<div class=\"elementor-divider\">\n\t\t\t<span class=\"elementor-divider-separator\">\n\t\t\t\t\t\t<\/span>\n\t\t<\/div>\n\t\t\t\t\t\t<\/div>\n\t\t\t\t<\/div>\n\t\t\t\t<\/div>\n\t\t\t\t\t<\/div>\n\t\t\t\t<\/div>\n\t\t<div class=\"elementor-element elementor-element-161211e e-flex e-con-boxed parallax_section_no qode_elementor_container_no e-con e-parent\" data-id=\"161211e\" data-element_type=\"container\" data-e-type=\"container\">\n\t\t\t\t\t<div class=\"e-con-inner\">\n\t\t<div class=\"elementor-element elementor-element-4bce4c3 e-con-full e-flex parallax_section_no qode_elementor_container_no e-con e-child\" data-id=\"4bce4c3\" data-element_type=\"container\" data-e-type=\"container\">\n\t\t<div class=\"elementor-element elementor-element-f5d38ff e-con-full e-flex parallax_section_no qode_elementor_container_no e-con e-child\" data-id=\"f5d38ff\" data-element_type=\"container\" data-e-type=\"container\">\n\t\t<div class=\"elementor-element elementor-element-c31de0f e-con-full e-flex parallax_section_no qode_elementor_container_no e-con e-child\" data-id=\"c31de0f\" data-element_type=\"container\" data-e-type=\"container\">\n\t\t\t\t<div class=\"elementor-element elementor-element-f62b0d8 elementor-widget elementor-widget-image\" data-id=\"f62b0d8\" data-element_type=\"widget\" data-e-type=\"widget\" data-widget_type=\"image.default\">\n\t\t\t\t<div class=\"elementor-widget-container\">\n\t\t\t\t\t\t\t\t\t\t\t\t\t\t\t<img decoding=\"async\" width=\"215\" height=\"209\" src=\"https:\/\/destinybybergen.com\/wp-content\/uploads\/2025\/02\/logo-positivo.webp\" class=\"attachment-medium_large size-medium_large wp-image-3283\" alt=\"logo\" \/>\t\t\t\t\t\t\t\t\t\t\t\t\t\t\t<\/div>\n\t\t\t\t<\/div>\n\t\t\t\t<\/div>\n\t\t<div class=\"elementor-element elementor-element-4a6224f e-con-full e-flex parallax_section_no qode_elementor_container_no e-con e-child\" data-id=\"4a6224f\" data-element_type=\"container\" data-e-type=\"container\">\n\t\t\t\t<div class=\"elementor-element elementor-element-07680b7 elementor-widget elementor-widget-text-editor\" data-id=\"07680b7\" data-element_type=\"widget\" data-e-type=\"widget\" data-widget_type=\"text-editor.default\">\n\t\t\t\t<div class=\"elementor-widget-container\">\n\t\t\t\t\t\t\t\t\t<p><span data-mce-type=\"bookmark\" style=\"display: inline-block; width: 0px; overflow: hidden; line-height: 0;\" class=\"mce_SELRES_start\"><\/span><strong>BESUCHEN SIE UNSER VERKAUFSB\u00dcRO<\/strong><\/p><p class=\"has-text-align-center\">Partida Buena Vista, 10 &#8211; La Nuc\u00eda<\/p><p class=\"has-text-align-center\">Tel: <a href=\"tel:0034697635908\">+34 697 63 59 08<\/a><\/p>\n<p class=\"has-text-align-center\">Tel: <a href=\"tel:442045860724\">+44 2045860724<\/a><\/p><p>E-Mail-Adresse: <a href=\"mailto:hola@destinybybergen.com\">hola@destinybybergen.com<\/a><\/p>\t\t\t\t\t\t\t\t<\/div>\n\t\t\t\t<\/div>\n\t\t\t\t<\/div>\n\t\t<div class=\"elementor-element elementor-element-7487a47 e-con-full e-flex parallax_section_no qode_elementor_container_no e-con e-child\" data-id=\"7487a47\" data-element_type=\"container\" data-e-type=\"container\">\n\t\t\t\t<div class=\"elementor-element elementor-element-157608c elementor-widget elementor-widget-image\" data-id=\"157608c\" data-element_type=\"widget\" data-e-type=\"widget\" data-widget_type=\"image.default\">\n\t\t\t\t<div class=\"elementor-widget-container\">\n\t\t\t\t\t\t\t\t\t\t\t\t\t\t\t\t<a href=\"https:\/\/assetlighthouse.com\/\" target=\"_blank\">\n\t\t\t\t\t\t\t<img fetchpriority=\"high\" decoding=\"async\" width=\"488\" height=\"165\" src=\"https:\/\/destinybybergen.com\/wp-content\/uploads\/2025\/05\/logotipo-cabecera.webp\" class=\"attachment-large size-large wp-image-3284\" alt=\"logotipo cabecera\" srcset=\"https:\/\/destinybybergen.com\/wp-content\/uploads\/2025\/05\/logotipo-cabecera.webp 488w, https:\/\/destinybybergen.com\/wp-content\/uploads\/2025\/05\/logotipo-cabecera-300x101.webp 300w\" sizes=\"(max-width: 488px) 100vw, 488px\" \/>\t\t\t\t\t\t\t\t<\/a>\n\t\t\t\t\t\t\t\t\t\t\t\t\t\t\t<\/div>\n\t\t\t\t<\/div>\n\t\t\t\t<\/div>\n\t\t\t\t<\/div>\n\t\t\t\t<\/div>\n\t\t\t\t\t<\/div>\n\t\t\t\t<\/div>\n\t\t\t\t<\/div>\n\t\t","protected":false},"excerpt":{"rendered":"<p>Bitte lesen Sie alle Abschnitte dieses rechtlichen Hinweises, bevor Sie diese Website nutzen. Die folgenden Bedingungen sind f\u00fcr jeden Nutzer der Website verbindlich.In \u00dcbereinstimmung mit der Informationspflicht gem\u00e4\u00df Gesetz 34\/2002 \u00fcber die Dienste der Informationsgesellschaft und den elektronischen Handel (LSSI-CE) vom 11. Juli werden im&#8230;<\/p>\n","protected":false},"author":6,"featured_media":0,"parent":0,"menu_order":0,"comment_status":"closed","ping_status":"closed","template":"","meta":{"_monsterinsights_skip_tracking":false,"_monsterinsights_sitenote_active":false,"_monsterinsights_sitenote_note":"","_monsterinsights_sitenote_category":0,"_uf_show_specific_survey":0,"_uf_disable_surveys":false,"footnotes":""},"class_list":["post-4064","page","type-page","status-publish","hentry"],"aioseo_notices":[],"_links":{"self":[{"href":"https:\/\/destinybybergen.com\/de\/wp-json\/wp\/v2\/pages\/4064","targetHints":{"allow":["GET"]}}],"collection":[{"href":"https:\/\/destinybybergen.com\/de\/wp-json\/wp\/v2\/pages"}],"about":[{"href":"https:\/\/destinybybergen.com\/de\/wp-json\/wp\/v2\/types\/page"}],"author":[{"embeddable":true,"href":"https:\/\/destinybybergen.com\/de\/wp-json\/wp\/v2\/users\/6"}],"replies":[{"embeddable":true,"href":"https:\/\/destinybybergen.com\/de\/wp-json\/wp\/v2\/comments?post=4064"}],"version-history":[{"count":3,"href":"https:\/\/destinybybergen.com\/de\/wp-json\/wp\/v2\/pages\/4064\/revisions"}],"predecessor-version":[{"id":4067,"href":"https:\/\/destinybybergen.com\/de\/wp-json\/wp\/v2\/pages\/4064\/revisions\/4067"}],"wp:attachment":[{"href":"https:\/\/destinybybergen.com\/de\/wp-json\/wp\/v2\/media?parent=4064"}],"curies":[{"name":"wp","href":"https:\/\/api.w.org\/{rel}","templated":true}]}}