{"id":4106,"date":"2025-02-03T12:39:44","date_gmt":"2025-02-03T12:39:44","guid":{"rendered":"https:\/\/destinybybergen.com\/datenschutzerklaerung\/"},"modified":"2026-03-09T13:06:51","modified_gmt":"2026-03-09T13:06:51","slug":"datenschutzerklaerung","status":"publish","type":"page","link":"https:\/\/destinybybergen.com\/de\/datenschutzerklaerung\/","title":{"rendered":"Datenschutzerkl\u00e4rung<br>"},"content":{"rendered":"\t\t<div data-elementor-type=\"wp-page\" data-elementor-id=\"4106\" class=\"elementor elementor-4106 elementor-3\" data-elementor-post-type=\"page\">\n\t\t\t\t<div class=\"elementor-element elementor-element-7409e64d e-flex e-con-boxed parallax_section_no qode_elementor_container_no e-con e-parent\" data-id=\"7409e64d\" data-element_type=\"container\" data-e-type=\"container\">\n\t\t\t\t\t<div class=\"e-con-inner\">\n\t\t\t\t<div class=\"elementor-element elementor-element-167905d0 elementor-widget elementor-widget-text-editor\" data-id=\"167905d0\" data-element_type=\"widget\" data-e-type=\"widget\" data-widget_type=\"text-editor.default\">\n\t\t\t\t<div class=\"elementor-widget-container\">\n\t\t\t\t\t\t\t\t\t<h3><strong><u>DATENSCHUTZERKL\u00c4RUNG UND DATENSCHUTZ<br><\/u><\/strong><\/h3>\n<p><br><a href=\"https:\/\/www.fernandezynortes.com\/#_Toc530642022\">DATENSCHUTZERKL\u00c4RUNG<br><\/a><br><a href=\"https:\/\/www.fernandezynortes.com\/#_Toc530642023\">WER IST F\u00dcR DIE VERARBEITUNG IHRER DATEN VERANTWORTLICH?<br><\/a><br><a href=\"https:\/\/www.fernandezynortes.com\/#_Toc530642024\">WELCHE ARTEN VON DATEN VERARBEITEN WIR?<br><\/a><br><a href=\"https:\/\/www.fernandezynortes.com\/#_Toc530642025\">ZU WELCHEM ZWECK VERARBEITEN WIR IHRE PERSONENBEZOGENEN DATEN?<br><\/a><br><a href=\"https:\/\/www.fernandezynortes.com\/#_Toc530642026\">WAS IST DIE RECHTSGRUNDLAGE F\u00dcR DIE VERARBEITUNG IHRER DATEN?<br><\/a><br><a href=\"https:\/\/www.fernandezynortes.com\/#_Toc530642027\">WIE LANGE BEWAHREN WIR IHRE DATEN AUF?<br><\/a><br><a href=\"https:\/\/www.fernandezynortes.com\/#_Toc530642028\">GEBEN WIR IHRE DATEN AN DRITTE WEITER?<br><\/a><br><a href=\"https:\/\/www.fernandezynortes.com\/#_Toc530642029\">WELCHE RECHTE HABEN SIE, WENN SIE UNS IHRE DATEN MITTEILEN?<br><\/a><br><a href=\"https:\/\/www.fernandezynortes.com\/#_Toc530642030\">\u00c4NDERUNGEN DER DATENSCHUTZERKL\u00c4RUNG.<br><\/a><br><a href=\"https:\/\/www.fernandezynortes.com\/#_Toc530642031\">INFORMATIONEN \u00dcBER COOKIES<br><\/a><br> <br><span style=\"color: #000000;\"><strong>BERGEN REAL ESTATE LA SERRETA S.L<\/strong>.<\/span> iinformiert im Folgenden \u00fcber seine Datenschutzpolitik in Bezug auf personenbezogene Daten. Die Nutzung der Website impliziert nicht, dass der Nutzer Angaben zu seiner Identit\u00e4t machen muss; die Daten k\u00f6nnen vom Unternehmen keinem bestimmten Nutzer zugeordnet werden. Sofern personenbezogene Daten zur Verf\u00fcgung gestellt werden, werden diese gem\u00e4\u00df den Einschr\u00e4nkungen und Rechten der genannten Norm erhoben und verwendet.  <\/p>\n<p> <\/p>\n<h3><strong>DATENSCHUTZERKL\u00c4RUNG<\/strong><\/h3>\n<h6><strong>WER IST F\u00dcR DIE VERARBEITUNG IHRER DATEN VERANTWORTLICH?<\/strong><\/h6>\n<p>Der <strong><span style=\"color: #000000;\">VERANTWORTLICHE<\/span><\/strong> f\u00fcr die Verarbeitung Ihrer Daten ist: BERGEN REAL ESTATE LA SERRETA S.L<\/p>\n<p><span style=\"color: #000000;\"><strong>Steuernummer (CIF): B19797570<\/strong><\/span><\/p>\n<p><span style=\"color: #000000;\"><strong>Postanschrift:<\/strong><\/span> Calle Eucalipto 25<\/p>\n<p>PLZ\/Ort: 28016 MADRID<\/p>\n<p><span style=\"color: #000000;\">E-Mail:<\/span> gestion@destinybybergen.com<\/p>\n<p><strong> <\/strong><\/p>\n<p> <\/p>\n<h3><strong>WELCHE ARTEN VON DATEN VERARBEITEN WIR?<\/strong><\/h3>\n<p>Je nachdem, welche Produkte, Dienstleistungen oder Funktionen Sie nutzen m\u00f6chten, m\u00fcssen wir bestimmte Daten verarbeiten. Im Allgemeinen sind dies:<br> <\/p>\n<ul>\n<li>Identifikationsdaten (z. B. Vorname, Nachname, Sprache, Land, von dem aus Sie mit uns interagieren, Kontaktdaten usw.).<\/li>\n<li>Verbindungs-, Geolokalisierungs- und Navigationsdaten (z. B. wenn Sie \u00fcber Ihr Mobiltelefon mit uns interagieren).<br><\/li>\n<li>Kommerzielle Informationen, wenn Sie unseren Newsletter abonniert haben.<br><\/li>\n<li>Daten \u00fcber Ihre Vorlieben und Pr\u00e4ferenzen.<br><\/li>\n<\/ul>\n<p>Bitte beachten Sie: Wenn wir Sie bitten, personenbezogene Daten auszuf\u00fcllen, um Ihnen Zugang zu einer Funktion oder Dienstleistung der Website zu erm\u00f6glichen, markieren wir einige Felder als Pflichtfelder, da wir diese Daten ben\u00f6tigen, um die Dienstleistung zu erbringen. Wenn Sie sich entscheiden, uns diese Daten nicht zur Verf\u00fcgung zu stellen, k\u00f6nnen Sie sich m\u00f6glicherweise nicht als Nutzer registrieren oder diese Dienste nicht nutzen.<br><\/p>\n<p> <\/p>\n<h3><strong>ZU WELCHEM ZWECK VERARBEITEN WIR IHRE PERSONENBEZOGENEN DATEN?<\/strong><\/h3>\n<p>Je nachdem, wie Sie mit unserer Website interagieren, verarbeiten wir Ihre Daten f\u00fcr folgende Zwecke:<br><\/p>\n<ol>\n<li><strong>Bearbeitung von Anfragen<\/strong>: Wir verarbeiten nur die Daten, die zur Bearbeitung Ihres Anliegens unbedingt erforderlich sind.<br><\/li>\n<li><strong>Marketingzwecke<\/strong>: Wenn Sie unseren Newsletter abonnieren, werden Ihre Daten f\u00fcr den regelm\u00e4\u00dfigen Versand von Informationsbulletins verwendet. Sie k\u00f6nnen sich jederzeit kostenlos abmelden.<br><\/li>\n<li><strong>Social Media Management:<\/strong> Wenn Sie uns in sozialen Netzwerken folgen, verarbeiten wir die dort bereitgestellten Daten ausschlie\u00dflich zur Beantwortung Ihrer Nachrichten und zur Verwaltung unserer Kontaktliste.<br> <\/li>\n<li><strong>Usability- und Qualit\u00e4tsanalyse (Cookies)<\/strong>: Wir verarbeiten Navigationsdaten zu statistischen Zwecken, um zu verstehen, wie Nutzer mit der Plattform interagieren und Verbesserungen vorzunehmen.<br> <\/li>\n<\/ol>\n<p> <\/p>\n<h3><strong>WAS IST DIE RECHTSGRUNDLAGE F\u00dcR DIE VERARBEITUNG IHRER DATEN?<\/strong><\/h3>\n<p>Anfragen: So lange wie n\u00f6tig, um die Anfrage zu bearbeiten, danach f\u00fcr 1 Jahr.<br><\/p>\n<ol>\n<li> <strong>Informationsanfragen<\/strong>: Informierte Einwilligung zur Beantwortung der gestellten Fragen.<\/li>\n<li><strong>Marketing.<br><\/strong>Ihre ausdr\u00fcckliche Einwilligung.<\/li>\n<li><strong>Soziale Netzwerke:<\/strong> Einwilligung zur Beantwortung von Anfragen und durch den Akt des \u201eFolgens\u201c.<br><\/li>\n<li><strong>Analyse (Cookies)<\/strong>: Einwilligung des Nutzers zur Implementierung von Cookies.<br><\/li>\n<\/ol>\n<p> <\/p>\n<h3><strong>WIE LANGE BEWAHREN WIR IHRE DATEN AUF?<\/strong><\/h3>\n<ol>\n<li><strong>Anfragen:<\/strong> So lange wie n\u00f6tig, um die Anfrage zu bearbeiten, danach f\u00fcr 1 Jahr.<br><\/li>\n<li><strong>Marketing<br><\/strong>Bis Sie sich vom Newsletter abmelden.<\/li>\n<li><strong>Soziale Netzwerke<\/strong>: So lange wie n\u00f6tig zur Bearbeitung Ihrer Anfrage und solange Sie unserem Profil folgen.<br><\/li>\n<li><strong>Cookies<\/strong>: Gem\u00e4\u00df den Bestimmungen der Cookie-Richtlinie.<br><\/li>\n<\/ol>\n<p> <\/p>\n<h3><strong>GEBEN WIR IHRE DATEN AN DRITTE WEITER?<\/strong><\/h3>\n<p>Personenbezogene Daten werden nicht an Dritte weitergegeben, au\u00dfer bei gesetzlicher Verpflichtung, ausdr\u00fccklicher Einwilligung oder berechtigtem Interesse. Wir sind in folgenden Netzwerken pr\u00e4sent: Facebook, LinkedIn, Twitter und YouTube. Diese Website ist nicht verantwortlich f\u00fcr die Datennutzung durch diese Netzwerke. Bitte lesen Sie deren Datenschutzrichtlinien: <\/p>\n<ul>\n<li>Facebook: <a href=\"https:\/\/es-es.facebook.com\/privacy\/explanation\">https:\/\/es-es.facebook.com\/privacy\/explanation<\/a><\/li>\n<li>LinkedIn: <a href=\"https:\/\/es.linkedin.com\/legal\/privacy-policy\">https:\/\/es.linkedin.com\/legal\/privacy-policy<\/a><\/li>\n<li>YouTube: <a href=\"https:\/\/www.youtube.com\/intl\/es\/about\/policies\/#community-guidelines\">https:\/\/www.youtube.com\/intl\/es\/about\/policies\/#community-guidelines<\/a><\/li>\n<li>Twitter: <a href=\"https:\/\/twitter.com\/es\/privacy\">https:\/\/twitter.com\/es\/privacy<\/a><\/li>\n<\/ul>\n<p>Bevor Sie auf die Logos der sozialen Netzwerke klicken, k\u00f6nnen Sie sich \u00fcber die Datenverarbeitung informieren; die Weiterleitung erfolgt freiwillig.<br><br><br>Otros servicios tecnol\u00f3gicos:  <\/p>\n<ul>\n<li>WhatsApp: <a href=\"https:\/\/www.whatsapp.com\/legal\/updates\/privacy-policy\/?lang=es\">https:\/\/www.whatsapp.com\/legal\/updates\/privacy-policy\/?lang=es<\/a><\/li>\n<\/ul>\n<p> <\/p>\n<h3>WELCHE RECHTE HABEN SIE?<br><\/h3>\n<p>Wir verpflichten uns zur Vertraulichkeit. Sie k\u00f6nnen Ihre Rechte kostenlos per E-Mail an gestion@destinybybergen.com aus\u00fcben. Sie haben das Recht auf:<br>Auskunft \u00fcber Ihre bei uns gespeicherten Daten.<br>Berichtigung Ihrer Daten (Sie garantieren deren Richtigkeit).<br>L\u00f6schung, wenn die Daten f\u00fcr den Zweck nicht mehr erforderlich sind.<br>Einschr\u00e4nkung der Verarbeitung in bestimmten F\u00e4llen.<br>Daten\u00fcbertragbarkeit in einem g\u00e4ngigen Format.<br>Widerspruch bei Verarbeitung aufgrund berechtigten Interesses.<br>Beschwerde bei der zust\u00e4ndigen Aufsichtsbeh\u00f6rde<br> <a href=\"https:\/\/www.agpd.es\/portalwebAGPD\/index-ides-idphp.php\">https:\/\/www.agpd.es\/portalwebAGPD\/index-ides-idphp.php<\/a>    <\/p>\n<p> <\/p>\n<h3><strong>\u00c4NDERUNGEN DER DATENSCHUTZERKL\u00c4RUNG.<\/strong><\/h3>\n<p> Wir k\u00f6nnen diese Informationen bei Bedarf \u00e4ndern. Bei wesentlichen \u00c4nderungen benachrichtigen wir Sie \u00fcber die Plattform oder per E-Mail.<br> <\/p>\n<p> <\/p>\n<h3><strong>INFORMATIONEN \u00dcBER COOKIES<\/strong><\/h3>\n<p class=\"wp-block-heading\">Wir verwenden Cookies, um die Navigation zu erleichtern und ggf. Werbung basierend auf Ihren Surfgewohnheiten anzuzeigen. Details finden Sie in unserer Cookie-Richtlinie. <\/p>\t\t\t\t\t\t\t\t<\/div>\n\t\t\t\t<\/div>\n\t\t\t\t\t<\/div>\n\t\t\t\t<\/div>\n\t\t<div class=\"elementor-element elementor-element-b65e4b8 e-flex e-con-boxed parallax_section_no qode_elementor_container_no e-con e-parent\" data-id=\"b65e4b8\" data-element_type=\"container\" data-e-type=\"container\">\n\t\t\t\t\t<div class=\"e-con-inner\">\n\t\t<div class=\"elementor-element elementor-element-776753b e-con-full e-flex parallax_section_no qode_elementor_container_no e-con e-child\" data-id=\"776753b\" data-element_type=\"container\" data-e-type=\"container\">\n\t\t\t\t<div class=\"elementor-element elementor-element-974625f elementor-widget-divider--view-line elementor-widget elementor-widget-divider\" data-id=\"974625f\" data-element_type=\"widget\" data-e-type=\"widget\" data-widget_type=\"divider.default\">\n\t\t\t\t<div class=\"elementor-widget-container\">\n\t\t\t\t\t\t\t<div class=\"elementor-divider\">\n\t\t\t<span class=\"elementor-divider-separator\">\n\t\t\t\t\t\t<\/span>\n\t\t<\/div>\n\t\t\t\t\t\t<\/div>\n\t\t\t\t<\/div>\n\t\t\t\t<\/div>\n\t\t\t\t\t<\/div>\n\t\t\t\t<\/div>\n\t\t<div class=\"elementor-element elementor-element-161211e e-flex e-con-boxed parallax_section_no qode_elementor_container_no e-con e-parent\" data-id=\"161211e\" data-element_type=\"container\" data-e-type=\"container\">\n\t\t\t\t\t<div class=\"e-con-inner\">\n\t\t<div class=\"elementor-element elementor-element-4bce4c3 e-con-full e-flex parallax_section_no qode_elementor_container_no e-con e-child\" data-id=\"4bce4c3\" data-element_type=\"container\" data-e-type=\"container\">\n\t\t<div class=\"elementor-element elementor-element-f5d38ff e-con-full e-flex parallax_section_no qode_elementor_container_no e-con e-child\" data-id=\"f5d38ff\" data-element_type=\"container\" data-e-type=\"container\">\n\t\t<div class=\"elementor-element elementor-element-c31de0f e-con-full e-flex parallax_section_no qode_elementor_container_no e-con e-child\" data-id=\"c31de0f\" data-element_type=\"container\" data-e-type=\"container\">\n\t\t\t\t<div class=\"elementor-element elementor-element-f62b0d8 elementor-widget elementor-widget-image\" data-id=\"f62b0d8\" data-element_type=\"widget\" data-e-type=\"widget\" data-widget_type=\"image.default\">\n\t\t\t\t<div class=\"elementor-widget-container\">\n\t\t\t\t\t\t\t\t\t\t\t\t\t\t\t<img decoding=\"async\" width=\"215\" height=\"209\" src=\"https:\/\/destinybybergen.com\/wp-content\/uploads\/2025\/02\/logo-positivo.webp\" class=\"attachment-medium_large size-medium_large wp-image-3283\" alt=\"logo\" \/>\t\t\t\t\t\t\t\t\t\t\t\t\t\t\t<\/div>\n\t\t\t\t<\/div>\n\t\t\t\t<\/div>\n\t\t<div class=\"elementor-element elementor-element-4a6224f e-con-full e-flex parallax_section_no qode_elementor_container_no e-con e-child\" data-id=\"4a6224f\" data-element_type=\"container\" data-e-type=\"container\">\n\t\t\t\t<div class=\"elementor-element elementor-element-07680b7 elementor-widget elementor-widget-text-editor\" data-id=\"07680b7\" data-element_type=\"widget\" data-e-type=\"widget\" data-widget_type=\"text-editor.default\">\n\t\t\t\t<div class=\"elementor-widget-container\">\n\t\t\t\t\t\t\t\t\t<p><span data-mce-type=\"bookmark\" style=\"display: inline-block; width: 0px; overflow: hidden; line-height: 0;\" class=\"mce_SELRES_start\"><\/span><strong>BESUCHEN SIE UNSER VERKAUFSB\u00dcRO<\/strong><\/p><p class=\"has-text-align-center\">Partida Buena Vista, 10 &#8211; La Nuc\u00eda<\/p><p class=\"has-text-align-center\">Tel: <a href=\"tel:0034697635908\">+34 697 63 59 08<\/a><\/p>\n<p class=\"has-text-align-center\">Tel: <a href=\"tel:442045860724\">+44 2045860724<\/a><\/p><p>E-Mail-Adresse: <a href=\"mailto:hola@destinybybergen.com\">hola@destinybybergen.com<\/a><\/p>\t\t\t\t\t\t\t\t<\/div>\n\t\t\t\t<\/div>\n\t\t\t\t<\/div>\n\t\t<div class=\"elementor-element elementor-element-7487a47 e-con-full e-flex parallax_section_no qode_elementor_container_no e-con e-child\" data-id=\"7487a47\" data-element_type=\"container\" data-e-type=\"container\">\n\t\t\t\t<div class=\"elementor-element elementor-element-157608c elementor-widget elementor-widget-image\" data-id=\"157608c\" data-element_type=\"widget\" data-e-type=\"widget\" data-widget_type=\"image.default\">\n\t\t\t\t<div class=\"elementor-widget-container\">\n\t\t\t\t\t\t\t\t\t\t\t\t\t\t\t\t<a href=\"https:\/\/assetlighthouse.com\/\" target=\"_blank\">\n\t\t\t\t\t\t\t<img fetchpriority=\"high\" decoding=\"async\" width=\"488\" height=\"165\" src=\"https:\/\/destinybybergen.com\/wp-content\/uploads\/2025\/05\/logotipo-cabecera.webp\" class=\"attachment-large size-large wp-image-3284\" alt=\"logotipo cabecera\" srcset=\"https:\/\/destinybybergen.com\/wp-content\/uploads\/2025\/05\/logotipo-cabecera.webp 488w, https:\/\/destinybybergen.com\/wp-content\/uploads\/2025\/05\/logotipo-cabecera-300x101.webp 300w\" sizes=\"(max-width: 488px) 100vw, 488px\" \/>\t\t\t\t\t\t\t\t<\/a>\n\t\t\t\t\t\t\t\t\t\t\t\t\t\t\t<\/div>\n\t\t\t\t<\/div>\n\t\t\t\t<\/div>\n\t\t\t\t<\/div>\n\t\t\t\t<\/div>\n\t\t\t\t\t<\/div>\n\t\t\t\t<\/div>\n\t\t\t\t<\/div>\n\t\t","protected":false},"excerpt":{"rendered":"<p>DATENSCHUTZERKL\u00c4RUNG UND DATENSCHUTZ DATENSCHUTZERKL\u00c4RUNGWER IST F\u00dcR DIE VERARBEITUNG IHRER DATEN VERANTWORTLICH?WELCHE ARTEN VON DATEN VERARBEITEN WIR?ZU WELCHEM ZWECK VERARBEITEN WIR IHRE PERSONENBEZOGENEN DATEN?WAS IST DIE RECHTSGRUNDLAGE F\u00dcR DIE VERARBEITUNG IHRER DATEN?WIE LANGE BEWAHREN WIR IHRE DATEN AUF?GEBEN WIR IHRE DATEN AN DRITTE WEITER?WELCHE RECHTE HABEN&#8230;<\/p>\n","protected":false},"author":6,"featured_media":0,"parent":0,"menu_order":0,"comment_status":"closed","ping_status":"open","template":"","meta":{"_monsterinsights_skip_tracking":false,"_monsterinsights_sitenote_active":false,"_monsterinsights_sitenote_note":"","_monsterinsights_sitenote_category":0,"_uf_show_specific_survey":0,"_uf_disable_surveys":false,"footnotes":""},"class_list":["post-4106","page","type-page","status-publish","hentry"],"aioseo_notices":[],"_links":{"self":[{"href":"https:\/\/destinybybergen.com\/de\/wp-json\/wp\/v2\/pages\/4106","targetHints":{"allow":["GET"]}}],"collection":[{"href":"https:\/\/destinybybergen.com\/de\/wp-json\/wp\/v2\/pages"}],"about":[{"href":"https:\/\/destinybybergen.com\/de\/wp-json\/wp\/v2\/types\/page"}],"author":[{"embeddable":true,"href":"https:\/\/destinybybergen.com\/de\/wp-json\/wp\/v2\/users\/6"}],"replies":[{"embeddable":true,"href":"https:\/\/destinybybergen.com\/de\/wp-json\/wp\/v2\/comments?post=4106"}],"version-history":[{"count":1,"href":"https:\/\/destinybybergen.com\/de\/wp-json\/wp\/v2\/pages\/4106\/revisions"}],"predecessor-version":[{"id":4107,"href":"https:\/\/destinybybergen.com\/de\/wp-json\/wp\/v2\/pages\/4106\/revisions\/4107"}],"wp:attachment":[{"href":"https:\/\/destinybybergen.com\/de\/wp-json\/wp\/v2\/media?parent=4106"}],"curies":[{"name":"wp","href":"https:\/\/api.w.org\/{rel}","templated":true}]}}