{"id":4068,"date":"2025-10-01T18:50:35","date_gmt":"2025-10-01T18:50:35","guid":{"rendered":"https:\/\/destinybybergen.com\/mentions-legales\/"},"modified":"2026-02-10T14:58:45","modified_gmt":"2026-02-10T14:58:45","slug":"mentions-legales","status":"publish","type":"page","link":"https:\/\/destinybybergen.com\/fr\/mentions-legales\/","title":{"rendered":"Mentions l\u00e9gales"},"content":{"rendered":"\t\t<div data-elementor-type=\"wp-page\" data-elementor-id=\"4068\" class=\"elementor elementor-4068 elementor-2866\" data-elementor-post-type=\"page\">\n\t\t\t\t<div class=\"elementor-element elementor-element-7409e64d e-flex e-con-boxed parallax_section_no qode_elementor_container_no e-con e-parent\" data-id=\"7409e64d\" data-element_type=\"container\" data-e-type=\"container\">\n\t\t\t\t\t<div class=\"e-con-inner\">\n\t\t\t\t<div class=\"elementor-element elementor-element-167905d0 elementor-widget elementor-widget-text-editor\" data-id=\"167905d0\" data-element_type=\"widget\" data-e-type=\"widget\" data-widget_type=\"text-editor.default\">\n\t\t\t\t<div class=\"elementor-widget-container\">\n\t\t\t\t\t\t\t\t\t<p>Veuillez lire attentivement toutes les sections des pr\u00e9sentes mentions l\u00e9gales avant d&rsquo;utiliser ce site web. Les conditions suivantes sont contraignantes pour tout utilisateur de ce site.<br>Conform\u00e9ment \u00e0 l&rsquo;obligation d&rsquo;information pr\u00e9vue par la loi 34\/2002 sur les services de la soci\u00e9t\u00e9 de l&rsquo;information et le commerce \u00e9lectronique (LSSI-CE) du 11 juillet, les informations g\u00e9n\u00e9rales suivantes concernant ce site web sont fournies ci-dessous.<br>Le but de ce texte est de vous expliquer en d\u00e9tail les fonctionnalit\u00e9s de ce site web et de vous fournir des informations relatives au propri\u00e9taire du site web et \u00e0 la finalit\u00e9 des contenus qui y sont inclus. <\/p><p> <\/p><h3 data-prosemirror-content-type=\"node\" data-prosemirror-node-name=\"paragraph\" data-prosemirror-node-block=\"true\"><strong data-prosemirror-content-type=\"mark\" data-prosemirror-mark-name=\"strong\">DONN\u00c9ES D&rsquo;IDENTIFICATION<\/strong><\/h3><p>Les pr\u00e9sentes mentions l\u00e9gales r\u00e9gissent l&rsquo;utilisation du service du site web, vous informant, conform\u00e9ment \u00e0 la loi 34\/2002 du 11 juillet sur les services de la soci\u00e9t\u00e9 de l&rsquo;information et du commerce \u00e9lectronique, des \u00e9l\u00e9ments suivants&nbsp;:<br><strong>D\u00e9nomination sociale&nbsp;:<\/strong> BERGEN REAL ESTATE LA SERRETA S.L<\/p><p><strong>Si\u00e8ge social&nbsp;:<\/strong> Calle Eucalipto&nbsp;25<\/p><p data-prosemirror-content-type=\"node\" data-prosemirror-node-name=\"paragraph\" data-prosemirror-node-block=\"true\"><strong>Adresse \u00e9lectronique&nbsp;:<\/strong> gestion@destinybybergen.com<br><strong>T\u00e9l\u00e9phone de contact&nbsp;:<\/strong> 965064881. <br><strong>Code d&rsquo;identification fiscale (CIF)&nbsp;:<\/strong> B19797570<\/p><p data-prosemirror-content-type=\"node\" data-prosemirror-node-name=\"paragraph\" data-prosemirror-node-block=\"true\"> <\/p><h3 data-prosemirror-content-type=\"node\" data-prosemirror-node-name=\"paragraph\" data-prosemirror-node-block=\"true\"><strong data-prosemirror-content-type=\"mark\" data-prosemirror-mark-name=\"strong\">UTILISATION DU SITE WEB ET OBLIGATIONS DES UTILISATEURS<\/strong><\/h3><p>L&rsquo;utilisateur s&rsquo;engage \u00e0 utiliser le site web, son contenu et ses services, sans enfreindre la l\u00e9gislation en vigueur, les usages g\u00e9n\u00e9ralement accept\u00e9s et l&rsquo;ordre public. L&rsquo;utilisation du site web \u00e0 des fins ill\u00e9gales ou pr\u00e9judiciables \u00e0 BERGEN REAL ESTATE LA SERRETA S.L <\/p><p>  ou \u00e0 un tiers, qui, de quelque mani\u00e8re que ce soit, pourrait causer un pr\u00e9judice ou emp\u00eacher l&rsquo;utilisation normale du site web, est interdite.<br>BERGEN REAL ESTATE LA SERRETA S.L garantit que les contenus et services propos\u00e9s par le portail respectent le principe de dignit\u00e9 de la personne, de protection de la jeunesse et de l&rsquo;enfance, de non-discrimination fond\u00e9e sur la race, le sexe, la religion, l&rsquo;opinion, la nationalit\u00e9, le handicap ou tout autre aspect personnel et social.<br>Les pr\u00e9sentes conditions g\u00e9n\u00e9rales d&rsquo;utilisation du site web ne conf\u00e8rent \u00e0 l&rsquo;utilisateur aucun autre droit d&rsquo;utilisation, de modification, d&rsquo;exploitation, de reproduction, de distribution ou de communication publique des contenus du site web autres que ceux express\u00e9ment pr\u00e9vus ici.<br>Les contenus (informations, fichiers audio et\/ou image, photographies, dessins, etc.) recueillis sur le portail sont la propri\u00e9t\u00e9 de BERGEN REAL ESTATE LA SERRETA S.L ou celle-ci est d\u00fbment autoris\u00e9e \u00e0 les diffuser par leurs propri\u00e9taires l\u00e9gitimes.<br>BERGEN REAL ESTATE LA SERRETA S.L s&rsquo;engage \u00e0 ne pas faire de publicit\u00e9 trompeuse et, par cons\u00e9quent, ce qui suit est interdit&nbsp;:<\/p><ul><li>L&rsquo;utilisation \u00e0 des fins commerciales ou publicitaires de toute nature, autres que celles strictement autoris\u00e9es.<\/li><li>Sa reproduction, publication, distribution ou modification, totale ou partielle, \u00e0 moins d&rsquo;avoir obtenu l&rsquo;autorisation pr\u00e9alable et \u00e9crite de ses propri\u00e9taires l\u00e9gitimes ou que cela ne soit l\u00e9galement autoris\u00e9.<\/li><li>Toute violation des droits de BERGEN REAL ESTATE LA SERRETA S.L ou de ses propri\u00e9taires l\u00e9gitimes sur ceux-ci.<\/li><\/ul><p> <\/p><h3 data-prosemirror-content-type=\"node\" data-prosemirror-node-name=\"paragraph\" data-prosemirror-node-block=\"true\"><strong data-prosemirror-content-type=\"mark\" data-prosemirror-mark-name=\"strong\">PROPRI\u00c9T\u00c9 INTELLECTUELLE ET INDUSTRIELLE<\/strong><\/h3><p>L&rsquo;utilisateur reconna\u00eet et accepte que tous les droits de propri\u00e9t\u00e9 industrielle et intellectuelle sur les contenus et\/ou tout autre \u00e9l\u00e9ment ins\u00e9r\u00e9 sur le site web appartiennent \u00e0 BERGEN REAL ESTATE LA SERRETA S.L ou que celle-ci est d\u00fbment autoris\u00e9e \u00e0 les diffuser sur le pr\u00e9sent site web.<br>Dans le cas o\u00f9 un utilisateur ou un tiers consid\u00e8re qu&rsquo;il y a eu violation de ses droits de propri\u00e9t\u00e9 intellectuelle l\u00e9gitimes en raison de l&rsquo;introduction d&rsquo;un certain contenu sur le site web, il doit notifier cette circonstance \u00e0 BERGEN REAL ESTATE LA SERRETA S.L en indiquant&nbsp;:<\/p><ul><li>Les donn\u00e9es du titulaire des droits pr\u00e9tendument viol\u00e9s, ou indiquer la repr\u00e9sentation avec laquelle il agit si la r\u00e9clamation est pr\u00e9sent\u00e9e par un tiers autre que la personne concern\u00e9e.<\/li><li>Indiquer les contenus prot\u00e9g\u00e9s par les droits de propri\u00e9t\u00e9 intellectuelle et leur emplacement sur le web, l&rsquo;accr\u00e9ditation des droits de propri\u00e9t\u00e9 intellectuelle indiqu\u00e9s et une d\u00e9claration expresse dans laquelle la personne concern\u00e9e se responsabilise de la v\u00e9racit\u00e9 des informations fournies dans la notification.<\/li><\/ul><p> <\/p><h3 data-prosemirror-content-type=\"node\" data-prosemirror-node-name=\"paragraph\" data-prosemirror-node-block=\"true\"><strong data-prosemirror-content-type=\"mark\" data-prosemirror-mark-name=\"strong\">LIENS<\/strong><\/h3><p>Le pr\u00e9sent site web fournit des liens vers d&rsquo;autres sites web propres et des contenus qui sont la propri\u00e9t\u00e9 de tiers.<br>Le seul but des liens est de fournir \u00e0 l&rsquo;utilisateur la possibilit\u00e9 d&rsquo;acc\u00e9der \u00e0 ces liens. BERGEN REAL ESTATE LA SERRETA S.L n&rsquo;est en aucun cas responsable des r\u00e9sultats qui pourraient d\u00e9couler pour l&rsquo;utilisateur de l&rsquo;acc\u00e8s \u00e0 ces liens.<br>L&rsquo;utilisateur qui se propose d&rsquo;\u00e9tablir un dispositif technique de lien depuis son site web vers le portail doit obtenir l&rsquo;autorisation pr\u00e9alable et \u00e9crite de BERGEN REAL ESTATE LA SERRETA S.L L&rsquo;\u00e9tablissement du lien n&rsquo;implique en aucun cas l&rsquo;existence de relations entre BERGEN REAL ESTATE LA SERRETA S.L et le propri\u00e9taire du site sur lequel le lien est \u00e9tabli, ni l&rsquo;acceptation ou l&rsquo;approbation de la part de <\/p><p> <\/p><p>Le site web sur lequel le lien est \u00e9tabli ne contiendra aucune marque, d\u00e9nomination, logo, slogan ou autres signes distinctifs appartenant \u00e0 BERGEN REAL ESTATE LA SERRETA S.L, \u00e0 l&rsquo;exception de ceux express\u00e9ment autoris\u00e9s.<\/p><p> <\/p><h3 data-prosemirror-content-type=\"node\" data-prosemirror-node-name=\"paragraph\" data-prosemirror-node-block=\"true\"><strong data-prosemirror-content-type=\"mark\" data-prosemirror-mark-name=\"strong\">MODIFICATION UNILAT\u00c9RALE ET DUR\u00c9E<\/strong><\/h3><p>BERGEN REAL ESTATE LA SERRETA S.L se r\u00e9serve le droit de modifier, \u00e0 tout moment et sans pr\u00e9avis, la pr\u00e9sentation et la configuration du site web ainsi que les pr\u00e9sentes mentions l\u00e9gales.<br>EXCLUSION DE GARANTIES ET DE RESPONSABILIT\u00c9<br>BERGEN REAL ESTATE LA SERRETA S.L n&rsquo;accorde aucune garantie et ne se tient responsable, en aucun cas, des dommages et pr\u00e9judices de toute nature qui pourraient d\u00e9couler de&nbsp;:<\/p><ul><li>Le manque de disponibilit\u00e9, de maintenance et de fonctionnement effectif du web et\/ou de ses services ou contenus.<\/li><li>L&rsquo;existence de virus, de programmes malveillants ou nuisibles dans les contenus.<\/li><li>L&rsquo;utilisation illicite, n\u00e9gligente, frauduleuse, contraire aux pr\u00e9sentes conditions, \u00e0 la bonne foi, aux usages g\u00e9n\u00e9ralement accept\u00e9s ou \u00e0 l&rsquo;ordre public, du site web, de ses services ou contenus, par les utilisateurs.<\/li><\/ul><p> <\/p><h3 data-prosemirror-content-type=\"node\" data-prosemirror-node-name=\"paragraph\" data-prosemirror-node-block=\"true\"><strong data-prosemirror-content-type=\"mark\" data-prosemirror-mark-name=\"strong\">TRAITEMENT DES DONN\u00c9ES PERSONNELLES<\/strong><\/h3><p>BERGEN REAL ESTATE LA SERRETA S.L, tel que cela est indiqu\u00e9 dans sa \u00ab&nbsp;POLITIQUE DE CONFIDENTIALIT\u00c9&nbsp;\u00bb que vous pouvez consulter sur ce site web, a adopt\u00e9 les niveaux de s\u00e9curit\u00e9 adapt\u00e9s aux donn\u00e9es qu&rsquo;elle traite et g\u00e8re, en int\u00e9grant tous les moyens et mesures techniques \u00e0 sa port\u00e9e pour garantir leur confidentialit\u00e9, \u00e9viter leur mauvaise utilisation, leur perte, leur alt\u00e9ration, leur acc\u00e8s non autoris\u00e9 et leur vol.<\/p><h3 data-prosemirror-content-type=\"node\" data-prosemirror-node-name=\"paragraph\" data-prosemirror-node-block=\"true\"> <\/h3><h3 data-prosemirror-content-type=\"node\" data-prosemirror-node-name=\"paragraph\" data-prosemirror-node-block=\"true\"><strong data-prosemirror-content-type=\"mark\" data-prosemirror-mark-name=\"strong\">L\u00c9GISLATION APPLICABLE ET JURIDICTION<\/strong><\/h3><p>Pour la r\u00e9solution de tous les litiges ou questions li\u00e9s au pr\u00e9sent site web ou aux activit\u00e9s qui y sont men\u00e9es, la l\u00e9gislation espagnole sera applicable, \u00e0 laquelle les parties se soumettent express\u00e9ment, les tribunaux du domicile du demandeur qui s&rsquo;identifie comme consommateur \u00e9tant comp\u00e9tents pour la r\u00e9solution de tous les conflits d\u00e9coulant de ou li\u00e9s \u00e0 son utilisation, dans le cas contraire, les tribunaux comp\u00e9tents seront ceux de la ville de Torrevieja (Espagne).<\/p><p> <\/p><h3 data-prosemirror-content-type=\"node\" data-prosemirror-node-name=\"paragraph\" data-prosemirror-node-block=\"true\"><strong data-prosemirror-content-type=\"mark\" data-prosemirror-mark-name=\"strong\">CONTACT<\/strong><\/h3><p>Si un utilisateur a des questions concernant les pr\u00e9sentes mentions l\u00e9gales ou des commentaires \u00e0 leur sujet, il peut s&rsquo;adresser \u00e0 gestion@destinybybergen.com ou envoyer une communication \u00e9crite \u00e0 l&rsquo;adresse indiqu\u00e9e en en-t\u00eate.<\/p>\t\t\t\t\t\t\t\t<\/div>\n\t\t\t\t<\/div>\n\t\t\t\t\t<\/div>\n\t\t\t\t<\/div>\n\t\t<div class=\"elementor-element elementor-element-b65e4b8 e-flex e-con-boxed parallax_section_no qode_elementor_container_no e-con e-parent\" data-id=\"b65e4b8\" data-element_type=\"container\" data-e-type=\"container\">\n\t\t\t\t\t<div class=\"e-con-inner\">\n\t\t<div class=\"elementor-element elementor-element-776753b e-con-full e-flex parallax_section_no qode_elementor_container_no e-con e-child\" data-id=\"776753b\" data-element_type=\"container\" data-e-type=\"container\">\n\t\t\t\t<div class=\"elementor-element elementor-element-974625f elementor-widget-divider--view-line elementor-widget elementor-widget-divider\" data-id=\"974625f\" data-element_type=\"widget\" data-e-type=\"widget\" data-widget_type=\"divider.default\">\n\t\t\t\t<div class=\"elementor-widget-container\">\n\t\t\t\t\t\t\t<div class=\"elementor-divider\">\n\t\t\t<span class=\"elementor-divider-separator\">\n\t\t\t\t\t\t<\/span>\n\t\t<\/div>\n\t\t\t\t\t\t<\/div>\n\t\t\t\t<\/div>\n\t\t\t\t<\/div>\n\t\t\t\t\t<\/div>\n\t\t\t\t<\/div>\n\t\t<div class=\"elementor-element elementor-element-161211e e-flex e-con-boxed parallax_section_no qode_elementor_container_no e-con e-parent\" data-id=\"161211e\" data-element_type=\"container\" data-e-type=\"container\">\n\t\t\t\t\t<div class=\"e-con-inner\">\n\t\t<div class=\"elementor-element elementor-element-4bce4c3 e-con-full e-flex parallax_section_no qode_elementor_container_no e-con e-child\" data-id=\"4bce4c3\" data-element_type=\"container\" data-e-type=\"container\">\n\t\t<div class=\"elementor-element elementor-element-f5d38ff e-con-full e-flex parallax_section_no qode_elementor_container_no e-con e-child\" data-id=\"f5d38ff\" data-element_type=\"container\" data-e-type=\"container\">\n\t\t<div class=\"elementor-element elementor-element-c31de0f e-con-full e-flex parallax_section_no qode_elementor_container_no e-con e-child\" data-id=\"c31de0f\" data-element_type=\"container\" data-e-type=\"container\">\n\t\t\t\t<div class=\"elementor-element elementor-element-f62b0d8 elementor-widget elementor-widget-image\" data-id=\"f62b0d8\" data-element_type=\"widget\" data-e-type=\"widget\" data-widget_type=\"image.default\">\n\t\t\t\t<div class=\"elementor-widget-container\">\n\t\t\t\t\t\t\t\t\t\t\t\t\t\t\t<img decoding=\"async\" width=\"215\" height=\"209\" src=\"https:\/\/destinybybergen.com\/wp-content\/uploads\/2025\/02\/logo-positivo.webp\" class=\"attachment-medium_large size-medium_large wp-image-3184\" alt=\"logo\" \/>\t\t\t\t\t\t\t\t\t\t\t\t\t\t\t<\/div>\n\t\t\t\t<\/div>\n\t\t\t\t<\/div>\n\t\t<div class=\"elementor-element elementor-element-4a6224f e-con-full e-flex parallax_section_no qode_elementor_container_no e-con e-child\" data-id=\"4a6224f\" data-element_type=\"container\" data-e-type=\"container\">\n\t\t\t\t<div class=\"elementor-element elementor-element-07680b7 elementor-widget elementor-widget-text-editor\" data-id=\"07680b7\" data-element_type=\"widget\" data-e-type=\"widget\" data-widget_type=\"text-editor.default\">\n\t\t\t\t<div class=\"elementor-widget-container\">\n\t\t\t\t\t\t\t\t\t<p><span data-mce-type=\"bookmark\" style=\"display: inline-block; width: 0px; overflow: hidden; line-height: 0;\" class=\"mce_SELRES_start\"><\/span><strong>VISITEZ NOTRE BUREAU DE VENTE<\/strong><\/p><p class=\"has-text-align-center\">Partida Buena Vista, 10 &#8211; La Nuc\u00eda<\/p><p class=\"has-text-align-center\">Tel: <a href=\"tel:0034697635908\">+34 697 63 59 08<\/a><\/p>\n<p class=\"has-text-align-center\">Tel: <a href=\"tel:442045860724\">+44 2045860724<\/a><\/p><p>E-mail: <a href=\"mailto:hola@destinybybergen.com\">hola@destinybybergen.com<\/a><\/p>\t\t\t\t\t\t\t\t<\/div>\n\t\t\t\t<\/div>\n\t\t\t\t<\/div>\n\t\t<div class=\"elementor-element elementor-element-7487a47 e-con-full e-flex parallax_section_no qode_elementor_container_no e-con e-child\" data-id=\"7487a47\" data-element_type=\"container\" data-e-type=\"container\">\n\t\t\t\t<div class=\"elementor-element elementor-element-157608c elementor-widget elementor-widget-image\" data-id=\"157608c\" data-element_type=\"widget\" data-e-type=\"widget\" data-widget_type=\"image.default\">\n\t\t\t\t<div class=\"elementor-widget-container\">\n\t\t\t\t\t\t\t\t\t\t\t\t\t\t\t\t<a href=\"https:\/\/assetlighthouse.com\/\" target=\"_blank\">\n\t\t\t\t\t\t\t<img fetchpriority=\"high\" decoding=\"async\" width=\"488\" height=\"165\" src=\"https:\/\/destinybybergen.com\/wp-content\/uploads\/2025\/05\/logotipo-cabecera.webp\" class=\"attachment-large size-large wp-image-3185\" alt=\"logotipo cabecera\" srcset=\"https:\/\/destinybybergen.com\/wp-content\/uploads\/2025\/05\/logotipo-cabecera.webp 488w, https:\/\/destinybybergen.com\/wp-content\/uploads\/2025\/05\/logotipo-cabecera-300x101.webp 300w\" sizes=\"(max-width: 488px) 100vw, 488px\" \/>\t\t\t\t\t\t\t\t<\/a>\n\t\t\t\t\t\t\t\t\t\t\t\t\t\t\t<\/div>\n\t\t\t\t<\/div>\n\t\t\t\t<\/div>\n\t\t\t\t<\/div>\n\t\t\t\t<\/div>\n\t\t\t\t\t<\/div>\n\t\t\t\t<\/div>\n\t\t\t\t<\/div>\n\t\t","protected":false},"excerpt":{"rendered":"<p>Veuillez lire attentivement toutes les sections des pr\u00e9sentes mentions l\u00e9gales avant d&rsquo;utiliser ce site web. Les conditions suivantes sont contraignantes pour tout utilisateur de ce site.Conform\u00e9ment \u00e0 l&rsquo;obligation d&rsquo;information pr\u00e9vue par la loi 34\/2002 sur les services de la soci\u00e9t\u00e9 de l&rsquo;information et le commerce&#8230;<\/p>\n","protected":false},"author":6,"featured_media":0,"parent":0,"menu_order":0,"comment_status":"closed","ping_status":"closed","template":"","meta":{"_monsterinsights_skip_tracking":false,"_monsterinsights_sitenote_active":false,"_monsterinsights_sitenote_note":"","_monsterinsights_sitenote_category":0,"_uf_show_specific_survey":0,"_uf_disable_surveys":false,"footnotes":""},"class_list":["post-4068","page","type-page","status-publish","hentry"],"aioseo_notices":[],"_links":{"self":[{"href":"https:\/\/destinybybergen.com\/fr\/wp-json\/wp\/v2\/pages\/4068","targetHints":{"allow":["GET"]}}],"collection":[{"href":"https:\/\/destinybybergen.com\/fr\/wp-json\/wp\/v2\/pages"}],"about":[{"href":"https:\/\/destinybybergen.com\/fr\/wp-json\/wp\/v2\/types\/page"}],"author":[{"embeddable":true,"href":"https:\/\/destinybybergen.com\/fr\/wp-json\/wp\/v2\/users\/6"}],"replies":[{"embeddable":true,"href":"https:\/\/destinybybergen.com\/fr\/wp-json\/wp\/v2\/comments?post=4068"}],"version-history":[{"count":1,"href":"https:\/\/destinybybergen.com\/fr\/wp-json\/wp\/v2\/pages\/4068\/revisions"}],"predecessor-version":[{"id":4069,"href":"https:\/\/destinybybergen.com\/fr\/wp-json\/wp\/v2\/pages\/4068\/revisions\/4069"}],"wp:attachment":[{"href":"https:\/\/destinybybergen.com\/fr\/wp-json\/wp\/v2\/media?parent=4068"}],"curies":[{"name":"wp","href":"https:\/\/api.w.org\/{rel}","templated":true}]}}