{"id":4104,"date":"2025-02-03T12:39:44","date_gmt":"2025-02-03T12:39:44","guid":{"rendered":"https:\/\/destinybybergen.com\/politique-de-confidentialite\/"},"modified":"2026-03-09T12:35:49","modified_gmt":"2026-03-09T12:35:49","slug":"politique-de-confidentialite","status":"publish","type":"page","link":"https:\/\/destinybybergen.com\/fr\/politique-de-confidentialite\/","title":{"rendered":"Politique de Confidentialite"},"content":{"rendered":"\t\t<div data-elementor-type=\"wp-page\" data-elementor-id=\"4104\" class=\"elementor elementor-4104 elementor-3\" data-elementor-post-type=\"page\">\n\t\t\t\t<div class=\"elementor-element elementor-element-7409e64d e-flex e-con-boxed parallax_section_no qode_elementor_container_no e-con e-parent\" data-id=\"7409e64d\" data-element_type=\"container\" data-e-type=\"container\">\n\t\t\t\t\t<div class=\"e-con-inner\">\n\t\t\t\t<div class=\"elementor-element elementor-element-167905d0 elementor-widget elementor-widget-text-editor\" data-id=\"167905d0\" data-element_type=\"widget\" data-e-type=\"widget\" data-widget_type=\"text-editor.default\">\n\t\t\t\t<div class=\"elementor-widget-container\">\n\t\t\t\t\t\t\t\t\t<h3><strong><u>POLITIQUE DE CONFIDENTIALIT\u00c9 ET PROTECTION DES DONN\u00c9ES<br><\/u><\/strong><\/h3>\n<p><br><a href=\"https:\/\/www.fernandezynortes.com\/#_Toc530642022\">POLITIQUE DE CONFIDENTIALIT\u00c9<\/a><br><a href=\"https:\/\/www.fernandezynortes.com\/#_Toc530642023\">QUI EST LE RESPONSABLE DU TRAITEMENT DE VOS DONN\u00c9ES ?<\/a><br><a href=\"https:\/\/www.fernandezynortes.com\/#_Toc530642024\">QUEL TYPE DE DONN\u00c9ES TRAITONS-NOUS ?<\/a><br><a href=\"https:\/\/www.fernandezynortes.com\/#_Toc530642025\">DANS QUEL BUT TRAITONS-NOUS VOS DONN\u00c9ES PERSONNELLES ?<\/a><br><a href=\"https:\/\/www.fernandezynortes.com\/#_Toc530642026\">QUELLE EST LA L\u00c9GITIMIT\u00c9 DU TRAITEMENT DE VOS DONN\u00c9ES ?<\/a><br><a href=\"https:\/\/www.fernandezynortes.com\/#_Toc530642027\">PENDANT COMBIEN DE TEMPS CONSERVERONS-NOUS VOS DONN\u00c9ES ?<\/a><br><a href=\"https:\/\/www.fernandezynortes.com\/#_Toc530642028\">PARTAGERONS-NOUS VOS DONN\u00c9ES AVEC DES TIERS ?<\/a><br><a href=\"https:\/\/www.fernandezynortes.com\/#_Toc530642029\">QUELS SONT VOS DROITS LORSQUE VOUS NOUS FOURNISSEZ VOS DONN\u00c9ES ?<\/a><br><a href=\"https:\/\/www.fernandezynortes.com\/#_Toc530642030\">MODIFICATIONS DE LA POLITIQUE DE CONFIDENTIALIT\u00c9.<\/a><br><a href=\"https:\/\/www.fernandezynortes.com\/#_Toc530642031\">INFORMATIONS SUR LES COOKIES<\/a><br> <br><span style=\"color: #000000;\"><strong>BERGEN REAL ESTATE LA SERRETA S.L<\/strong>.<\/span> informe ci-apr\u00e8s de sa politique de confidentialit\u00e9 appliqu\u00e9e aux donn\u00e9es personnelles. L&rsquo;utilisation du site web n&rsquo;implique pas que l&rsquo;utilisateur doive fournir des informations concernant son identit\u00e9, celle-ci ne pouvant \u00eatre associ\u00e9e \u00e0 un utilisateur concret par l&rsquo;entreprise. Dans le cas o\u00f9 des donn\u00e9es \u00e0 caract\u00e8re personnel seraient fournies, ces donn\u00e9es seront collect\u00e9es et utilis\u00e9es conform\u00e9ment aux limitations et aux droits \u00e9nonc\u00e9s dans ladite norme.  <\/p>\n<p> <\/p>\n<h3><strong>POLITIQUE DE CONFIDENTIALIT\u00c9<\/strong><\/h3>\n<h6><strong>QUI EST LE RESPONSABLE DU TRAITEMENT DE VOS DONN\u00c9ES ?<\/strong><\/h6>\n<p>Le <strong><span style=\"color: #000000;\">RESPONSABLE DU TRAITEMENT<\/span><\/strong> de vos donn\u00e9es est : BERGEN REAL ESTATE LA SERRETA S.L.<\/p>\n<p><span style=\"color: #000000;\"><strong>CIF: B19797570<\/strong><\/span><\/p>\n<p><span style=\"color: #000000;\"><strong>Adresse Postale:<\/strong><\/span> Calle Eucalipto 25<\/p>\n<p>CP: 28016 MADRID<\/p>\n<p><span style=\"color: #000000;\"><strong>Courrier \u00e9lectronique<\/strong><\/span>: gestion@destinybybergen.com<\/p>\n<p><strong> <\/strong><\/p>\n<p> <\/p>\n<h3><strong>QUEL TYPE DE DONN\u00c9ES TRAITONS-NOUS ?<\/strong><\/h3>\n<p>Selon les produits, services ou fonctionnalit\u00e9s dont vous souhaitez profiter \u00e0 chaque moment, nous devrons traiter certaines donn\u00e9es ou d&rsquo;autres. En g\u00e9n\u00e9ral, ces donn\u00e9es seront, selon le cas, les suivantes :<br> <\/p>\n<ul>\n<li>Vos donn\u00e9es d&rsquo;identification (Par exemple : votre nom, pr\u00e9nom, langue, pays depuis lequel vous interagissez avec nous, coordonn\u00e9es, etc.)<br><\/li>\n<li>Donn\u00e9es de connexion, de g\u00e9olocalisation et de navigation (si vous interagissez avec nous depuis votre mobile, par exemple).<br><\/li>\n<li>Informations commerciales si vous \u00eates abonn\u00e9 \u00e0 notre newsletter.<br><\/li>\n<li>Donn\u00e9es sur vos go\u00fbts et pr\u00e9f\u00e9rences.<\/li>\n<\/ul>\n<p>N&rsquo;oubliez pas que, lorsque nous vous demandons de remplir vos donn\u00e9es personnelles pour vous donner acc\u00e8s \u00e0 une fonctionnalit\u00e9 ou un service du web, nous marquerons certains champs comme obligatoires, car ce sont des donn\u00e9es dont nous avons besoin pour pouvoir vous fournir le service ou vous donner acc\u00e8s \u00e0 la fonctionnalit\u00e9 en question.<br>Veuillez noter que si vous d\u00e9cidez de ne pas nous fournir ces donn\u00e9es, il est possible que vous ne puissiez pas finaliser votre inscription en tant qu&rsquo;utilisateur ou que vous ne puissiez pas profiter de ces services ou fonctionnalit\u00e9s.<\/p>\n<p> <\/p>\n<h3><strong>DANS QUEL BUT TRAITONS-NOUS VOS DONN\u00c9ES PERSONNELLES ?<\/strong><\/h3>\n<p>Selon la mani\u00e8re dont vous interagissez avec notre site web, nous traiterons vos donn\u00e9es personnelles pour les finalit\u00e9s suivantes :<br><\/p>\n<ol>\n<li><strong>Pour r\u00e9pondre aux demandes ou requ\u00eates que vous effectuez via les diff\u00e9rents moyens int\u00e9gr\u00e9s \u00e0 notre site web<\/strong>. Nous ne traitons que les donn\u00e9es personnelles strictement n\u00e9cessaires pour g\u00e9rer ou r\u00e9soudre votre demande ou requ\u00eate.<br><\/li>\n<li><strong>\u00c0 des fins de marketing<\/strong>. Dans la mesure o\u00f9 vous vous abonnez \u00e0 notre Newsletter, vos donn\u00e9es personnelles seront utilis\u00e9es pour l&rsquo;envoi p\u00e9riodique de bulletins d&rsquo;information de l&rsquo;entreprise. Vous devez vous rappeler que vous pouvez vous d\u00e9sabonner de la Newsletter \u00e0 tout moment et sans frais, en nous contactant via le courrier \u00e9lectronique du responsable du traitement ou en suivant les indications que nous vous proposerons dans chacune de nos communications.<br><\/li>\n<li><strong>Pour la gestion des r\u00e9seaux sociaux.<\/strong> Dans le cas o\u00f9 vous nous suivriez ou nous contacteriez via les diff\u00e9rents r\u00e9seaux sociaux sur lesquels nous sommes pr\u00e9sents, nous traiterons les donn\u00e9es que vous nous fournirez \u00e0 travers ceux-ci dans le seul but de r\u00e9pondre \u00e0 vos messages ou commentaires et pour la gestion de notre liste de contacts.<br> <\/li>\n<li><strong>Analyse d&rsquo;utilisabilit\u00e9 et de qualit\u00e9 pour l&rsquo;am\u00e9lioration de nos services (Cookies)<\/strong>. Si vous acc\u00e9dez \u00e0 notre Plateforme, nous vous informons que nous traiterons vos donn\u00e9es de navigation \u00e0 des fins analytiques et statistiques, c&rsquo;est-\u00e0-dire pour comprendre la mani\u00e8re dont les utilisateurs interagissent avec notre Plateforme et ainsi \u00eatre capables d&rsquo;y apporter des am\u00e9liorations. De m\u00eame, nous r\u00e9alisons parfois des actions et des enqu\u00eates de qualit\u00e9 destin\u00e9es \u00e0 conna\u00eetre le degr\u00e9 de satisfaction de nos clients et utilisateurs et \u00e0 d\u00e9tecter les domaines dans lesquels nous pouvons nous am\u00e9liorer. <\/li>\n<\/ol>\n<p> <\/p>\n<h3><strong>QUELLE EST LA L\u00c9GITIMIT\u00c9 DU TRAITEMENT DE VOS DONN\u00c9ES ?<\/strong><\/h3>\n<p>La base l\u00e9gale qui nous permet de traiter vos donn\u00e9es personnelles d\u00e9pend \u00e9galement de la finalit\u00e9 pour laquelle nous les traitons. Ainsi, nous trouverons diff\u00e9rentes bases l\u00e9gales en vertu des finalit\u00e9s suivantes :<br><\/p>\n<ol>\n<li> R\u00e9ponse aux demandes d&rsquo;information. La base l\u00e9gale pour le traitement de vos donn\u00e9es est le consentement \u00e9clair\u00e9 pour r\u00e9pondre aux questions pos\u00e9es via le site web, ce qui implique l&rsquo;acceptation de ces conditions par l&rsquo;int\u00e9ress\u00e9.<br><\/li>\n<li><strong>Marketing.<br><\/strong>La base l\u00e9gitime pour traiter vos donn\u00e9es \u00e0 des fins de marketing est le consentement que vous donnez.<\/li>\n<li><strong>R\u00e9seaux sociaux<\/strong>. La base de l\u00e9gitimation est le consentement \u00e9clair\u00e9 pour r\u00e9pondre aux questions pos\u00e9es via le r\u00e9seau social, ainsi qu&rsquo;au moment o\u00f9 vous nous suivez et souhaitez faire partie de notre liste de contacts.<br><\/li>\n<li><strong>Analyse d&rsquo;utilisabilit\u00e9 et de qualit\u00e9 (Cookies).<\/strong> Consentement de l&rsquo;utilisateur pour l&rsquo;implantation de cookies.<\/li>\n<\/ol>\n<p> <\/p>\n<h3><strong>PENDANT COMBIEN DE TEMPS CONSERVERONS-NOUS VOS DONN\u00c9ES ?<\/strong><\/h3>\n<ol>\n<li><strong>Demande d&rsquo;information<\/strong>. Nous traiterons vos donn\u00e9es pendant le temps n\u00e9cessaire pour r\u00e9pondre \u00e0 votre demande ou requ\u00eate, puis pendant 1 an suppl\u00e9mentaire.<br><\/li>\n<li><strong>Marketing<br><\/strong>Nous traiterons vos donn\u00e9es jusqu&rsquo;\u00e0 ce que vous demandiez votre d\u00e9sinscription ou annuliez votre abonnement \u00e0 la newsletter.<\/li>\n<li><strong>R\u00e9seaux sociaux<br><\/strong>Nous traiterons vos donn\u00e9es pendant le temps n\u00e9cessaire pour r\u00e9pondre \u00e0 votre demande ou requ\u00eate et tant que vous serez abonn\u00e9 \u00e0 notre profil.<\/li>\n<li><strong>Analyse d&rsquo;utilisabilit\u00e9 et de qualit\u00e9 pour l&rsquo;am\u00e9lioration de nos services (Cookies)<\/strong>. Selon ce qui est \u00e9tabli dans la politique de cookies.<\/li>\n<\/ol>\n<p> <\/p>\n<h3><strong>PARTAGERONS-NOUS VOS DONN\u00c9ES AVEC DES TIERS ?<\/strong><\/h3>\n<p>Les donn\u00e9es personnelles ne seront ni c\u00e9d\u00e9es ni communiqu\u00e9es \u00e0 des tiers, sauf : obligation l\u00e9gale, obtention de votre consentement expr\u00e8s ou si nous comprenons qu&rsquo;il existe un int\u00e9r\u00eat l\u00e9gitime de notre part, qui vous sera d\u00fbment communiqu\u00e9.<br>Cependant, nous vous informons que nous sommes pr\u00e9sents sur les r\u00e9seaux sociaux suivants : Facebook, LinkedIn, Twitter et YouTube, pour tenir nos abonn\u00e9s inform\u00e9s des nouveaut\u00e9s et services de l&rsquo;entreprise.<br>Vous pouvez acc\u00e9der \u00e0 ces r\u00e9seaux sociaux de mani\u00e8re volontaire via les liens disponibles sur le site web lui-m\u00eame ou en y acc\u00e9dant directement par vos propres moyens depuis votre navigateur ou l&rsquo;application install\u00e9e.<br>Sachez que ce site web n&rsquo;est pas responsable de l&rsquo;utilisation des donn\u00e9es que ces r\u00e9seaux sociaux peuvent faire. Cependant, lorsque ces donn\u00e9es sont g\u00e9n\u00e9r\u00e9es sur le r\u00e9seau social et d\u00e9coulent d&rsquo;une interaction avec notre compte officiel, nous serons co-responsables du traitement avec le r\u00e9seau social.<br>Pour pouvoir consentir \u00e0 notre cession depuis ce site web et au traitement effectu\u00e9 sur vos donn\u00e9es, vous devrez lire attentivement la politique de confidentialit\u00e9 du r\u00e9seau social auquel vous souhaitez acc\u00e9der : <\/p>\n<ul>\n<li>Facebook: <a href=\"https:\/\/es-es.facebook.com\/privacy\/explanation\">https:\/\/es-es.facebook.com\/privacy\/explanation<\/a><\/li>\n<li>LinkedIn: <a href=\"https:\/\/es.linkedin.com\/legal\/privacy-policy\">https:\/\/es.linkedin.com\/legal\/privacy-policy<\/a><\/li>\n<li>YouTube: <a href=\"https:\/\/www.youtube.com\/intl\/es\/about\/policies\/#community-guidelines\">https:\/\/www.youtube.com\/intl\/es\/about\/policies\/#community-guidelines<\/a><\/li>\n<li>Twitter: <a href=\"https:\/\/twitter.com\/es\/privacy\">https:\/\/twitter.com\/es\/privacy<\/a><\/li>\n<\/ul>\n<p>De esta manera, antes de pinchar en los logos de las RR. SS. presentes en nuestra p\u00e1gina web, puede informarse y realizar un redireccionamiento con previo conocimiento del tratamiento de sus datos y de manera voluntaria.<br>Otros servicios tecnol\u00f3gicos:  <\/p>\n<ul>\n<li>WhatsApp: <a href=\"https:\/\/www.whatsapp.com\/legal\/updates\/privacy-policy\/?lang=es\">https:\/\/www.whatsapp.com\/legal\/updates\/privacy-policy\/?lang=fr<\/a><\/li>\n<\/ul>\n<p> <\/p>\n<h3>QUELS SONT VOS DROITS LORSQUE VOUS NOUS FOURNISSEZ VOS DONN\u00c9ES ?<\/h3>\n<p>Nous nous engageons \u00e0 respecter la confidentialit\u00e9 de vos donn\u00e9es personnelles et \u00e0 vous garantir l&rsquo;exercice de vos droits. Vous pouvez les exercer sans aucun frais en nous envoyant un e-mail \u00e0 notre adresse gestion@destinybybergen.com, en indiquant simplement le motif de votre demande et le droit que vous souhaitez exercer. Si nous le jugeons n\u00e9cessaire pour pouvoir vous identifier, nous pourrons vous demander une copie d&rsquo;un document prouvant votre identit\u00e9. En particulier, quels que soient la finalit\u00e9 ou la base juridique sur laquelle nous traitons vos donn\u00e9es, vous avez le droit de :<br>Nous demander l&rsquo;acc\u00e8s aux donn\u00e9es dont nous disposons vous concernant.<br>Nous demander de rectifier les donn\u00e9es dont nous disposons d\u00e9j\u00e0. Veuillez noter qu&rsquo;en nous fournissant activement vos donn\u00e9es personnelles par quelque voie que ce soit, vous garantissez qu&rsquo;elles sont vraies et exactes et vous vous engagez \u00e0 nous informer de tout changement ou modification de celles-ci.<br><br> <br>Nous demander de supprimer vos donn\u00e9es dans la mesure o\u00f9 elles ne sont plus n\u00e9cessaires \u00e0 la finalit\u00e9 pour laquelle nous avons besoin de les traiter, comme nous vous en avons inform\u00e9 pr\u00e9c\u00e9demment, ou lorsque nous n&rsquo;avons plus la l\u00e9gitimit\u00e9 pour le faire.<br><br> <br>Nous demander de limiter le traitement de vos donn\u00e9es, ce qui signifie que dans certains cas, vous pouvez nous demander de suspendre temporairement le traitement des donn\u00e9es ou de les conserver au-del\u00e0 du temps n\u00e9cessaire si vous en avez besoin. Si vous nous avez donn\u00e9 votre consentement pour le traitement de vos donn\u00e9es \u00e0 quelque fin que ce soit, vous avez \u00e9galement le droit de le retirer \u00e0 tout moment.<br>Recevoir les donn\u00e9es personnelles vous concernant que vous nous avez fournies, dans un format structur\u00e9, couramment utilis\u00e9 et lisible par machine, ainsi que de les transmettre \u00e0 un autre responsable du traitement.<br>Par ailleurs, lorsque le traitement de vos donn\u00e9es est bas\u00e9 sur notre int\u00e9r\u00eat l\u00e9gitime, vous aurez \u00e9galement le droit de vous opposer au traitement de vos donn\u00e9es.<br>Enfin, nous vous informons de votre droit de d\u00e9poser une r\u00e9clamation aupr\u00e8s de l&rsquo;autorit\u00e9 de contr\u00f4le comp\u00e9tente en mati\u00e8re de protection des donn\u00e9es, en particulier aupr\u00e8s de l&rsquo;Agence Espagnole de Protection des Donn\u00e9es :<br> <a href=\"https:\/\/www.agpd.es\/portalwebAGPD\/index-ides-idphp.php\">https:\/\/www.agpd.es\/portalwebAGPD\/index-ides-idphp.php<\/a>    <\/p>\n<p> <\/p>\n<h3><strong>MODIFICATIONS DE LA POLITIQUE DE CONFIDENTIALIT\u00c9.<\/strong><\/h3>\n<p> Il est possible que nous modifiions les informations contenues dans cette Politique de Confidentialit\u00e9 lorsque nous le jugeons opportun. Si nous le faisons, nous vous en informerons par diff\u00e9rentes voies via la Plateforme, ou nous vous le communiquerons par e-mail si le changement en question est significatif pour votre confidentialit\u00e9, afin que vous puissiez examiner les modifications, les \u00e9valuer et, le cas \u00e9ch\u00e9ant, vous y opposer ou vous d\u00e9sabonner d&rsquo;un service ou d&rsquo;une fonctionnalit\u00e9. <\/p>\n<p> <\/p>\n<h3><strong>INFORMATIONS SUR LES COOKIES<\/strong><\/h3>\n<p class=\"wp-block-heading\">Nous utilisons des cookies et des dispositifs similaires pour faciliter votre navigation sur la Plateforme, savoir comment vous interagissez avec nous et, dans certains cas, pouvoir vous proposer de la publicit\u00e9 en fonction de vos habitudes de navigation. Veuillez lire notre Politique de Cookies pour conna\u00eetre plus en d\u00e9tail les cookies et dispositifs similaires que nous utilisons, leur finalit\u00e9 et d&rsquo;autres informations d&rsquo;int\u00e9r\u00eat. <\/p>\t\t\t\t\t\t\t\t<\/div>\n\t\t\t\t<\/div>\n\t\t\t\t\t<\/div>\n\t\t\t\t<\/div>\n\t\t<div class=\"elementor-element elementor-element-b65e4b8 e-flex e-con-boxed parallax_section_no qode_elementor_container_no e-con e-parent\" data-id=\"b65e4b8\" data-element_type=\"container\" data-e-type=\"container\">\n\t\t\t\t\t<div class=\"e-con-inner\">\n\t\t<div class=\"elementor-element elementor-element-776753b e-con-full e-flex parallax_section_no qode_elementor_container_no e-con e-child\" data-id=\"776753b\" data-element_type=\"container\" data-e-type=\"container\">\n\t\t\t\t<div class=\"elementor-element elementor-element-974625f elementor-widget-divider--view-line elementor-widget elementor-widget-divider\" data-id=\"974625f\" data-element_type=\"widget\" data-e-type=\"widget\" data-widget_type=\"divider.default\">\n\t\t\t\t<div class=\"elementor-widget-container\">\n\t\t\t\t\t\t\t<div class=\"elementor-divider\">\n\t\t\t<span class=\"elementor-divider-separator\">\n\t\t\t\t\t\t<\/span>\n\t\t<\/div>\n\t\t\t\t\t\t<\/div>\n\t\t\t\t<\/div>\n\t\t\t\t<\/div>\n\t\t\t\t\t<\/div>\n\t\t\t\t<\/div>\n\t\t<div class=\"elementor-element elementor-element-161211e e-flex e-con-boxed parallax_section_no qode_elementor_container_no e-con e-parent\" data-id=\"161211e\" data-element_type=\"container\" data-e-type=\"container\">\n\t\t\t\t\t<div class=\"e-con-inner\">\n\t\t<div class=\"elementor-element elementor-element-4bce4c3 e-con-full e-flex parallax_section_no qode_elementor_container_no e-con e-child\" data-id=\"4bce4c3\" data-element_type=\"container\" data-e-type=\"container\">\n\t\t<div class=\"elementor-element elementor-element-f5d38ff e-con-full e-flex parallax_section_no qode_elementor_container_no e-con e-child\" data-id=\"f5d38ff\" data-element_type=\"container\" data-e-type=\"container\">\n\t\t<div class=\"elementor-element elementor-element-c31de0f e-con-full e-flex parallax_section_no qode_elementor_container_no e-con e-child\" data-id=\"c31de0f\" data-element_type=\"container\" data-e-type=\"container\">\n\t\t\t\t<div class=\"elementor-element elementor-element-f62b0d8 elementor-widget elementor-widget-image\" data-id=\"f62b0d8\" data-element_type=\"widget\" data-e-type=\"widget\" data-widget_type=\"image.default\">\n\t\t\t\t<div class=\"elementor-widget-container\">\n\t\t\t\t\t\t\t\t\t\t\t\t\t\t\t<img decoding=\"async\" width=\"215\" height=\"209\" src=\"https:\/\/destinybybergen.com\/wp-content\/uploads\/2025\/02\/logo-positivo.webp\" class=\"attachment-medium_large size-medium_large wp-image-3184\" alt=\"logo\" \/>\t\t\t\t\t\t\t\t\t\t\t\t\t\t\t<\/div>\n\t\t\t\t<\/div>\n\t\t\t\t<\/div>\n\t\t<div class=\"elementor-element elementor-element-4a6224f e-con-full e-flex parallax_section_no qode_elementor_container_no e-con e-child\" data-id=\"4a6224f\" data-element_type=\"container\" data-e-type=\"container\">\n\t\t\t\t<div class=\"elementor-element elementor-element-07680b7 elementor-widget elementor-widget-text-editor\" data-id=\"07680b7\" data-element_type=\"widget\" data-e-type=\"widget\" data-widget_type=\"text-editor.default\">\n\t\t\t\t<div class=\"elementor-widget-container\">\n\t\t\t\t\t\t\t\t\t<p><span data-mce-type=\"bookmark\" style=\"display: inline-block; width: 0px; overflow: hidden; line-height: 0;\" class=\"mce_SELRES_start\"><\/span><strong>VISITEZ NOTRE BUREAU DE VENTE<\/strong><\/p><p class=\"has-text-align-center\">Partida Buena Vista, 10 &#8211; La Nuc\u00eda<\/p><p class=\"has-text-align-center\">Tel: <a href=\"tel:0034697635908\">+34 697 63 59 08<\/a><\/p>\n<p class=\"has-text-align-center\">Tel: <a href=\"tel:442045860724\">+44 2045860724<\/a><\/p><p>E-mail: <a href=\"mailto:hola@destinybybergen.com\">hola@destinybybergen.com<\/a><\/p>\t\t\t\t\t\t\t\t<\/div>\n\t\t\t\t<\/div>\n\t\t\t\t<\/div>\n\t\t<div class=\"elementor-element elementor-element-7487a47 e-con-full e-flex parallax_section_no qode_elementor_container_no e-con e-child\" data-id=\"7487a47\" data-element_type=\"container\" data-e-type=\"container\">\n\t\t\t\t<div class=\"elementor-element elementor-element-157608c elementor-widget elementor-widget-image\" data-id=\"157608c\" data-element_type=\"widget\" data-e-type=\"widget\" data-widget_type=\"image.default\">\n\t\t\t\t<div class=\"elementor-widget-container\">\n\t\t\t\t\t\t\t\t\t\t\t\t\t\t\t\t<a href=\"https:\/\/assetlighthouse.com\/\" target=\"_blank\">\n\t\t\t\t\t\t\t<img fetchpriority=\"high\" decoding=\"async\" width=\"488\" height=\"165\" src=\"https:\/\/destinybybergen.com\/wp-content\/uploads\/2025\/05\/logotipo-cabecera.webp\" class=\"attachment-large size-large wp-image-3185\" alt=\"logotipo cabecera\" srcset=\"https:\/\/destinybybergen.com\/wp-content\/uploads\/2025\/05\/logotipo-cabecera.webp 488w, https:\/\/destinybybergen.com\/wp-content\/uploads\/2025\/05\/logotipo-cabecera-300x101.webp 300w\" sizes=\"(max-width: 488px) 100vw, 488px\" \/>\t\t\t\t\t\t\t\t<\/a>\n\t\t\t\t\t\t\t\t\t\t\t\t\t\t\t<\/div>\n\t\t\t\t<\/div>\n\t\t\t\t<\/div>\n\t\t\t\t<\/div>\n\t\t\t\t<\/div>\n\t\t\t\t\t<\/div>\n\t\t\t\t<\/div>\n\t\t\t\t<\/div>\n\t\t","protected":false},"excerpt":{"rendered":"<p>POLITIQUE DE CONFIDENTIALIT\u00c9 ET PROTECTION DES DONN\u00c9ES POLITIQUE DE CONFIDENTIALIT\u00c9QUI EST LE RESPONSABLE DU TRAITEMENT DE VOS DONN\u00c9ES ?QUEL TYPE DE DONN\u00c9ES TRAITONS-NOUS ?DANS QUEL BUT TRAITONS-NOUS VOS DONN\u00c9ES PERSONNELLES ?QUELLE EST LA L\u00c9GITIMIT\u00c9 DU TRAITEMENT DE VOS DONN\u00c9ES ?PENDANT COMBIEN DE TEMPS CONSERVERONS-NOUS VOS&#8230;<\/p>\n","protected":false},"author":6,"featured_media":0,"parent":0,"menu_order":0,"comment_status":"closed","ping_status":"open","template":"","meta":{"_monsterinsights_skip_tracking":false,"_monsterinsights_sitenote_active":false,"_monsterinsights_sitenote_note":"","_monsterinsights_sitenote_category":0,"_uf_show_specific_survey":0,"_uf_disable_surveys":false,"footnotes":""},"class_list":["post-4104","page","type-page","status-publish","hentry"],"aioseo_notices":[],"_links":{"self":[{"href":"https:\/\/destinybybergen.com\/fr\/wp-json\/wp\/v2\/pages\/4104","targetHints":{"allow":["GET"]}}],"collection":[{"href":"https:\/\/destinybybergen.com\/fr\/wp-json\/wp\/v2\/pages"}],"about":[{"href":"https:\/\/destinybybergen.com\/fr\/wp-json\/wp\/v2\/types\/page"}],"author":[{"embeddable":true,"href":"https:\/\/destinybybergen.com\/fr\/wp-json\/wp\/v2\/users\/6"}],"replies":[{"embeddable":true,"href":"https:\/\/destinybybergen.com\/fr\/wp-json\/wp\/v2\/comments?post=4104"}],"version-history":[{"count":1,"href":"https:\/\/destinybybergen.com\/fr\/wp-json\/wp\/v2\/pages\/4104\/revisions"}],"predecessor-version":[{"id":4105,"href":"https:\/\/destinybybergen.com\/fr\/wp-json\/wp\/v2\/pages\/4104\/revisions\/4105"}],"wp:attachment":[{"href":"https:\/\/destinybybergen.com\/fr\/wp-json\/wp\/v2\/media?parent=4104"}],"curies":[{"name":"wp","href":"https:\/\/api.w.org\/{rel}","templated":true}]}}