{"id":3695,"date":"2025-10-01T18:50:35","date_gmt":"2025-10-01T18:50:35","guid":{"rendered":"https:\/\/destinybybergen.com\/juridisk-merknad\/"},"modified":"2026-02-10T10:36:29","modified_gmt":"2026-02-10T10:36:29","slug":"juridisk-merknad","status":"publish","type":"page","link":"https:\/\/destinybybergen.com\/no\/juridisk-merknad\/","title":{"rendered":"Juridisk merknad"},"content":{"rendered":"\t\t<div data-elementor-type=\"wp-page\" data-elementor-id=\"3695\" class=\"elementor elementor-3695 elementor-2866\" data-elementor-post-type=\"page\">\n\t\t\t\t<div class=\"elementor-element elementor-element-7409e64d e-flex e-con-boxed parallax_section_no qode_elementor_container_no e-con e-parent\" data-id=\"7409e64d\" data-element_type=\"container\" data-e-type=\"container\">\n\t\t\t\t\t<div class=\"e-con-inner\">\n\t\t\t\t<div class=\"elementor-element elementor-element-167905d0 elementor-widget elementor-widget-text-editor\" data-id=\"167905d0\" data-element_type=\"widget\" data-e-type=\"widget\" data-widget_type=\"text-editor.default\">\n\t\t\t\t<div class=\"elementor-widget-container\">\n\t\t\t\t\t\t\t\t\t<p>Vennligst les alle avsnittene i denne juridiske merknaden f\u00f8r du bruker dette nettstedet. F\u00f8lgende betingelser er bindende for enhver bruker av det.<br>I samsvar med informasjonsplikten fastsatt i lov 34\/2002 om tjenester i informasjonssamfunnet og elektronisk handel (LSSI-CE) av 11. juli, gis f\u00f8lgende generelle informasjonsdata om dette nettstedet nedenfor.<br>Hensikten med denne teksten er \u00e5 forklare i detalj funksjonene til dette nettstedet og gi deg informasjon relatert til eieren av nettstedet og form\u00e5let med innholdet som er inkludert i det. <\/p><p> <\/p><h3 data-prosemirror-content-type=\"node\" data-prosemirror-node-name=\"paragraph\" data-prosemirror-node-block=\"true\"><strong data-prosemirror-content-type=\"mark\" data-prosemirror-mark-name=\"strong\">IDENTIFIKASJONSDATA<\/strong><\/h3><p>Denne juridiske merknaden regulerer bruken av tjenesten p\u00e5 nettstedet og informerer deg i samsvar med lov 34\/2002 av 11. juli om tjenester i informasjonssamfunnet og elektronisk handel, om f\u00f8lgende:<br><strong>Firmanavn:<\/strong> BERGEN REAL ESTATE LA SERRETA S.L<\/p><p><strong>Forretningsadresse:<\/strong> Calle Eucalipto 25<\/p><p data-prosemirror-content-type=\"node\" data-prosemirror-node-name=\"paragraph\" data-prosemirror-node-block=\"true\"><strong>E-post:<\/strong> gestion@destinybybergen.com<br><strong>Kontakttelefon:<\/strong> 965064881. <br><strong>Skatteidentifikasjonsnummer (CIF):<\/strong> B19797570<\/p><p data-prosemirror-content-type=\"node\" data-prosemirror-node-name=\"paragraph\" data-prosemirror-node-block=\"true\"> <\/p><h3 data-prosemirror-content-type=\"node\" data-prosemirror-node-name=\"paragraph\" data-prosemirror-node-block=\"true\"><strong data-prosemirror-content-type=\"mark\" data-prosemirror-mark-name=\"strong\">BRUK AV NETTSTEDET OG BRUKERNES FORPLIKTELSER.<\/strong><\/h3><p>Brukeren forplikter seg til \u00e5 bruke nettstedet, innholdet og tjenestene uten \u00e5 stride mot gjeldende lovgivning, allment aksepterte bruksomr\u00e5der og offentlig orden. Bruk av nettstedet til ulovlige eller skadelige form\u00e5l mot BERGEN REAL ESTATE LA SERRETA S.L er forbudt. <\/p><p> eller en tredjepart, som p\u00e5 noen m\u00e5te kan for\u00e5rsake skade eller hindre normal bruk av nettstedet.<br>BERGEN REAL ESTATE LA SERRETA S.L garanterer at innholdet og tjenestene som tilbys av portalen respekterer prinsippet om verdighet, beskyttelse av ungdom og barn, ikke-diskriminering p\u00e5 grunn av rase, kj\u00f8nn, religion, mening, nasjonalitet, funksjonshemming eller andre personlige og sosiale forhold.<br>Disse generelle vilk\u00e5rene for bruk av nettstedet gir ikke brukeren noen annen rett til bruk, endring, utnyttelse, reproduksjon, distribusjon eller offentlig kommunikasjon av innholdet p\u00e5 nettstedet enn de som uttrykkelig er fastsatt her.<br>Innholdet (informasjon, lyd- og\/eller bildefiler, fotografier, design osv.) som er samlet inn p\u00e5 portalen, er eiendommen til BERGEN REAL ESTATE LA SERRETA S.L, eller det samme er beh\u00f8rig autorisert for distribusjon av sine legitime eiere.<br>BERGEN REAL ESTATE LA SERRETA S.L forplikter seg til ikke \u00e5 utf\u00f8re villedende reklame, og derfor er f\u00f8lgende forbudt:<\/p><ul><li>Bruk til alle typer kommersielle eller reklamemessige form\u00e5l, bortsett fra de som er strengt tillatt.<\/li><li>Reproduksjon, publisering, distribusjon eller modifisering, helt eller delvis, med mindre det er forh\u00e5ndsgodkjent skriftlig av sine legitime eiere eller er lovlig tillatt.<\/li><li>Enhver krenkelse av rettighetene til BERGEN REAL ESTATE LA SERRETA S.L eller dets legitime eiere over dem.<\/li><\/ul><p> <\/p><h3 data-prosemirror-content-type=\"node\" data-prosemirror-node-name=\"paragraph\" data-prosemirror-node-block=\"true\"><strong data-prosemirror-content-type=\"mark\" data-prosemirror-mark-name=\"strong\">INTELLEKTUELL OG INDUSTRIELL EIENDOM<\/strong><\/h3><p>Brukeren erkjenner og godtar at alle rettigheter til industriell og intellektuell eiendom over innholdet og\/eller andre elementer som er satt inn p\u00e5 nettstedet tilh\u00f8rer BERGEN REAL ESTATE LA SERRETA S.L, eller det samme er beh\u00f8rig autorisert for distribusjon p\u00e5 dette nettstedet.<br>I tilfelle en bruker eller en tredjepart mener at det har skjedd et brudd p\u00e5 deres legitime immaterielle rettigheter ved innf\u00f8ring av et bestemt innhold p\u00e5 nettstedet, m\u00e5 de varsle BERGEN REAL ESTATE LA SERRETA S.L om denne omstendigheten, og angi:<\/p><ul><li>Data om eieren av de rettighetene som antas \u00e5 v\u00e6re krenket, eller angi representasjonen som de handler med i tilfelle kravet presenteres av en annen tredjepart enn den interesserte.<\/li><li>Angi innholdet som er beskyttet av immaterielle rettigheter og dets plassering p\u00e5 nettet, akkreditering av de angitte immaterielle rettighetene og en uttrykkelig erkl\u00e6ring der den interesserte er ansvarlig for sannheten i informasjonen som er gitt i varselet.<\/li><\/ul><p> <\/p><h3 data-prosemirror-content-type=\"node\" data-prosemirror-node-name=\"paragraph\" data-prosemirror-node-block=\"true\"><strong data-prosemirror-content-type=\"mark\" data-prosemirror-mark-name=\"strong\">LENKER<\/strong><\/h3><p>Dette nettstedet inneholder lenker til andre nettsteder og innhold som eies av tredjeparter.<br>Det eneste form\u00e5let med lenkene er \u00e5 gi brukeren muligheten til \u00e5 f\u00e5 tilgang til disse lenkene. BERGEN REAL ESTATE LA SERRETA S.L er under ingen omstendigheter ansvarlig for resultatene som kan oppst\u00e5 for brukeren ved tilgang til disse lenkene.<br>Brukeren som foresl\u00e5r \u00e5 etablere en teknisk koblingsenhet fra nettstedet sitt til portalen, m\u00e5 innhente forh\u00e5ndsgodkjenning skriftlig fra BERGEN REAL ESTATE LA SERRETA S.L. Etableringen av lenken inneb\u00e6rer under ingen omstendigheter eksistensen av forhold mellom BERGEN REAL ESTATE LA SERRETA S.L og eieren av nettstedet der lenken er etablert, eller aksept eller godkjenning fra <\/p><p> <\/p><p>Nettstedet der lenken er etablert, skal ikke inneholde noe varemerke, navn, logo, slagord eller andre kjennetegn som tilh\u00f8rer BERGEN REAL ESTATE LA SERRETA S.L, bortsett fra de som er uttrykkelig autorisert.<\/p><p> <\/p><h3 data-prosemirror-content-type=\"node\" data-prosemirror-node-name=\"paragraph\" data-prosemirror-node-block=\"true\"><strong data-prosemirror-content-type=\"mark\" data-prosemirror-mark-name=\"strong\">ENSIDIG MODIFIKASJON OG VARIGHET<\/strong><\/h3><p>BERGEN REAL ESTATE LA SERRETA S.L forbeholder seg retten til \u00e5 endre, n\u00e5r som helst og uten behov for forvarsel, presentasjonen og konfigurasjonen av nettstedet samt denne juridiske merknaden.<br>UTELUKKELSE AV GARANTIER OG ANSVAR<br>BERGEN REAL ESTATE LA SERRETA S.L gir ingen garanti og er under ingen omstendigheter ansvarlig for skader av noe slag som kan oppst\u00e5 som f\u00f8lge av:<\/p><ul><li>Manglende tilgjengelighet, vedlikehold og effektiv drift av nettet og\/eller dets tjenester eller innhold.<\/li><li>Eksistensen av virus, skadelige eller skadelige programmer i innholdet.<\/li><li>Ulovlig, uaktsom, uredelig bruk, i strid med disse betingelsene, god tro, allment aksepterte bruksomr\u00e5der eller offentlig orden, av nettstedet, dets tjenester eller innhold, av brukerne.<\/li><\/ul><p> <\/p><h3 data-prosemirror-content-type=\"node\" data-prosemirror-node-name=\"paragraph\" data-prosemirror-node-block=\"true\"><strong data-prosemirror-content-type=\"mark\" data-prosemirror-mark-name=\"strong\">BEHANDLING AV PERSONOPPLYSNINGER<\/strong><\/h3><p>BERGEN REAL ESTATE LA SERRETA S.L, som angitt i sin \u00abPERSONVERNERKL\u00c6RING\u00bb som du kan konsultere p\u00e5 dette nettstedet, har vedtatt de sikkerhetsniv\u00e5ene som er tilstrekkelige for dataene den behandler og administrerer, og har innlemmet alle midler og tekniske tiltak tilgjengelig for \u00e5 garantere konfidensialitet, unng\u00e5 misbruk, tap, endring, uautorisert tilgang og tyveri.<\/p><h3 data-prosemirror-content-type=\"node\" data-prosemirror-node-name=\"paragraph\" data-prosemirror-node-block=\"true\"> <\/h3><h3 data-prosemirror-content-type=\"node\" data-prosemirror-node-name=\"paragraph\" data-prosemirror-node-block=\"true\"><strong data-prosemirror-content-type=\"mark\" data-prosemirror-mark-name=\"strong\">GJELDENDE LOVGIVNING OG JURISDIKSJON<\/strong><\/h3><p>For l\u00f8sning av alle kontroverser eller sp\u00f8rsm\u00e5l knyttet til dette nettstedet eller aktivitetene som utf\u00f8res p\u00e5 det, skal spansk lovgivning gjelde, som partene uttrykkelig underkaster seg, og domstolene i saks\u00f8kerens hjemsted som identifiseres som forbruker, skal v\u00e6re kompetente for \u00e5 l\u00f8se alle konflikter som oppst\u00e5r fra eller er relatert til bruken av det, ellers vil de kompetente domstolene v\u00e6re de i byen Torrevieja (Spania)<\/p><p> <\/p><h3 data-prosemirror-content-type=\"node\" data-prosemirror-node-name=\"paragraph\" data-prosemirror-node-block=\"true\"><strong data-prosemirror-content-type=\"mark\" data-prosemirror-mark-name=\"strong\">KONTAKT<\/strong><\/h3><p>I tilfelle en bruker har sp\u00f8rsm\u00e5l om denne juridiske merknaden eller kommentarer om den, kan de kontakte gestion@destinybybergen.com eller sende en skriftlig melding til adressen som er angitt i overskriften.<\/p>\t\t\t\t\t\t\t\t<\/div>\n\t\t\t\t<\/div>\n\t\t\t\t\t<\/div>\n\t\t\t\t<\/div>\n\t\t<div class=\"elementor-element elementor-element-b65e4b8 e-flex e-con-boxed parallax_section_no qode_elementor_container_no e-con e-parent\" data-id=\"b65e4b8\" data-element_type=\"container\" data-e-type=\"container\">\n\t\t\t\t\t<div class=\"e-con-inner\">\n\t\t<div class=\"elementor-element elementor-element-776753b e-con-full e-flex parallax_section_no qode_elementor_container_no e-con e-child\" data-id=\"776753b\" data-element_type=\"container\" data-e-type=\"container\">\n\t\t\t\t<div class=\"elementor-element elementor-element-974625f elementor-widget-divider--view-line elementor-widget elementor-widget-divider\" data-id=\"974625f\" data-element_type=\"widget\" data-e-type=\"widget\" data-widget_type=\"divider.default\">\n\t\t\t\t<div class=\"elementor-widget-container\">\n\t\t\t\t\t\t\t<div class=\"elementor-divider\">\n\t\t\t<span class=\"elementor-divider-separator\">\n\t\t\t\t\t\t<\/span>\n\t\t<\/div>\n\t\t\t\t\t\t<\/div>\n\t\t\t\t<\/div>\n\t\t\t\t<\/div>\n\t\t\t\t\t<\/div>\n\t\t\t\t<\/div>\n\t\t<div class=\"elementor-element elementor-element-161211e e-flex e-con-boxed parallax_section_no qode_elementor_container_no e-con e-parent\" data-id=\"161211e\" data-element_type=\"container\" data-e-type=\"container\">\n\t\t\t\t\t<div class=\"e-con-inner\">\n\t\t<div class=\"elementor-element elementor-element-4bce4c3 e-con-full e-flex parallax_section_no qode_elementor_container_no e-con e-child\" data-id=\"4bce4c3\" data-element_type=\"container\" data-e-type=\"container\">\n\t\t<div class=\"elementor-element elementor-element-f5d38ff e-con-full e-flex parallax_section_no qode_elementor_container_no e-con e-child\" data-id=\"f5d38ff\" data-element_type=\"container\" data-e-type=\"container\">\n\t\t<div class=\"elementor-element elementor-element-c31de0f e-con-full e-flex parallax_section_no qode_elementor_container_no e-con e-child\" data-id=\"c31de0f\" data-element_type=\"container\" data-e-type=\"container\">\n\t\t\t\t<div class=\"elementor-element elementor-element-f62b0d8 elementor-widget elementor-widget-image\" data-id=\"f62b0d8\" data-element_type=\"widget\" data-e-type=\"widget\" data-widget_type=\"image.default\">\n\t\t\t\t<div class=\"elementor-widget-container\">\n\t\t\t\t\t\t\t\t\t\t\t\t\t\t\t<img decoding=\"async\" width=\"215\" height=\"209\" src=\"https:\/\/destinybybergen.com\/wp-content\/uploads\/2025\/02\/logo-positivo.webp\" class=\"attachment-medium_large size-medium_large wp-image-3678\" alt=\"logo\" \/>\t\t\t\t\t\t\t\t\t\t\t\t\t\t\t<\/div>\n\t\t\t\t<\/div>\n\t\t\t\t<\/div>\n\t\t<div class=\"elementor-element elementor-element-4a6224f e-con-full e-flex parallax_section_no qode_elementor_container_no e-con e-child\" data-id=\"4a6224f\" data-element_type=\"container\" data-e-type=\"container\">\n\t\t\t\t<div class=\"elementor-element elementor-element-07680b7 elementor-widget elementor-widget-text-editor\" data-id=\"07680b7\" data-element_type=\"widget\" data-e-type=\"widget\" data-widget_type=\"text-editor.default\">\n\t\t\t\t<div class=\"elementor-widget-container\">\n\t\t\t\t\t\t\t\t\t<p><span data-mce-type=\"bookmark\" style=\"display: inline-block; width: 0px; overflow: hidden; line-height: 0;\" class=\"mce_SELRES_start\"><\/span><strong>BES\u00d8K V\u00c5RT SALGSKONTOR<\/strong><\/p><p class=\"has-text-align-center\">Partida Buena Vista, 10 &#8211; La Nuc\u00eda<\/p><p class=\"has-text-align-center\">Tel: <a href=\"tel:0034697635908\">+34 697 63 59 08<\/a><\/p>\n<p class=\"has-text-align-center\">Tel: <a href=\"tel:442045860724\">+44 2045860724<\/a><\/p><p>E-POST:: <a href=\"mailto:hola@destinybybergen.com\">hola@destinybybergen.com<\/a><\/p>\t\t\t\t\t\t\t\t<\/div>\n\t\t\t\t<\/div>\n\t\t\t\t<\/div>\n\t\t<div class=\"elementor-element elementor-element-7487a47 e-con-full e-flex parallax_section_no qode_elementor_container_no e-con e-child\" data-id=\"7487a47\" data-element_type=\"container\" data-e-type=\"container\">\n\t\t\t\t<div class=\"elementor-element elementor-element-157608c elementor-widget elementor-widget-image\" data-id=\"157608c\" data-element_type=\"widget\" data-e-type=\"widget\" data-widget_type=\"image.default\">\n\t\t\t\t<div class=\"elementor-widget-container\">\n\t\t\t\t\t\t\t\t\t\t\t\t\t\t\t\t<a href=\"https:\/\/assetlighthouse.com\/\" target=\"_blank\">\n\t\t\t\t\t\t\t<img fetchpriority=\"high\" decoding=\"async\" width=\"488\" height=\"165\" src=\"https:\/\/destinybybergen.com\/wp-content\/uploads\/2025\/05\/logotipo-cabecera.webp\" class=\"attachment-large size-large wp-image-3679\" alt=\"logotipo cabecera\" srcset=\"https:\/\/destinybybergen.com\/wp-content\/uploads\/2025\/05\/logotipo-cabecera.webp 488w, https:\/\/destinybybergen.com\/wp-content\/uploads\/2025\/05\/logotipo-cabecera-300x101.webp 300w\" sizes=\"(max-width: 488px) 100vw, 488px\" \/>\t\t\t\t\t\t\t\t<\/a>\n\t\t\t\t\t\t\t\t\t\t\t\t\t\t\t<\/div>\n\t\t\t\t<\/div>\n\t\t\t\t<\/div>\n\t\t\t\t<\/div>\n\t\t\t\t<\/div>\n\t\t\t\t\t<\/div>\n\t\t\t\t<\/div>\n\t\t\t\t<\/div>\n\t\t","protected":false},"excerpt":{"rendered":"<p>Vennligst les alle avsnittene i denne juridiske merknaden f\u00f8r du bruker dette nettstedet. F\u00f8lgende betingelser er bindende for enhver bruker av det.I samsvar med informasjonsplikten fastsatt i lov 34\/2002 om tjenester i informasjonssamfunnet og elektronisk handel (LSSI-CE) av 11. juli, gis f\u00f8lgende generelle informasjonsdata om&#8230;<\/p>\n","protected":false},"author":6,"featured_media":0,"parent":0,"menu_order":0,"comment_status":"closed","ping_status":"closed","template":"","meta":{"_monsterinsights_skip_tracking":false,"_monsterinsights_sitenote_active":false,"_monsterinsights_sitenote_note":"","_monsterinsights_sitenote_category":0,"_uf_show_specific_survey":0,"_uf_disable_surveys":false,"footnotes":""},"class_list":["post-3695","page","type-page","status-publish","hentry"],"aioseo_notices":[],"_links":{"self":[{"href":"https:\/\/destinybybergen.com\/no\/wp-json\/wp\/v2\/pages\/3695","targetHints":{"allow":["GET"]}}],"collection":[{"href":"https:\/\/destinybybergen.com\/no\/wp-json\/wp\/v2\/pages"}],"about":[{"href":"https:\/\/destinybybergen.com\/no\/wp-json\/wp\/v2\/types\/page"}],"author":[{"embeddable":true,"href":"https:\/\/destinybybergen.com\/no\/wp-json\/wp\/v2\/users\/6"}],"replies":[{"embeddable":true,"href":"https:\/\/destinybybergen.com\/no\/wp-json\/wp\/v2\/comments?post=3695"}],"version-history":[{"count":1,"href":"https:\/\/destinybybergen.com\/no\/wp-json\/wp\/v2\/pages\/3695\/revisions"}],"predecessor-version":[{"id":3696,"href":"https:\/\/destinybybergen.com\/no\/wp-json\/wp\/v2\/pages\/3695\/revisions\/3696"}],"wp:attachment":[{"href":"https:\/\/destinybybergen.com\/no\/wp-json\/wp\/v2\/media?parent=3695"}],"curies":[{"name":"wp","href":"https:\/\/api.w.org\/{rel}","templated":true}]}}