{"id":3778,"date":"2021-07-19T09:16:26","date_gmt":"2021-07-19T09:16:26","guid":{"rendered":"https:\/\/destinybybergen.com\/informasjonskapselpolicy\/"},"modified":"2026-02-10T10:54:27","modified_gmt":"2026-02-10T10:54:27","slug":"informasjonskapselpolicy","status":"publish","type":"page","link":"https:\/\/destinybybergen.com\/no\/informasjonskapselpolicy\/","title":{"rendered":"Informasjonskapselpolicy"},"content":{"rendered":"\t\t<div data-elementor-type=\"wp-page\" data-elementor-id=\"3778\" class=\"elementor elementor-3778 elementor-801\" data-elementor-post-type=\"page\">\n\t\t\t\t<div class=\"elementor-element elementor-element-2573d522 e-flex e-con-boxed parallax_section_no qode_elementor_container_no e-con e-parent\" data-id=\"2573d522\" data-element_type=\"container\" data-e-type=\"container\">\n\t\t\t\t\t<div class=\"e-con-inner\">\n\t\t\t\t<div class=\"elementor-element elementor-element-3f7ecff3 elementor-widget elementor-widget-text-editor\" data-id=\"3f7ecff3\" data-element_type=\"widget\" data-e-type=\"widget\" data-widget_type=\"text-editor.default\">\n\t\t\t\t<div class=\"elementor-widget-container\">\n\t\t\t\t\t\t\t\t\t<h3><strong>DEFINISJON og generisk funksjon av INFORMASJONSKAPSLER<\/strong><\/h3>\n<p>Informasjonskapsler er identifikatorer som vi sender til harddisken p\u00e5 datamaskinen din via nettleseren din, slik at systemene v\u00e5re kan gjenkjenne nettleseren din og tilby deg visse tjenester.<br>Generelt kan disse teknologiene tjene sv\u00e6rt forskjellige form\u00e5l, for eksempel \u00e5 gjenkjenne deg som bruker, innhente informasjon om dine surfevaner eller tilpasse m\u00e5ten innholdet vises p\u00e5.<br>Denne siden bruker forskjellige typer informasjonskapsler. Noen informasjonskapsler plasseres av tredjepartstjenester som vises p\u00e5 v\u00e5re sider. I noen tilfeller, n\u00e5r du bruker en Google-s\u00f8kemotor, kan du ha godtatt dine egne informasjonskapsler. Disse Google-informasjonskapslene installeres selv om du ikke har godtatt v\u00e5re egne informasjonskapsler og\/eller tredjeparts informasjonskapsler.   <\/p>\n<p> <\/p>\n<p>Nedenfor indikerer vi informasjonskapslene som siden bruker:<\/p>\n<p> <\/p>\n<h3><strong>INFORMASJONSKAPSLER SOM BRUKES<\/strong><\/h3>\n<div><strong> <\/strong><\/div>\n<h6><strong>N\u00f8dvendige informasjonskapsler<\/strong><\/h6>\n<p>N\u00f8dvendige informasjonskapsler hjelper til med \u00e5 gj\u00f8re en nettside brukbar ved \u00e5 aktivere grunnleggende funksjoner som sidenavigering og tilgang til sikre omr\u00e5der p\u00e5 nettstedet. Nettstedet kan ikke fungere ordentlig uten disse informasjonskapslene. <\/p>\n<p> <\/p>\n<table style=\"height: 471px; border: 1px solid black;\" width=\"100%\">\n<tbody>\n<tr>\n<td style=\"border: 1px solid black;\" width=\"94\">\n<p>Navn<\/p>\n<\/td>\n<td style=\"border: 1px solid black;\" width=\"132\">\n<p>Leverand\u00f8r<\/p>\n<\/td>\n<td style=\"border: 1px solid black;\" width=\"133\">\n<p>Form\u00e5l<\/p>\n<\/td>\n<td style=\"border: 1px solid black;\" width=\"190\">\n<p>Utl\u00f8psdato<\/p>\n<\/td>\n<\/tr>\n<tr>\n<td style=\"border: 1px solid black;\" width=\"94\">\n<p>PHPSESSID<\/p>\n<\/td>\n<td style=\"border: 1px solid black;\" width=\"132\">\n<p>Egen<\/p>\n<\/td>\n<td style=\"border: 1px solid black;\" width=\"133\">\n<p>Bevarer brukernes tilstander i alle foresp\u00f8rsler p\u00e5 siden.<\/p>\n<\/td>\n<td style=\"border: 1px solid black;\" width=\"190\">\n<p>Sesjon<\/p>\n<\/td>\n<\/tr>\n<tr>\n<td style=\"border: 1px solid black;\" width=\"94\">\n<p>rc::a<\/p>\n<\/td>\n<td style=\"border: 1px solid black;\" width=\"132\">\n<p>google.com<\/p>\n<\/td>\n<td style=\"border: 1px solid black;\" width=\"133\">\n<p>Brukes til \u00e5 skille mellom mennesker og roboter.<\/p>\n<\/td>\n<td style=\"border: 1px solid black;\" width=\"190\">\n<p>Persistent<\/p>\n<\/td>\n<\/tr>\n<tr>\n<td style=\"border: 1px solid black;\" width=\"94\">\n<p>rc::c<\/p>\n<\/td>\n<td style=\"border: 1px solid black;\" width=\"132\">\n<p>google.com<\/p>\n<\/td>\n<td style=\"border: 1px solid black;\" width=\"133\">\n<p>Brukes til \u00e5 skille mellom mennesker og roboter.<\/p>\n<\/td>\n<td style=\"border: 1px solid black;\" width=\"190\">\n<p>Sesjon<\/p>\n<\/td>\n<\/tr>\n<\/tbody>\n<\/table>\n<h6> <\/h6>\n<h6><strong>Informasjonskapsler for preferanser<\/strong><\/h6>\n<p>Informasjonskapsler for preferanser lar nettstedet huske informasjon som endrer m\u00e5ten siden oppf\u00f8rer seg eller ser ut, for eksempel foretrukket spr\u00e5k eller regionen du befinner deg i. Ingen informasjonskapsler av denne typen brukes. <\/p>\n<p> <\/p>\n<h6><strong>Informasjonskapsler for statistikk<\/strong><\/h6>\n<p>Statistiske informasjonskapsler hjelper eiere av nettsteder med \u00e5 forst\u00e5 hvordan bes\u00f8kende samhandler med nettsteder ved \u00e5 samle inn og gi informasjon anonymt.<br>For \u00e5 deaktivere informasjonskapsler fra Google Analytics, kan du installere Inhabilitaci\u00f3n-tillegget for Google Analytics-nettlesere som lar deg ikke sende statistisk informasjon. Du har den tilgjengelig p\u00e5 f\u00f8lgende lenke:<a href=\"https:\/\/tools.google.com\/dlpage\/gaoptout?hl=es\">https:\/\/tools.google.com\/dlpage\/gaoptout?hl=es<\/a><br>Ingen informasjonskapsler av denne typen brukes. <\/p>\n<p> <\/p>\n<h6><strong>Informasjonskapsler for markedsf\u00f8ring<\/strong><\/h6>\n<p>Informasjonskapsler for markedsf\u00f8ring brukes til \u00e5 spore bes\u00f8kende p\u00e5 nettsteder. Hensikten er \u00e5 vise annonser som er relevante og attraktive for den enkelte bruker, og derfor mer verdifulle for utgivere og tredjepartsannons\u00f8rer. Ingen informasjonskapsler av denne typen brukes.  <\/p>\n<p> <\/p>\n<h6><strong>Slik aktiverer\/deaktiverer du informasjonskapsler i de viktigste nettleserne:<\/strong><\/h6>\n<p>Det er vanligvis mulig \u00e5 slutte \u00e5 akseptere informasjonskapsler fra nettleseren, eller slutte \u00e5 akseptere informasjonskapsler fra en bestemt tjeneste.<br>Alle moderne nettlesere lar deg endre innstillingene for informasjonskapsler. Disse innstillingene finnes vanligvis i \u00abalternativer\u00bb eller \u00abPreferanser\u00bb i nettlesermenyen din. Du kan ogs\u00e5 konfigurere nettleseren din eller e-postbehandleren din.<br>Nedenfor tilbys brukeren veiledning om trinnene for \u00e5 f\u00e5 tilgang til konfigurasjonsmenyen for informasjonskapsler og, eventuelt, privat surfing i hver av de viktigste nettleserne:  <br><strong><span style=\"color: #000000;\">Internet Explorer<\/span>:<\/strong>Verkt\u00f8y -&gt; Internett-alternativer -&gt; Personvern -&gt; Konfigurasjon. For mer informasjon kan du se<a href=\"http:\/\/windows.microsoft.com\/es-ES\/windows\/support\">Microsofts st\u00f8tte<\/a>eller hjelpen til nettleseren. <br><strong><span style=\"color: #000000;\">Firefox<\/span>:<\/strong>Verkt\u00f8y -&gt; Alternativer -&gt; Personvern -&gt; Historikk -&gt; Personlig tilpasset konfigurasjon. For mer informasjon kan du se<a href=\"http:\/\/support.mozilla.org\/es\/home\">Mozillas st\u00f8tte<\/a>eller hjelpen til nettleseren. <br><strong><span style=\"color: #000000;\">Chrome<\/span>:<\/strong>Konfigurasjon -&gt; Vis avanserte alternativer -&gt; Personvern -&gt; Innholdsinnstillinger. For mer informasjon kan du se<a href=\"http:\/\/support.google.com\/chrome\/?hl=es\">Googles st\u00f8tte<\/a>eller hjelpen til nettleseren. <br><strong><span style=\"color: #000000;\">Safari<\/span>:<\/strong>Preferanser -&gt; Sikkerhet. For mer informasjon kan du se<a href=\"http:\/\/www.apple.com\/es\/support\/safari\/\">Apples st\u00f8tte<\/a>eller hjelpen til nettleseren. <\/p>\n<p> <\/p>\n<h6><strong>Hva skjer hvis informasjonskapsler deaktiveres?<\/strong><\/h6>\n<p>Noen funksjoner i tjenestene vil bli deaktivert.<\/p>\n<p><\/p>\t\t\t\t\t\t\t\t<\/div>\n\t\t\t\t<\/div>\n\t\t\t\t\t<\/div>\n\t\t\t\t<\/div>\n\t\t<div class=\"elementor-element elementor-element-c8aeac7 e-flex e-con-boxed parallax_section_no qode_elementor_container_no e-con e-parent\" data-id=\"c8aeac7\" data-element_type=\"container\" data-e-type=\"container\">\n\t\t\t\t\t<div class=\"e-con-inner\">\n\t\t\t\t<div class=\"elementor-element elementor-element-9c52f23 elementor-widget-divider--view-line elementor-widget elementor-widget-divider\" data-id=\"9c52f23\" data-element_type=\"widget\" data-e-type=\"widget\" data-widget_type=\"divider.default\">\n\t\t\t\t<div class=\"elementor-widget-container\">\n\t\t\t\t\t\t\t<div class=\"elementor-divider\">\n\t\t\t<span class=\"elementor-divider-separator\">\n\t\t\t\t\t\t<\/span>\n\t\t<\/div>\n\t\t\t\t\t\t<\/div>\n\t\t\t\t<\/div>\n\t\t\t\t\t<\/div>\n\t\t\t\t<\/div>\n\t\t<div class=\"elementor-element elementor-element-0c71a88 e-flex e-con-boxed parallax_section_no qode_elementor_container_no e-con e-parent\" data-id=\"0c71a88\" data-element_type=\"container\" data-e-type=\"container\">\n\t\t\t\t\t<div class=\"e-con-inner\">\n\t\t<div class=\"elementor-element elementor-element-4fbe325 e-con-full e-flex parallax_section_no qode_elementor_container_no e-con e-child\" data-id=\"4fbe325\" data-element_type=\"container\" data-e-type=\"container\">\n\t\t<div class=\"elementor-element elementor-element-5cbb5ef e-con-full e-flex parallax_section_no qode_elementor_container_no e-con e-child\" data-id=\"5cbb5ef\" data-element_type=\"container\" data-e-type=\"container\">\n\t\t\t\t<div class=\"elementor-element elementor-element-2952947 elementor-widget elementor-widget-image\" data-id=\"2952947\" data-element_type=\"widget\" data-e-type=\"widget\" data-widget_type=\"image.default\">\n\t\t\t\t<div class=\"elementor-widget-container\">\n\t\t\t\t\t\t\t\t\t\t\t\t\t\t\t<img decoding=\"async\" width=\"215\" height=\"209\" src=\"https:\/\/destinybybergen.com\/wp-content\/uploads\/2025\/02\/logo-positivo.webp\" class=\"attachment-medium_large size-medium_large wp-image-3678\" alt=\"logo\" \/>\t\t\t\t\t\t\t\t\t\t\t\t\t\t\t<\/div>\n\t\t\t\t<\/div>\n\t\t\t\t<\/div>\n\t\t<div class=\"elementor-element elementor-element-b8bd019 e-con-full e-flex parallax_section_no qode_elementor_container_no e-con e-child\" data-id=\"b8bd019\" data-element_type=\"container\" data-e-type=\"container\">\n\t\t\t\t<div class=\"elementor-element elementor-element-bb09305 elementor-widget elementor-widget-text-editor\" data-id=\"bb09305\" data-element_type=\"widget\" data-e-type=\"widget\" data-widget_type=\"text-editor.default\">\n\t\t\t\t<div class=\"elementor-widget-container\">\n\t\t\t\t\t\t\t\t\t<p><span data-mce-type=\"bookmark\" style=\"display: inline-block; width: 0px; overflow: hidden; line-height: 0;\" class=\"mce_SELRES_start\"><\/span><strong>BES\u00d8K V\u00c5RT SALGSKONTOR<\/strong><\/p><p class=\"has-text-align-center\">Partida Buena Vista, 10 &#8211; La Nuc\u00eda<\/p><p class=\"has-text-align-center\">Tel: <a href=\"tel:0034697635908\">+34 697 63 59 08<\/a><\/p>\n<p class=\"has-text-align-center\">Tel: <a href=\"tel:442045860724\">+44 2045860724<\/a><\/p><p>E-POST:: <a href=\"mailto:hola@destinybybergen.com\">hola@destinybybergen.com<\/a><\/p>\t\t\t\t\t\t\t\t<\/div>\n\t\t\t\t<\/div>\n\t\t\t\t<\/div>\n\t\t<div class=\"elementor-element elementor-element-2df8045 e-con-full e-flex parallax_section_no qode_elementor_container_no e-con e-child\" data-id=\"2df8045\" data-element_type=\"container\" data-e-type=\"container\">\n\t\t\t\t<div class=\"elementor-element elementor-element-be65385 elementor-widget elementor-widget-image\" data-id=\"be65385\" data-element_type=\"widget\" data-e-type=\"widget\" data-widget_type=\"image.default\">\n\t\t\t\t<div class=\"elementor-widget-container\">\n\t\t\t\t\t\t\t\t\t\t\t\t\t\t\t\t<a href=\"https:\/\/assetlighthouse.com\/\" target=\"_blank\">\n\t\t\t\t\t\t\t<img fetchpriority=\"high\" decoding=\"async\" width=\"488\" height=\"165\" src=\"https:\/\/destinybybergen.com\/wp-content\/uploads\/2025\/05\/logotipo-cabecera.webp\" class=\"attachment-large size-large wp-image-3679\" alt=\"logotipo cabecera\" srcset=\"https:\/\/destinybybergen.com\/wp-content\/uploads\/2025\/05\/logotipo-cabecera.webp 488w, https:\/\/destinybybergen.com\/wp-content\/uploads\/2025\/05\/logotipo-cabecera-300x101.webp 300w\" sizes=\"(max-width: 488px) 100vw, 488px\" \/>\t\t\t\t\t\t\t\t<\/a>\n\t\t\t\t\t\t\t\t\t\t\t\t\t\t\t<\/div>\n\t\t\t\t<\/div>\n\t\t\t\t<\/div>\n\t\t\t\t<\/div>\n\t\t\t\t\t<\/div>\n\t\t\t\t<\/div>\n\t\t\t\t<\/div>\n\t\t","protected":false},"excerpt":{"rendered":"<p>DEFINISJON og generisk funksjon av INFORMASJONSKAPSLER Informasjonskapsler er identifikatorer som vi sender til harddisken p\u00e5 datamaskinen din via nettleseren din, slik at systemene v\u00e5re kan gjenkjenne nettleseren din og tilby deg visse tjenester.Generelt kan disse teknologiene tjene sv\u00e6rt forskjellige form\u00e5l, for eksempel \u00e5 gjenkjenne deg&#8230;<\/p>\n","protected":false},"author":6,"featured_media":0,"parent":0,"menu_order":0,"comment_status":"closed","ping_status":"open","template":"","meta":{"_monsterinsights_skip_tracking":false,"_monsterinsights_sitenote_active":false,"_monsterinsights_sitenote_note":"","_monsterinsights_sitenote_category":0,"_uf_show_specific_survey":0,"_uf_disable_surveys":false,"footnotes":""},"class_list":["post-3778","page","type-page","status-publish","hentry"],"aioseo_notices":[],"_links":{"self":[{"href":"https:\/\/destinybybergen.com\/no\/wp-json\/wp\/v2\/pages\/3778","targetHints":{"allow":["GET"]}}],"collection":[{"href":"https:\/\/destinybybergen.com\/no\/wp-json\/wp\/v2\/pages"}],"about":[{"href":"https:\/\/destinybybergen.com\/no\/wp-json\/wp\/v2\/types\/page"}],"author":[{"embeddable":true,"href":"https:\/\/destinybybergen.com\/no\/wp-json\/wp\/v2\/users\/6"}],"replies":[{"embeddable":true,"href":"https:\/\/destinybybergen.com\/no\/wp-json\/wp\/v2\/comments?post=3778"}],"version-history":[{"count":3,"href":"https:\/\/destinybybergen.com\/no\/wp-json\/wp\/v2\/pages\/3778\/revisions"}],"predecessor-version":[{"id":3781,"href":"https:\/\/destinybybergen.com\/no\/wp-json\/wp\/v2\/pages\/3778\/revisions\/3781"}],"wp:attachment":[{"href":"https:\/\/destinybybergen.com\/no\/wp-json\/wp\/v2\/media?parent=3778"}],"curies":[{"name":"wp","href":"https:\/\/api.w.org\/{rel}","templated":true}]}}