{"id":3782,"date":"2025-02-03T12:39:44","date_gmt":"2025-02-03T12:39:44","guid":{"rendered":"https:\/\/destinybybergen.com\/politica-de-privacidad\/"},"modified":"2026-03-10T16:16:59","modified_gmt":"2026-03-10T16:16:59","slug":"personvernerklaring","status":"publish","type":"page","link":"https:\/\/destinybybergen.com\/no\/personvernerklaring\/","title":{"rendered":"Personvernerkl\u00e6ring"},"content":{"rendered":"\t\t<div data-elementor-type=\"wp-page\" data-elementor-id=\"3782\" class=\"elementor elementor-3782 elementor-3\" data-elementor-post-type=\"page\">\n\t\t\t\t<div class=\"elementor-element elementor-element-7409e64d e-flex e-con-boxed parallax_section_no qode_elementor_container_no e-con e-parent\" data-id=\"7409e64d\" data-element_type=\"container\" data-e-type=\"container\">\n\t\t\t\t\t<div class=\"e-con-inner\">\n\t\t\t\t<div class=\"elementor-element elementor-element-167905d0 elementor-widget elementor-widget-text-editor\" data-id=\"167905d0\" data-element_type=\"widget\" data-e-type=\"widget\" data-widget_type=\"text-editor.default\">\n\t\t\t\t<div class=\"elementor-widget-container\">\n\t\t\t\t\t\t\t\t\t<h3><strong><u>PERSONVERN- OG DATABESKYTTELSESPOLICY<\/u><\/strong><\/h3>\n<p><br><a href=\"https:\/\/www.fernandezynortes.com\/#_Toc530642022\">PERSONVERNERKL\u00c6RING<\/a><br><a href=\"https:\/\/www.fernandezynortes.com\/#_Toc530642023\">HVEM ER BEHANDLINGSANSVARLIG FOR DINE DATA?<\/a><br><a href=\"https:\/\/www.fernandezynortes.com\/#_Toc530642024\">HVILKEN TYPE DATA BEHANDLER VI?<\/a><br><a href=\"https:\/\/www.fernandezynortes.com\/#_Toc530642025\">HVILKET FORM\u00c5L BEHANDLER VI DINE PERSONOPPLYSNINGER FOR?<\/a><br><a href=\"https:\/\/www.fernandezynortes.com\/#_Toc530642026\">HVA ER LEGITIMERINGEN FOR BEHANDLING AV DINE DATA?<\/a><br><a href=\"https:\/\/www.fernandezynortes.com\/#_Toc530642027\">HVOR LENGE VIL VI OPPBEVARE DINE DATA?<\/a><br><a href=\"https:\/\/www.fernandezynortes.com\/#_Toc530642028\">VIL VI DELE DINE DATA MED TREDJEPARTER?<\/a><br><a href=\"https:\/\/www.fernandezynortes.com\/#_Toc530642029\">HVILKE RETTIGHETER HAR DU N\u00c5R DU GIR OSS DINE DATA?<\/a><br><a href=\"https:\/\/www.fernandezynortes.com\/#_Toc530642030\">ENDRINGER I PERSONVERNERKL\u00c6RINGEN.<\/a><br><a href=\"https:\/\/www.fernandezynortes.com\/#_Toc530642031\">INFORMASJON OM INFORMASJONSKAPSLER<\/a><br> <br><span style=\"color: #000000;\"><strong>BERGEN REAL ESTATE LA SERRETA S.L<\/strong>.<\/span> informerer herved om sin personvernpolicy som gjelder for personopplysninger. Bruken av nettsiden inneb\u00e6rer ikke at brukeren m\u00e5 oppgi informasjon om sin identitet, og kan ikke knyttes til en bestemt bruker av selskapet. I tilfelle det oppgis personopplysninger, vil disse dataene bli samlet inn og brukt i samsvar med begrensningene og rettighetene som er nedfelt i nevnte standard.  <\/p>\n<p> <\/p>\n<h3><strong>PERSONVERNERKL\u00c6RING<\/strong><\/h3>\n<h6><strong>HVEM ER BEHANDLINGSANSVARLIG FOR DINE DATA?<\/strong><\/h6>\n<p><strong><span style=\"color: #000000;\">BEHANDLINGSANSVARLIG<\/span> <\/strong>for dine data er: BERGEN REAL ESTATE LA SERRETA S.L<\/p>\n<p><span style=\"color: #000000;\"><strong>CIF: B19797570<\/strong><\/span><\/p>\n<p><span style=\"color: #000000;\"><strong>Postadresse:<\/strong><\/span> Calle Eucalipto 25<\/p>\n<p>CP: 28016 MADRID<\/p>\n<p><span style=\"color: #000000;\"><strong>E-post<\/strong>:<\/span> gestion@destinybybergen.com<\/p>\n<p><strong> <\/strong><\/p>\n<p> <\/p>\n<h3><strong>HVILKEN TYPE DATA BEHANDLER VI?<\/strong><\/h3>\n<p>Avhengig av hvilke produkter, tjenester eller funksjoner du \u00f8nsker \u00e5 benytte deg av til enhver tid, vil vi trenge \u00e5 behandle noen data eller andre. Generelt vil disse dataene, avhengig av tilfellet, v\u00e6re f\u00f8lgende: <\/p>\n<ul>\n<li>Dine identifikasjonsdata (For eksempel: Ditt navn, etternavn, spr\u00e5k, land hvorfra du samhandler med oss, kontaktdata, etc.)<\/li>\n<li>Tilkoblings-, geolokaliserings- og navigasjonsdata (i tilfelle du samhandler med oss fra mobilen, for eksempel).<\/li>\n<li>Kommersiell informasjon hvis du abonnerer p\u00e5 v\u00e5rt nyhetsbrev.<\/li>\n<li>Data om dine preferanser og smak.<\/li>\n<\/ul>\n<p>Husk at n\u00e5r vi ber deg fylle ut dine personopplysninger for \u00e5 gi deg tilgang til en funksjon eller tjeneste p\u00e5 nettsiden, vil vi merke noen felt som obligatoriske, siden det er data vi trenger for \u00e5 kunne yte tjenesten eller gi deg tilgang til den aktuelle funksjonen.<br>V\u00e6r oppmerksom p\u00e5 at hvis du velger \u00e5 ikke oppgi disse dataene, er det mulig at du ikke kan fullf\u00f8re registreringen som bruker eller at du ikke kan nyte disse tjenestene eller funksjonene.<\/p>\n<p> <\/p>\n<h3><strong>HVILKET FORM\u00c5L BEHANDLER VI DINE PERSONOPPLYSNINGER FOR?<\/strong><\/h3>\n<p>Avhengig av hvordan du samhandler med v\u00e5r nettside, vil vi behandle dine personopplysninger for f\u00f8lgende form\u00e5l:<\/p>\n<ol>\n<li><strong>For \u00e5 behandle foresp\u00f8rsler eller henvendelser du gj\u00f8r via de ulike midlene som er innlemmet p\u00e5 v\u00e5r nettside.<br><\/strong>Vi behandler kun de personopplysningene som er strengt n\u00f8dvendige for \u00e5 administrere eller l\u00f8se din foresp\u00f8rsel eller henvendelse.<\/li>\n<li><strong>For markedsf\u00f8ringsform\u00e5l.<br><\/strong>I den grad du abonnerer p\u00e5 v\u00e5rt nyhetsbrev, vil dine personopplysninger bli brukt til regelmessig utsendelse av nyhetsbrev fra selskapet.<br>Du m\u00e5 huske at du kan melde deg av nyhetsbrevet n\u00e5r som helst og uten kostnad ved \u00e5 kontakte oss via e-postadressen til den behandlingsansvarlige eller f\u00f8lge instruksjonene vi vil gi deg i hver av v\u00e5re kommunikasjoner.<\/li>\n<li><strong>For administrasjon av sosiale nettverk<br><\/strong>I tilfelle du f\u00f8lger oss eller kontakter oss via de forskjellige sosiale nettverkene der vi er til stede, vil vi behandle dataene du gir oss via dem, med det eneste form\u00e5let \u00e5 svare p\u00e5 dine meldinger eller kommentarer og administrere v\u00e5r kontaktliste. <\/li>\n<li><strong>Analyse av brukervennlighet og kvalitet for \u00e5 forbedre v\u00e5re tjenester (Informasjonskapsler)<br><\/strong>Hvis du f\u00e5r tilgang til v\u00e5r plattform, informerer vi deg om at vi vil behandle dine navigasjonsdata for analytiske og statistiske form\u00e5l, det vil si for \u00e5 forst\u00e5 hvordan brukerne samhandler med v\u00e5r plattform og dermed v\u00e6re i stand til \u00e5 introdusere forbedringer i den. P\u00e5 samme m\u00e5te utf\u00f8rer vi av og til kvalitetsaksjoner og unders\u00f8kelser for \u00e5 finne ut graden av tilfredshet hos v\u00e5re kunder og brukere og oppdage omr\u00e5der der vi kan forbedre oss. <\/li>\n<\/ol>\n<p> <\/p>\n<h3><strong>HVA ER LEGITIMERINGEN FOR BEHANDLING AV DINE DATA?<\/strong><\/h3>\n<p>Det rettslige grunnlaget som tillater oss \u00e5 behandle dine personopplysninger, avhenger ogs\u00e5 av form\u00e5let vi behandler dem for. P\u00e5 denne m\u00e5ten vil vi finne forskjellige rettslige grunnlag i henhold til f\u00f8lgende form\u00e5l:<\/p>\n<ol>\n<li> <strong> Behandling av informasjonsforesp\u00f8rsler.<br><\/strong>Det rettslige grunnlaget for behandling av dine data er informert samtykke for \u00e5 svare p\u00e5 sp\u00f8rsm\u00e5l som stilles via nettsiden, noe som inneb\u00e6rer aksept av disse vilk\u00e5rene fra den interessertes side.<\/li>\n<li><strong>Markedsf\u00f8ring.<br><\/strong>Det legitime grunnlaget for \u00e5 behandle dine data for markedsf\u00f8ringsform\u00e5l er samtykket du gir.<\/li>\n<li><strong>Sosiale nettverk<br><\/strong>Grunnlaget for legitimering er informert samtykke for \u00e5 svare p\u00e5 sp\u00f8rsm\u00e5l som stilles via det sosiale nettverket, samt det \u00f8yeblikket du f\u00f8lger oss og \u00f8nsker \u00e5 v\u00e6re en del av v\u00e5r kontaktliste.<\/li>\n<li><strong>Analyse av brukervennlighet og kvalitet (Informasjonskapsler)<br><\/strong>Brukerens samtykke til implementering av informasjonskapsler.<\/li>\n<\/ol>\n<p> <\/p>\n<h3><strong>HVOR LENGE VIL VI OPPBEVARE DINE DATA?<\/strong><\/h3>\n<ol>\n<li><strong>Foresp\u00f8rsel om informasjon.<br><\/strong>Vi vil behandle dine data i den tiden det er n\u00f8dvendig for \u00e5 behandle din foresp\u00f8rsel eller henvendelse og deretter 1 \u00e5r.<\/li>\n<li><strong>Markedsf\u00f8ring<br><\/strong>Vi vil behandle dine data til du ber om \u00e5 bli fjernet eller kansellerer abonnementet ditt p\u00e5 nyhetsbrevet.<\/li>\n<li><strong>Sosiale nettverk<br><\/strong>Vi vil behandle dine data i den tiden det er n\u00f8dvendig for \u00e5 behandle din foresp\u00f8rsel eller henvendelse og s\u00e5 lenge du er f\u00f8lger av v\u00e5r profil.<\/li>\n<li><strong>Analyse av brukervennlighet og kvalitet for \u00e5 forbedre v\u00e5re tjenester (Informasjonskapsler)<br><\/strong>I henhold til det som er fastsatt i retningslinjene for informasjonskapsler.<\/li>\n<\/ol>\n<p> <\/p>\n<h3><strong>VIL VI DELE DINE DATA MED TREDJEPARTER?<\/strong><\/h3>\n<p>Personopplysninger vil ikke bli overf\u00f8rt eller kommunisert til tredjeparter, med mindre: det foreligger en juridisk forpliktelse, vi innhenter ditt uttrykkelige samtykke eller vi forst\u00e5r at det foreligger en legitim interesse fra v\u00e5r side, som vil bli beh\u00f8rig kommunisert til deg.<br>Vi informerer deg imidlertid om at vi er til stede p\u00e5 f\u00f8lgende sosiale nettverk: Facebook, LinkedIn, Twitter og YouTube, for \u00e5 holde v\u00e5re f\u00f8lgere informert om selskapets nyheter og tjenester.<br>Du kan f\u00e5 tilgang til disse sosiale nettverkene frivillig og via lenkene som er tilgjengelige p\u00e5 selve nettsiden eller ved \u00e5 g\u00e5 direkte og for egen regning fra nettleseren eller appen som er installert.<br>Du b\u00f8r vite at dette nettstedet ikke er ansvarlig for bruken av dataene som disse sosiale nettverkene kan utf\u00f8re. Men n\u00e5r disse dataene genereres i det sosiale nettverket og stammer fra en interaksjon med v\u00e5r offisielle konto, vil vi v\u00e6re medansvarlige for behandlingen sammen med det sosiale nettverket.<br>For \u00e5 kunne samtykke til v\u00e5r overf\u00f8ring fra dette nettstedet og behandlingen som utf\u00f8res av dine data, m\u00e5 du lese personvernreglene for det sosiale nettverket du \u00f8nsker \u00e5 f\u00e5 tilgang til n\u00f8ye: <\/p>\n<ul>\n<li>Facebook: <a href=\"https:\/\/es-es.facebook.com\/privacy\/explanation\">https:\/\/es-es.facebook.com\/privacy\/explanation<\/a><\/li>\n<li>LinkedIn: <a href=\"https:\/\/es.linkedin.com\/legal\/privacy-policy\">https:\/\/es.linkedin.com\/legal\/privacy-policy<\/a><\/li>\n<li>YouTube: <a href=\"https:\/\/www.youtube.com\/intl\/es\/about\/policies\/#community-guidelines\">https:\/\/www.youtube.com\/intl\/es\/about\/policies\/#community-guidelines<\/a><\/li>\n<li>Twitter: <a href=\"https:\/\/twitter.com\/es\/privacy\">https:\/\/twitter.com\/es\/privacy<\/a><\/li>\n<\/ul>\n<p>P\u00e5 denne m\u00e5ten, f\u00f8r du klikker p\u00e5 logoene til de sosiale nettverkene som er til stede p\u00e5 v\u00e5r nettside, kan du informere deg og utf\u00f8re en omadressering med forkunnskap om behandlingen av dine data og frivillig.<br>Andre teknologiske tjenester:  <\/p>\n<ul>\n<li>WhatsApp: <a href=\"https:\/\/www.whatsapp.com\/legal\/updates\/privacy-policy\/?lang=es\">https:\/\/www.whatsapp.com\/legal\/updates\/privacy-policy\/?lang=es<\/a><\/li>\n<\/ul>\n<p> <\/p>\n<h3><strong>HVILKE ER <\/strong><strong>DINE RETTIGHETER N\u00c5R DU GIR OSS DINE DATA?<\/strong><\/h3>\n<p>Vi forplikter oss til \u00e5 respektere konfidensialiteten til dine personopplysninger og garantere ut\u00f8velsen av dine rettigheter.<br>Du kan ut\u00f8ve dem kostnadsfritt ved \u00e5 sende oss en e-post til v\u00e5r adresse gestion@destinybybergen.com, bare ved \u00e5 angi \u00e5rsaken til din foresp\u00f8rsel og rettigheten du \u00f8nsker \u00e5 ut\u00f8ve.<br>I tilfelle vi anser det som n\u00f8dvendig for \u00e5 kunne identifisere deg, kan vi be om en kopi av et dokument som bekrefter din identitet. Spesielt, uavhengig av form\u00e5let eller det rettslige grunnlaget i henhold til hvilket vi behandler dine data, har du rett til \u00e5:<br>Be oss om tilgang til dine data som vi har tilgjengelig.<br>Be oss om \u00e5 korrigere dataene vi allerede har tilgjengelig. V\u00e6r oppmerksom p\u00e5 at ved aktivt \u00e5 gi oss dine personopplysninger p\u00e5 noen m\u00e5te, garanterer du at de er sanne og n\u00f8yaktige og forplikter deg til \u00e5 varsle oss om enhver endring eller modifikasjon av dem.<br>Be oss om \u00e5 slette dine data i den grad de ikke lenger er n\u00f8dvendige for form\u00e5let vi trenger \u00e5 behandle dem for, som vi har informert deg om tidligere, eller at vi ikke lenger har legitimering til \u00e5 gj\u00f8re det.<br>Be oss om \u00e5 begrense behandlingen av dine data, noe som inneb\u00e6rer at du i visse tilfeller kan be oss om \u00e5 suspendere behandlingen av dataene midlertidig eller at vi oppbevarer dem utover den tiden som er n\u00f8dvendig n\u00e5r du m\u00e5tte trenge det. Hvis du har gitt oss ditt samtykke til behandling av dine data for ethvert form\u00e5l, har du ogs\u00e5 rett til \u00e5 trekke det tilbake n\u00e5r som helst.<br>Motta de personopplysningene som gjelder deg og som du har gitt oss, i et strukturert, vanlig brukt og maskinlesbart format, samt \u00e5 overf\u00f8re dem til en annen behandlingsansvarlig.<br>P\u00e5 den annen side, n\u00e5r behandlingen av dine data er basert p\u00e5 v\u00e5r legitime interesse, vil du ogs\u00e5 ha rett til \u00e5 motsette deg behandlingen av dine data.<br>Til slutt informerer vi deg om din rett til \u00e5 sende inn en klage til den relevante tilsynsmyndigheten for databeskyttelse, spesielt til det spanske datatilsynet <a href=\"https:\/\/www.agpd.es\/portalwebAGPD\/index-ides-idphp.php\">https:\/\/www.agpd.es\/portalwebAGPD\/index-ides-idphp.php<\/a>    <\/p>\n<p> <\/p>\n<h3><strong>ENDRINGER I PERSONVERNERKL\u00c6RINGEN.<\/strong><\/h3>\n<p>  Det er mulig at vi endrer informasjonen i denne personvernerkl\u00e6ringen n\u00e5r vi anser det som hensiktsmessig. I tilfelle vi gj\u00f8r det, vil vi varsle deg p\u00e5 forskjellige m\u00e5ter via plattformen, eller vi vil til og med kommunisere det til din e-postadresse n\u00e5r endringen er betydelig for ditt personvern, slik at du kan gjennomg\u00e5 endringene, vurdere dem og, i s\u00e5 fall, motsette deg eller melde deg av en tjeneste eller funksjon. <\/p>\n<p> <\/p>\n<h3><strong>INFORMASJON OM INFORMASJONSKAPSLER<\/strong><\/h3>\n<p class=\"wp-block-heading\">Vi bruker informasjonskapsler og lignende enheter for \u00e5 lette din navigering p\u00e5 plattformen, vite hvordan du samhandler med oss og, i visse tilfeller, kunne vise deg reklame basert p\u00e5 dine surfevaner. Vennligst les v\u00e5re <strong>Retningslinjer for informasjonskapsler<\/strong> for \u00e5 finne ut mer om informasjonskapslene og lignende enheter vi bruker, deres form\u00e5l og annen relevant informasjon. <\/p>\t\t\t\t\t\t\t\t<\/div>\n\t\t\t\t<\/div>\n\t\t\t\t\t<\/div>\n\t\t\t\t<\/div>\n\t\t<div class=\"elementor-element elementor-element-b65e4b8 e-flex e-con-boxed parallax_section_no qode_elementor_container_no e-con e-parent\" data-id=\"b65e4b8\" data-element_type=\"container\" data-e-type=\"container\">\n\t\t\t\t\t<div class=\"e-con-inner\">\n\t\t<div class=\"elementor-element elementor-element-776753b e-con-full e-flex parallax_section_no qode_elementor_container_no e-con e-child\" data-id=\"776753b\" data-element_type=\"container\" data-e-type=\"container\">\n\t\t\t\t<div class=\"elementor-element elementor-element-974625f elementor-widget-divider--view-line elementor-widget elementor-widget-divider\" data-id=\"974625f\" data-element_type=\"widget\" data-e-type=\"widget\" data-widget_type=\"divider.default\">\n\t\t\t\t<div class=\"elementor-widget-container\">\n\t\t\t\t\t\t\t<div class=\"elementor-divider\">\n\t\t\t<span class=\"elementor-divider-separator\">\n\t\t\t\t\t\t<\/span>\n\t\t<\/div>\n\t\t\t\t\t\t<\/div>\n\t\t\t\t<\/div>\n\t\t\t\t<\/div>\n\t\t\t\t\t<\/div>\n\t\t\t\t<\/div>\n\t\t<div class=\"elementor-element elementor-element-161211e e-flex e-con-boxed parallax_section_no qode_elementor_container_no e-con e-parent\" data-id=\"161211e\" data-element_type=\"container\" data-e-type=\"container\">\n\t\t\t\t\t<div class=\"e-con-inner\">\n\t\t<div class=\"elementor-element elementor-element-4bce4c3 e-con-full e-flex parallax_section_no qode_elementor_container_no e-con e-child\" data-id=\"4bce4c3\" data-element_type=\"container\" data-e-type=\"container\">\n\t\t<div class=\"elementor-element elementor-element-f5d38ff e-con-full e-flex parallax_section_no qode_elementor_container_no e-con e-child\" data-id=\"f5d38ff\" data-element_type=\"container\" data-e-type=\"container\">\n\t\t<div class=\"elementor-element elementor-element-c31de0f e-con-full e-flex parallax_section_no qode_elementor_container_no e-con e-child\" data-id=\"c31de0f\" data-element_type=\"container\" data-e-type=\"container\">\n\t\t\t\t<div class=\"elementor-element elementor-element-f62b0d8 elementor-widget elementor-widget-image\" data-id=\"f62b0d8\" data-element_type=\"widget\" data-e-type=\"widget\" data-widget_type=\"image.default\">\n\t\t\t\t<div class=\"elementor-widget-container\">\n\t\t\t\t\t\t\t\t\t\t\t\t\t\t\t<img decoding=\"async\" width=\"215\" height=\"209\" src=\"https:\/\/destinybybergen.com\/wp-content\/uploads\/2025\/02\/logo-positivo.webp\" class=\"attachment-medium_large size-medium_large wp-image-3678\" alt=\"logo\" \/>\t\t\t\t\t\t\t\t\t\t\t\t\t\t\t<\/div>\n\t\t\t\t<\/div>\n\t\t\t\t<\/div>\n\t\t<div class=\"elementor-element elementor-element-4a6224f e-con-full e-flex parallax_section_no qode_elementor_container_no e-con e-child\" data-id=\"4a6224f\" data-element_type=\"container\" data-e-type=\"container\">\n\t\t\t\t<div class=\"elementor-element elementor-element-07680b7 elementor-widget elementor-widget-text-editor\" data-id=\"07680b7\" data-element_type=\"widget\" data-e-type=\"widget\" data-widget_type=\"text-editor.default\">\n\t\t\t\t<div class=\"elementor-widget-container\">\n\t\t\t\t\t\t\t\t\t<p><span data-mce-type=\"bookmark\" style=\"display: inline-block; width: 0px; overflow: hidden; line-height: 0;\" class=\"mce_SELRES_start\"><\/span><strong>BES\u00d8K V\u00c5RT SALGSKONTOR<\/strong><\/p><p class=\"has-text-align-center\">Partida Buena Vista, 10 &#8211; La Nuc\u00eda<\/p><p class=\"has-text-align-center\">Tel: <a href=\"tel:0034697635908\">+34 697 63 59 08<\/a><\/p>\n<p class=\"has-text-align-center\">Tel: <a href=\"tel:442045860724\">+44 2045860724<\/a><\/p><p>E-POST:: <a href=\"mailto:hola@destinybybergen.com\">hola@destinybybergen.com<\/a><\/p>\t\t\t\t\t\t\t\t<\/div>\n\t\t\t\t<\/div>\n\t\t\t\t<\/div>\n\t\t<div class=\"elementor-element elementor-element-7487a47 e-con-full e-flex parallax_section_no qode_elementor_container_no e-con e-child\" data-id=\"7487a47\" data-element_type=\"container\" data-e-type=\"container\">\n\t\t\t\t<div class=\"elementor-element elementor-element-157608c elementor-widget elementor-widget-image\" data-id=\"157608c\" data-element_type=\"widget\" data-e-type=\"widget\" data-widget_type=\"image.default\">\n\t\t\t\t<div class=\"elementor-widget-container\">\n\t\t\t\t\t\t\t\t\t\t\t\t\t\t\t\t<a href=\"https:\/\/assetlighthouse.com\/\" target=\"_blank\">\n\t\t\t\t\t\t\t<img fetchpriority=\"high\" decoding=\"async\" width=\"488\" height=\"165\" src=\"https:\/\/destinybybergen.com\/wp-content\/uploads\/2025\/05\/logotipo-cabecera.webp\" class=\"attachment-large size-large wp-image-3679\" alt=\"logotipo cabecera\" srcset=\"https:\/\/destinybybergen.com\/wp-content\/uploads\/2025\/05\/logotipo-cabecera.webp 488w, https:\/\/destinybybergen.com\/wp-content\/uploads\/2025\/05\/logotipo-cabecera-300x101.webp 300w\" sizes=\"(max-width: 488px) 100vw, 488px\" \/>\t\t\t\t\t\t\t\t<\/a>\n\t\t\t\t\t\t\t\t\t\t\t\t\t\t\t<\/div>\n\t\t\t\t<\/div>\n\t\t\t\t<\/div>\n\t\t\t\t<\/div>\n\t\t\t\t<\/div>\n\t\t\t\t\t<\/div>\n\t\t\t\t<\/div>\n\t\t\t\t<\/div>\n\t\t","protected":false},"excerpt":{"rendered":"<p>PERSONVERN- OG DATABESKYTTELSESPOLICY PERSONVERNERKL\u00c6RINGHVEM ER BEHANDLINGSANSVARLIG FOR DINE DATA?HVILKEN TYPE DATA BEHANDLER VI?HVILKET FORM\u00c5L BEHANDLER VI DINE PERSONOPPLYSNINGER FOR?HVA ER LEGITIMERINGEN FOR BEHANDLING AV DINE DATA?HVOR LENGE VIL VI OPPBEVARE DINE DATA?VIL VI DELE DINE DATA MED TREDJEPARTER?HVILKE RETTIGHETER HAR DU N\u00c5R DU GIR OSS&#8230;<\/p>\n","protected":false},"author":6,"featured_media":0,"parent":0,"menu_order":0,"comment_status":"closed","ping_status":"open","template":"","meta":{"_monsterinsights_skip_tracking":false,"_monsterinsights_sitenote_active":false,"_monsterinsights_sitenote_note":"","_monsterinsights_sitenote_category":0,"_uf_show_specific_survey":0,"_uf_disable_surveys":false,"footnotes":""},"class_list":["post-3782","page","type-page","status-publish","hentry"],"aioseo_notices":[],"_links":{"self":[{"href":"https:\/\/destinybybergen.com\/no\/wp-json\/wp\/v2\/pages\/3782","targetHints":{"allow":["GET"]}}],"collection":[{"href":"https:\/\/destinybybergen.com\/no\/wp-json\/wp\/v2\/pages"}],"about":[{"href":"https:\/\/destinybybergen.com\/no\/wp-json\/wp\/v2\/types\/page"}],"author":[{"embeddable":true,"href":"https:\/\/destinybybergen.com\/no\/wp-json\/wp\/v2\/users\/6"}],"replies":[{"embeddable":true,"href":"https:\/\/destinybybergen.com\/no\/wp-json\/wp\/v2\/comments?post=3782"}],"version-history":[{"count":5,"href":"https:\/\/destinybybergen.com\/no\/wp-json\/wp\/v2\/pages\/3782\/revisions"}],"predecessor-version":[{"id":4118,"href":"https:\/\/destinybybergen.com\/no\/wp-json\/wp\/v2\/pages\/3782\/revisions\/4118"}],"wp:attachment":[{"href":"https:\/\/destinybybergen.com\/no\/wp-json\/wp\/v2\/media?parent=3782"}],"curies":[{"name":"wp","href":"https:\/\/api.w.org\/{rel}","templated":true}]}}