{"id":4062,"date":"2025-10-01T18:50:35","date_gmt":"2025-10-01T18:50:35","guid":{"rendered":"https:\/\/destinybybergen.com\/aviso-legal\/"},"modified":"2026-02-10T14:29:21","modified_gmt":"2026-02-10T14:29:21","slug":"aviso-legal","status":"publish","type":"page","link":"https:\/\/destinybybergen.com\/pl\/aviso-legal\/","title":{"rendered":"Informacje prawne"},"content":{"rendered":"\t\t<div data-elementor-type=\"wp-page\" data-elementor-id=\"4062\" class=\"elementor elementor-4062 elementor-2866\" data-elementor-post-type=\"page\">\n\t\t\t\t<div class=\"elementor-element elementor-element-7409e64d e-flex e-con-boxed parallax_section_no qode_elementor_container_no e-con e-parent\" data-id=\"7409e64d\" data-element_type=\"container\" data-e-type=\"container\">\n\t\t\t\t\t<div class=\"e-con-inner\">\n\t\t\t\t<div class=\"elementor-element elementor-element-167905d0 elementor-widget elementor-widget-text-editor\" data-id=\"167905d0\" data-element_type=\"widget\" data-e-type=\"widget\" data-widget_type=\"text-editor.default\">\n\t\t\t\t<div class=\"elementor-widget-container\">\n\t\t\t\t\t\t\t\t\t<p>Przeczytaj wszystkie punkty niniejszych Informacji prawnych przed korzystaniem z tej strony internetowej. Poni\u017csze warunki s\u0105 wi\u0105\u017c\u0105ce dla ka\u017cdego u\u017cytkownika strony.<br>W zgodzie z obowi\u0105zkiem informacyjnym okre\u015blonym w Ustawie 34\/2002 o Us\u0142ugach Spo\u0142ecze\u0144stwa Informacyjnego i Handlu Elektronicznego (LSSI-CE) z 11 lipca, poni\u017cej przedstawiamy nast\u0119puj\u0105ce dane og\u00f3lne tej strony internetowej.<br>Celem tego tekstu jest szczeg\u00f3\u0142owe wyja\u015bnienie funkcjonalno\u015bci tej strony i dostarczenie informacji zwi\u0105zanych z w\u0142a\u015bcicielem strony oraz celem tre\u015bci na niej zawartych. <\/p><p> <\/p><h3 data-prosemirror-content-type=\"node\" data-prosemirror-node-name=\"paragraph\" data-prosemirror-node-block=\"true\"><strong data-prosemirror-content-type=\"mark\" data-prosemirror-mark-name=\"strong\">DANE IDENTYFIKACYJNE<\/strong><\/h3><p>Niniejsze Informacje prawne reguluj\u0105 korzystanie z us\u0142ug strony internetowej, informuj\u0105c zgodnie z Ustaw\u0105 34\/2002 z 11 lipca o Us\u0142ugach Spo\u0142ecze\u0144stwa Informacyjnego i Handlu Elektronicznym o nast\u0119puj\u0105cych kwestiach:<br><strong>Nazwa firmy:<\/strong> BERGEN REAL ESTATE LA SERRETA S.L<\/p><p><strong>Siedziba firmy:<\/strong> Calle Eucalipto 25<\/p><p data-prosemirror-content-type=\"node\" data-prosemirror-node-name=\"paragraph\" data-prosemirror-node-block=\"true\"><strong>Adres e-mail:<\/strong> gestion@destinybybergen.com<br><strong>Telefon kontaktowy:<\/strong> 965064881. <br><strong>Numer Identyfikacji Podatkowej (CIF):<\/strong> B19797570<\/p><p data-prosemirror-content-type=\"node\" data-prosemirror-node-name=\"paragraph\" data-prosemirror-node-block=\"true\"> <\/p><h3 data-prosemirror-content-type=\"node\" data-prosemirror-node-name=\"paragraph\" data-prosemirror-node-block=\"true\"><strong data-prosemirror-content-type=\"mark\" data-prosemirror-mark-name=\"strong\">KORZYSTANIE ZE STRONY INTERNETOWEJ I OBOWI\u0104ZKI U\u017bYTKOWNIK\u00d3W.<\/strong><\/h3><p>U\u017cytkownik zobowi\u0105zuje si\u0119 do korzystania ze strony internetowej, tre\u015bci i us\u0142ug bez naruszania obowi\u0105zuj\u0105cego prawa, powszechnie przyj\u0119tych zasad i porz\u0105dku publicznego. Zabronione jest korzystanie ze strony w celach niezgodnych z prawem lub szkodliwych dla BERGEN REAL ESTATE LA SERRETA S.L <\/p><p>  lub os\u00f3b trzecich, kt\u00f3re w jakikolwiek spos\u00f3b mog\u0105 spowodowa\u0107 szkody lub uniemo\u017cliwi\u0107 normalne korzystanie ze strony internetowej.<br>BERGEN REAL ESTATE LA SERRETA S.L gwarantuje, \u017ce tre\u015bci i us\u0142ugi oferowane przez portal respektuj\u0105 zasad\u0119 godno\u015bci osoby ludzkiej, ochrony m\u0142odzie\u017cy i dzieci, niedyskryminacji ze wzgl\u0119du na ras\u0119, p\u0142e\u0107, religi\u0119, pogl\u0105dy, narodowo\u015b\u0107, niepe\u0142nosprawno\u015b\u0107 lub jakikolwiek inny aspekt osobisty i spo\u0142eczny.<br>Niniejsze Og\u00f3lne Warunki Korzystania ze strony internetowej nie przyznaj\u0105 u\u017cytkownikowi \u017cadnych innych praw do u\u017cytkowania, zmiany, eksploatacji, reprodukcji, dystrybucji lub publicznego udost\u0119pniania tre\u015bci strony internetowej innych ni\u017c te wyra\u017anie przewidziane w niniejszym dokumencie.<br>Tre\u015bci (informacje, pliki d\u017awi\u0119kowe i\/lub obrazowe, fotografie, projekty itp.) zawarte w portalu s\u0105 w\u0142asno\u015bci\u0105 BERGEN REAL ESTATE LA SERRETA S.L lub firma posiada odpowiednie upowa\u017cnienie do ich rozpowszechniania od ich prawnych w\u0142a\u015bcicieli.<br>BERGEN REAL ESTATE LA SERRETA S.L zobowi\u0105zuje si\u0119 do nieprowadzenia reklamy wprowadzaj\u0105cej w b\u0142\u0105d, dlatego zabronione jest:<\/p><ul><li>U\u017cywanie do wszelkich cel\u00f3w komercyjnych lub reklamowych innych ni\u017c \u015bci\u015ble dozwolone.<\/li><li>Reprodukcja, publikacja, dystrybucja lub modyfikacja, ca\u0142kowita lub cz\u0119\u015bciowa, chyba \u017ce uzyskano wcze\u015bniejsze pisemne upowa\u017cnienie od prawnych w\u0142a\u015bcicieli lub jest to prawnie dozwolone.<\/li><li>Jakiekolwiek naruszenie praw BERGEN REAL ESTATE LA SERRETA S.L lub ich prawnych w\u0142a\u015bcicieli.<\/li><\/ul><p> <\/p><h3 data-prosemirror-content-type=\"node\" data-prosemirror-node-name=\"paragraph\" data-prosemirror-node-block=\"true\"><strong data-prosemirror-content-type=\"mark\" data-prosemirror-mark-name=\"strong\">W\u0141ASNO\u015a\u0106 INTELEKTUALNA I PRZEMYS\u0141OWA<\/strong><\/h3><p>U\u017cytkownik uznaje i akceptuje, \u017ce wszystkie prawa w\u0142asno\u015bci przemys\u0142owej i intelektualnej do tre\u015bci i\/lub wszelkich innych element\u00f3w umieszczonych na stronie internetowej nale\u017c\u0105 do BERGEN REAL ESTATE LA SERRETA S.L lub firma posiada odpowiednie upowa\u017cnienie do ich rozpowszechniania na tej stronie.<br>W przypadku gdy u\u017cytkownik lub osoba trzecia uwa\u017ca, \u017ce dosz\u0142o do naruszenia ich prawnych praw w\u0142asno\u015bci intelektualnej przez umieszczenie okre\u015blonej tre\u015bci na stronie, powinna powiadomi\u0107 o tym BERGEN REAL ESTATE LA SERRETA S.L wskazuj\u0105c:<\/p><ul><li>Dane w\u0142a\u015bciciela domniemanie naruszonych praw lub wskazanie reprezentacji, w kt\u00f3rej dzia\u0142a w przypadku gdy reklamacj\u0119 sk\u0142ada osoba trzecia inna ni\u017c zainteresowana.<\/li><li>Wskazanie tre\u015bci chronionych prawami w\u0142asno\u015bci intelektualnej i ich lokalizacj\u0119 na stronie, potwierdzenie wskazanych praw w\u0142asno\u015bci intelektualnej oraz wyra\u017ane o\u015bwiadczenie, w kt\u00f3rym zainteresowany bierze odpowiedzialno\u015b\u0107 za prawdziwo\u015b\u0107 informacji podanych w powiadomieniu.<\/li><\/ul><p> <\/p><h3 data-prosemirror-content-type=\"node\" data-prosemirror-node-name=\"paragraph\" data-prosemirror-node-block=\"true\"><strong data-prosemirror-content-type=\"mark\" data-prosemirror-mark-name=\"strong\">LINKI<\/strong><\/h3><p>Niniejsza strona internetowa zawiera linki do innych w\u0142asnych stron internetowych i tre\u015bci b\u0119d\u0105cych w\u0142asno\u015bci\u0105 os\u00f3b trzecich.<br>Jedynym celem link\u00f3w jest zapewnienie u\u017cytkownikowi mo\u017cliwo\u015bci dost\u0119pu do tych link\u00f3w. BERGEN REAL ESTATE LA SERRETA S.L nie ponosi w \u017cadnym przypadku odpowiedzialno\u015bci za skutki, kt\u00f3re mog\u0105 wynikn\u0105\u0107 dla u\u017cytkownika z dost\u0119pu do tych link\u00f3w.<br>U\u017cytkownik, kt\u00f3ry zamierza ustanowi\u0107 jakiekolwiek techniczne urz\u0105dzenie linkuj\u0105ce ze swojej strony internetowej do portalu, musi uzyska\u0107 wcze\u015bniejsze pisemne upowa\u017cnienie BERGEN REAL ESTATE LA SERRETA S.L. Ustanowienie linku nie oznacza w \u017cadnym przypadku istnienia relacji mi\u0119dzy BERGEN REAL ESTATE LA SERRETA S.L a w\u0142a\u015bcicielem strony, na kt\u00f3rej ustanowiono link, ani akceptacji lub zatwierdzenia ze strony <\/p><p> <\/p><p>Strona internetowa, na kt\u00f3rej ustanowiono link, nie b\u0119dzie zawiera\u0107 \u017cadnej marki, nazwy, logo, sloganu lub innych znak\u00f3w wyr\u00f3\u017cniaj\u0105cych nale\u017c\u0105cych do BERGEN REAL ESTATE LA SERRETA S.L, z wyj\u0105tkiem wyra\u017anie upowa\u017cnionych.<\/p><p> <\/p><h3 data-prosemirror-content-type=\"node\" data-prosemirror-node-name=\"paragraph\" data-prosemirror-node-block=\"true\"><strong data-prosemirror-content-type=\"mark\" data-prosemirror-mark-name=\"strong\">JEDNOSTRONNA MODYFIKACJA I CZAS TRWANIA<\/strong><\/h3><p>BERGEN REAL ESTATE LA SERRETA S.L zastrzega sobie prawo do modyfikacji w dowolnym momencie i bez konieczno\u015bci wcze\u015bniejszego powiadomienia prezentacji i konfiguracji strony internetowej oraz niniejszych Informacji prawnych.<br>WY\u0141\u0104CZENIE GWARANCJI I ODPOWIEDZIALNO\u015aCI<br>BERGEN REAL ESTATE LA SERRETA S.L nie udziela \u017cadnej gwarancji ani nie ponosi odpowiedzialno\u015bci w \u017cadnym przypadku za szkody i straty jakiejkolwiek natury, kt\u00f3re mog\u0105 powsta\u0107 z powodu:<\/p><ul><li>Braku dost\u0119pno\u015bci, konserwacji i efektywnego funkcjonowania strony i\/lub jej us\u0142ug lub tre\u015bci.<\/li><li>Istnienia wirus\u00f3w, z\u0142o\u015bliwych lub szkodliwych program\u00f3w w tre\u015bciach.<\/li><li>Niezgodnego z prawem, niedba\u0142ego, oszuka\u0144czego u\u017cytkowania, sprzecznego z niniejszymi warunkami, z dobr\u0105 wiar\u0105, z powszechnie przyj\u0119tymi zasadami lub porz\u0105dkiem publicznym strony internetowej, jej us\u0142ug lub tre\u015bci przez u\u017cytkownik\u00f3w.<\/li><\/ul><p> <\/p><h3 data-prosemirror-content-type=\"node\" data-prosemirror-node-name=\"paragraph\" data-prosemirror-node-block=\"true\"><strong data-prosemirror-content-type=\"mark\" data-prosemirror-mark-name=\"strong\">PRZETWARZANIE DANYCH OSOBOWYCH<\/strong><\/h3><p>BERGEN REAL ESTATE LA SERRETA S.L., zgodnie z &#8222;POLITYK\u0104 PRYWATNO\u015aCI&#8221;, kt\u00f3r\u0105 mo\u017cna znale\u017a\u0107 na tej stronie, zastosowa\u0142a odpowiednie \u015brodki bezpiecze\u0144stwa dla danych, kt\u00f3re przetwarza i kt\u00f3rymi zarz\u0105dza, wdra\u017caj\u0105c wszystkie dost\u0119pne \u015brodki i techniczne rozwi\u0105zania, aby zagwarantowa\u0107 ich poufno\u015b\u0107, unikn\u0105\u0107 niew\u0142a\u015bciwego wykorzystania, utraty, zmiany, nieautoryzowanego dost\u0119pu i kradzie\u017cy.<\/p><h3 data-prosemirror-content-type=\"node\" data-prosemirror-node-name=\"paragraph\" data-prosemirror-node-block=\"true\"> <\/h3><h3 data-prosemirror-content-type=\"node\" data-prosemirror-node-name=\"paragraph\" data-prosemirror-node-block=\"true\"><strong data-prosemirror-content-type=\"mark\" data-prosemirror-mark-name=\"strong\">OBOWI\u0104ZUJ\u0104CE PRAWO I JURYSDYKCJA<\/strong><\/h3><p>Do rozstrzygania wszystkich spor\u00f3w lub kwestii zwi\u0105zanych z niniejsz\u0105 stron\u0105 internetow\u0105 lub dzia\u0142aniami na niej prowadzonymi b\u0119dzie mia\u0142o zastosowanie prawo hiszpa\u0144skie, kt\u00f3remu strony wyra\u017anie si\u0119 poddaj\u0105, przy czym do rozstrzygania wszystkich konflikt\u00f3w wynikaj\u0105cych z jej u\u017cytkowania lub z ni\u0105 zwi\u0105zanych w\u0142a\u015bciwe b\u0119d\u0105 S\u0105dy i Trybuna\u0142y miejsca zamieszkania powoda, kt\u00f3ry identyfikuje si\u0119 jako konsument, w przeciwnym przypadku w\u0142a\u015bciwe b\u0119d\u0105 S\u0105dy i Trybuna\u0142y miasta Torrevieja (Hiszpania)<\/p><p> <\/p><h3 data-prosemirror-content-type=\"node\" data-prosemirror-node-name=\"paragraph\" data-prosemirror-node-block=\"true\"><strong data-prosemirror-content-type=\"mark\" data-prosemirror-mark-name=\"strong\">KONTAKT<\/strong><\/h3><p>W przypadku gdy jakikolwiek u\u017cytkownik mia\u0142by w\u0105tpliwo\u015bci dotycz\u0105ce niniejszych informacji prawnych lub jakiekolwiek komentarze na ich temat, mo\u017ce skierowa\u0107 si\u0119 pod adres gestion@destinybybergen.com lub wys\u0142a\u0107 pisemn\u0105 komunikacj\u0119 na adres podany w nag\u0142\u00f3wku.<\/p>\t\t\t\t\t\t\t\t<\/div>\n\t\t\t\t<\/div>\n\t\t\t\t\t<\/div>\n\t\t\t\t<\/div>\n\t\t<div class=\"elementor-element elementor-element-b65e4b8 e-flex e-con-boxed parallax_section_no qode_elementor_container_no e-con e-parent\" data-id=\"b65e4b8\" data-element_type=\"container\" data-e-type=\"container\">\n\t\t\t\t\t<div class=\"e-con-inner\">\n\t\t<div class=\"elementor-element elementor-element-776753b e-con-full e-flex parallax_section_no qode_elementor_container_no e-con e-child\" data-id=\"776753b\" data-element_type=\"container\" data-e-type=\"container\">\n\t\t\t\t<div class=\"elementor-element elementor-element-974625f elementor-widget-divider--view-line elementor-widget elementor-widget-divider\" data-id=\"974625f\" data-element_type=\"widget\" data-e-type=\"widget\" data-widget_type=\"divider.default\">\n\t\t\t\t<div class=\"elementor-widget-container\">\n\t\t\t\t\t\t\t<div class=\"elementor-divider\">\n\t\t\t<span class=\"elementor-divider-separator\">\n\t\t\t\t\t\t<\/span>\n\t\t<\/div>\n\t\t\t\t\t\t<\/div>\n\t\t\t\t<\/div>\n\t\t\t\t<\/div>\n\t\t\t\t\t<\/div>\n\t\t\t\t<\/div>\n\t\t<div class=\"elementor-element elementor-element-161211e e-flex e-con-boxed parallax_section_no qode_elementor_container_no e-con e-parent\" data-id=\"161211e\" data-element_type=\"container\" data-e-type=\"container\">\n\t\t\t\t\t<div class=\"e-con-inner\">\n\t\t<div class=\"elementor-element elementor-element-4bce4c3 e-con-full e-flex parallax_section_no qode_elementor_container_no e-con e-child\" data-id=\"4bce4c3\" data-element_type=\"container\" data-e-type=\"container\">\n\t\t<div class=\"elementor-element elementor-element-f5d38ff e-con-full e-flex parallax_section_no qode_elementor_container_no e-con e-child\" data-id=\"f5d38ff\" data-element_type=\"container\" data-e-type=\"container\">\n\t\t<div class=\"elementor-element elementor-element-c31de0f e-con-full e-flex parallax_section_no qode_elementor_container_no e-con e-child\" data-id=\"c31de0f\" data-element_type=\"container\" data-e-type=\"container\">\n\t\t\t\t<div class=\"elementor-element elementor-element-f62b0d8 elementor-widget elementor-widget-image\" data-id=\"f62b0d8\" data-element_type=\"widget\" data-e-type=\"widget\" data-widget_type=\"image.default\">\n\t\t\t\t<div class=\"elementor-widget-container\">\n\t\t\t\t\t\t\t\t\t\t\t\t\t\t\t<img decoding=\"async\" width=\"215\" height=\"209\" src=\"https:\/\/destinybybergen.com\/wp-content\/uploads\/2025\/02\/logo-positivo.webp\" class=\"attachment-medium_large size-medium_large wp-image-3823\" alt=\"logo\" \/>\t\t\t\t\t\t\t\t\t\t\t\t\t\t\t<\/div>\n\t\t\t\t<\/div>\n\t\t\t\t<\/div>\n\t\t<div class=\"elementor-element elementor-element-4a6224f e-con-full e-flex parallax_section_no qode_elementor_container_no e-con e-child\" data-id=\"4a6224f\" data-element_type=\"container\" data-e-type=\"container\">\n\t\t\t\t<div class=\"elementor-element elementor-element-07680b7 elementor-widget elementor-widget-text-editor\" data-id=\"07680b7\" data-element_type=\"widget\" data-e-type=\"widget\" data-widget_type=\"text-editor.default\">\n\t\t\t\t<div class=\"elementor-widget-container\">\n\t\t\t\t\t\t\t\t\t<p><span data-mce-type=\"bookmark\" style=\"display: inline-block; width: 0px; overflow: hidden; line-height: 0;\" class=\"mce_SELRES_start\"><\/span><strong>ODWIED\u0179 NASZE BIURO SPRZEDA\u017bY<\/strong><\/p><p class=\"has-text-align-center\">Partida Buena Vista, 10 &#8211; La Nuc\u00eda<\/p><p class=\"has-text-align-center\">Tel: <a href=\"tel:0034697635908\">+34 697 63 59 08<\/a><\/p>\n<p class=\"has-text-align-center\">Tel: <a href=\"tel:442045860724\">+44 2045860724<\/a><\/p><p>E-mail: <a href=\"mailto:hola@destinybybergen.com\">hola@destinybybergen.com<\/a><\/p>\t\t\t\t\t\t\t\t<\/div>\n\t\t\t\t<\/div>\n\t\t\t\t<\/div>\n\t\t<div class=\"elementor-element elementor-element-7487a47 e-con-full e-flex parallax_section_no qode_elementor_container_no e-con e-child\" data-id=\"7487a47\" data-element_type=\"container\" data-e-type=\"container\">\n\t\t\t\t<div class=\"elementor-element elementor-element-157608c elementor-widget elementor-widget-image\" data-id=\"157608c\" data-element_type=\"widget\" data-e-type=\"widget\" data-widget_type=\"image.default\">\n\t\t\t\t<div class=\"elementor-widget-container\">\n\t\t\t\t\t\t\t\t\t\t\t\t\t\t\t\t<a href=\"https:\/\/assetlighthouse.com\/\" target=\"_blank\">\n\t\t\t\t\t\t\t<img fetchpriority=\"high\" decoding=\"async\" width=\"488\" height=\"165\" src=\"https:\/\/destinybybergen.com\/wp-content\/uploads\/2025\/05\/logotipo-cabecera.webp\" class=\"attachment-large size-large wp-image-3824\" alt=\"logotipo cabecera\" srcset=\"https:\/\/destinybybergen.com\/wp-content\/uploads\/2025\/05\/logotipo-cabecera.webp 488w, https:\/\/destinybybergen.com\/wp-content\/uploads\/2025\/05\/logotipo-cabecera-300x101.webp 300w\" sizes=\"(max-width: 488px) 100vw, 488px\" \/>\t\t\t\t\t\t\t\t<\/a>\n\t\t\t\t\t\t\t\t\t\t\t\t\t\t\t<\/div>\n\t\t\t\t<\/div>\n\t\t\t\t<\/div>\n\t\t\t\t<\/div>\n\t\t\t\t<\/div>\n\t\t\t\t\t<\/div>\n\t\t\t\t<\/div>\n\t\t\t\t<\/div>\n\t\t","protected":false},"excerpt":{"rendered":"<p>Przeczytaj wszystkie punkty niniejszych Informacji prawnych przed korzystaniem z tej strony internetowej. Poni\u017csze warunki s\u0105 wi\u0105\u017c\u0105ce dla ka\u017cdego u\u017cytkownika strony.W zgodzie z obowi\u0105zkiem informacyjnym okre\u015blonym w Ustawie 34\/2002 o Us\u0142ugach Spo\u0142ecze\u0144stwa Informacyjnego i Handlu Elektronicznego (LSSI-CE) z 11 lipca, poni\u017cej przedstawiamy nast\u0119puj\u0105ce dane og\u00f3lne tej&#8230;<\/p>\n","protected":false},"author":6,"featured_media":0,"parent":0,"menu_order":0,"comment_status":"closed","ping_status":"closed","template":"","meta":{"_monsterinsights_skip_tracking":false,"_monsterinsights_sitenote_active":false,"_monsterinsights_sitenote_note":"","_monsterinsights_sitenote_category":0,"_uf_show_specific_survey":0,"_uf_disable_surveys":false,"footnotes":""},"class_list":["post-4062","page","type-page","status-publish","hentry"],"aioseo_notices":[],"_links":{"self":[{"href":"https:\/\/destinybybergen.com\/pl\/wp-json\/wp\/v2\/pages\/4062","targetHints":{"allow":["GET"]}}],"collection":[{"href":"https:\/\/destinybybergen.com\/pl\/wp-json\/wp\/v2\/pages"}],"about":[{"href":"https:\/\/destinybybergen.com\/pl\/wp-json\/wp\/v2\/types\/page"}],"author":[{"embeddable":true,"href":"https:\/\/destinybybergen.com\/pl\/wp-json\/wp\/v2\/users\/6"}],"replies":[{"embeddable":true,"href":"https:\/\/destinybybergen.com\/pl\/wp-json\/wp\/v2\/comments?post=4062"}],"version-history":[{"count":1,"href":"https:\/\/destinybybergen.com\/pl\/wp-json\/wp\/v2\/pages\/4062\/revisions"}],"predecessor-version":[{"id":4063,"href":"https:\/\/destinybybergen.com\/pl\/wp-json\/wp\/v2\/pages\/4062\/revisions\/4063"}],"wp:attachment":[{"href":"https:\/\/destinybybergen.com\/pl\/wp-json\/wp\/v2\/media?parent=4062"}],"curies":[{"name":"wp","href":"https:\/\/api.w.org\/{rel}","templated":true}]}}