{"id":4093,"date":"2021-07-19T09:16:26","date_gmt":"2021-07-19T09:16:26","guid":{"rendered":"https:\/\/destinybybergen.com\/polityka-plikow-cookies\/"},"modified":"2026-03-04T13:00:38","modified_gmt":"2026-03-04T13:00:38","slug":"polityka-plikow-cookies","status":"publish","type":"page","link":"https:\/\/destinybybergen.com\/pl\/polityka-plikow-cookies\/","title":{"rendered":"Polityka plik\u00f3w Cookies"},"content":{"rendered":"\t\t<div data-elementor-type=\"wp-page\" data-elementor-id=\"4093\" class=\"elementor elementor-4093 elementor-801\" data-elementor-post-type=\"page\">\n\t\t\t\t<div class=\"elementor-element elementor-element-2573d522 e-flex e-con-boxed parallax_section_no qode_elementor_container_no e-con e-parent\" data-id=\"2573d522\" data-element_type=\"container\" data-e-type=\"container\">\n\t\t\t\t\t<div class=\"e-con-inner\">\n\t\t\t\t<div class=\"elementor-element elementor-element-3f7ecff3 elementor-widget elementor-widget-text-editor\" data-id=\"3f7ecff3\" data-element_type=\"widget\" data-e-type=\"widget\" data-widget_type=\"text-editor.default\">\n\t\t\t\t<div class=\"elementor-widget-container\">\n\t\t\t\t\t\t\t\t\t<h3><strong>DEFINICJA i og\u00f3lna funkcja plik\u00f3w COOKIES<\/strong><\/h3>\n<p>Pliki cookies to identyfikatory, kt\u00f3re wysy\u0142amy na dysk twardy Twojego komputera za po\u015brednictwem przegl\u0105darki internetowej, aby nasze systemy mog\u0142y rozpozna\u0107 Twoj\u0105 przegl\u0105dark\u0119 i oferowa\u0107 Ci okre\u015blone us\u0142ugi.<br>W og\u00f3lno\u015bci technologie te mog\u0105 s\u0142u\u017cy\u0107 do bardzo r\u00f3\u017cnych cel\u00f3w, na przyk\u0142ad rozpoznawania Ci\u0119 jako u\u017cytkownika, uzyskiwania informacji o Twoich nawykach przegl\u0105dania lub personalizowania sposobu wy\u015bwietlania tre\u015bci.<br>Ta strona korzysta z r\u00f3\u017cnych rodzaj\u00f3w cookies. Niekt\u00f3re cookies s\u0105 umieszczane przez us\u0142ugi stron trzecich, kt\u00f3re pojawiaj\u0105 si\u0119 na naszych stronach. W niekt\u00f3rych przypadkach, korzystaj\u0105c z wyszukiwarki Google, mo\u017cesz zaakceptowa\u0107 ich w\u0142asne pliki cookies. Te pliki cookies Google s\u0105 instalowane nawet je\u015bli nie zaakceptowa\u0142e\u015b naszych w\u0142asnych plik\u00f3w cookies i\/lub plik\u00f3w cookies stron trzecich.   <\/p>\n<p> <\/p>\n<p>Poni\u017cej wskazujemy pliki cookies, z kt\u00f3rych korzysta strona:<\/p>\n<p> <\/p>\n<h3><strong>STOSOWANE PLIKI COOKIES<\/strong><\/h3>\n<div><strong> <\/strong><\/div>\n<h6><strong>Niezb\u0119dne pliki cookies<\/strong><\/h6>\n<p>Niezb\u0119dne pliki cookies pomagaj\u0105 uczyni\u0107 stron\u0119 internetow\u0105 u\u017cyteczn\u0105, umo\u017cliwiaj\u0105c podstawowe funkcje, takie jak nawigacja po stronie i dost\u0119p do bezpiecznych obszar\u00f3w strony internetowej. Strona internetowa nie mo\u017ce dzia\u0142a\u0107 prawid\u0142owo bez tych plik\u00f3w cookies.<br> <\/p>\n<p> <\/p>\n<table style=\"height: 471px; border: 1px solid black;\" width=\"100%\">\n<tbody>\n<tr>\n<td style=\"border: 1px solid black;\" width=\"94\">\n<p>Nazwa<\/p>\n<\/td>\n<td style=\"border: 1px solid black;\" width=\"132\">\n<p>Dostawca<\/p>\n<\/td>\n<td style=\"border: 1px solid black;\" width=\"133\">\n<p>Cel<\/p>\n<\/td>\n<td style=\"border: 1px solid black;\" width=\"190\">\n<p>Caducidad<\/p>\n<\/td>\n<\/tr>\n<tr>\n<td style=\"border: 1px solid black;\" width=\"94\">\n<p>PHPSESSID<\/p>\n<\/td>\n<td style=\"border: 1px solid black;\" width=\"132\">\n<p>W\u0142asne<\/p>\n<\/td>\n<td style=\"border: 1px solid black;\" width=\"133\">\n<p>Zachowuje stany u\u017cytkownika we wszystkich \u017c\u0105daniach strony.<\/p>\n<\/td>\n<td style=\"border: 1px solid black;\" width=\"190\">\n<p>Sesja<\/p>\n<\/td>\n<\/tr>\n<tr>\n<td style=\"border: 1px solid black;\" width=\"94\">\n<p>rc::a<\/p>\n<\/td>\n<td style=\"border: 1px solid black;\" width=\"132\">\n<p>google.com<\/p>\n<\/td>\n<td style=\"border: 1px solid black;\" width=\"133\">\n<p>S\u0142u\u017cy do rozr\u00f3\u017cniania ludzi od bot\u00f3w.<\/p>\n<\/td>\n<td style=\"border: 1px solid black;\" width=\"190\">\n<p>Trwa\u0142e<\/p>\n<\/td>\n<\/tr>\n<tr>\n<td style=\"border: 1px solid black;\" width=\"94\">\n<p>rc::c<\/p>\n<\/td>\n<td style=\"border: 1px solid black;\" width=\"132\">\n<p>google.com<\/p>\n<\/td>\n<td style=\"border: 1px solid black;\" width=\"133\">\n<p>S\u0142u\u017cy do rozr\u00f3\u017cniania ludzi od bot\u00f3w.<\/p>\n<\/td>\n<td style=\"border: 1px solid black;\" width=\"190\">\n<p>Sesja<\/p>\n<\/td>\n<\/tr>\n<\/tbody>\n<\/table>\n<h6> <\/h6>\n<h6><strong>Pliki cookies dotycz\u0105ce preferencji<\/strong><\/h6>\n<p>Pliki cookies dotycz\u0105ce preferencji pozwalaj\u0105 stronie internetowej zapami\u0119ta\u0107 informacje, kt\u00f3re zmieniaj\u0105 spos\u00f3b zachowania lub wygl\u0105du strony, takie jak preferowany j\u0119zyk lub region, w kt\u00f3rym si\u0119 znajdujesz. Nie u\u017cywa si\u0119 plik\u00f3w cookies tego typu. <\/p>\n<p> <\/p>\n<h6><strong>Statystyczne pliki cookies<\/strong><\/h6>\n<p>Statystyczne pliki cookies pomagaj\u0105 w\u0142a\u015bcicielom stron internetowych zrozumie\u0107, w jaki spos\u00f3b odwiedzaj\u0105cy wchodz\u0105 w interakcj\u0119 ze stronami internetowymi, gromadz\u0105c i przekazuj\u0105c informacje w spos\u00f3b anonimowy. Aby wy\u0142\u0105czy\u0107 pliki cookies Google Analytics, mo\u017cesz zainstalowa\u0107 Dodatek do blokowania Google Analytics w przegl\u0105darce, kt\u00f3ry pozwoli Ci nie wysy\u0142a\u0107 informacji statystycznych. Jest on dost\u0119pny pod nast\u0119puj\u0105cym linkiem: <a href=\"https:\/\/tools.google.com\/dlpage\/gaoptout?hl=es\">https:\/\/tools.google.com\/dlpage\/gaoptout?hl=pl<\/a> Nie u\u017cywa si\u0119 plik\u00f3w cookies tego typu. <\/p>\n<p> <\/p>\n<h6><strong>Marketingowe pliki cookies<\/strong><\/h6>\n<p>Marketingowe pliki cookies s\u0105 wykorzystywane do \u015bledzenia odwiedzaj\u0105cych na stronach internetowych. Intencj\u0105 jest wy\u015bwietlanie reklam, kt\u00f3re s\u0105 istotne i anga\u017cuj\u0105ce dla poszczeg\u00f3lnych u\u017cytkownik\u00f3w, a tym samym bardziej warto\u015bciowe dla wydawc\u00f3w i reklamodawc\u00f3w stron trzecich. Nie u\u017cywa si\u0119 plik\u00f3w cookies tego typu.  <\/p>\n<p> <\/p>\n<h6><strong>Jak w\u0142\u0105czy\u0107\/wy\u0142\u0105czy\u0107 pliki Cookies w najpopularniejszych przegl\u0105darkach:<\/strong><\/h6>\n<p>Zazwyczaj mo\u017cliwe jest zaprzestanie akceptowania plik\u00f3w Cookies przegl\u0105darki lub zaprzestanie akceptowania plik\u00f3w Cookies z konkretnej Us\u0142ugi.<br>Wszystkie nowoczesne przegl\u0105darki pozwalaj\u0105 na zmian\u0119 ustawie\u0144 plik\u00f3w Cookies. Ustawienia te zazwyczaj znajduj\u0105 si\u0119 w \u201eopcjach\u201d lub \u201ePreferencjach\u201d w menu przegl\u0105darki. Mo\u017cesz r\u00f3wnie\u017c skonfigurowa\u0107 swoj\u0105 przegl\u0105dark\u0119 lub mened\u017cera poczty elektronicznej.<br>Poni\u017cej przedstawiamy instrukcje dla U\u017cytkownika dotycz\u0105ce krok\u00f3w dost\u0119pu do menu konfiguracji plik\u00f3w cookies, a w stosownych przypadkach, przegl\u0105dania prywatnego w ka\u017cdej z g\u0142\u00f3wnych przegl\u0105darek:  <br><strong><span style=\"color: #000000;\">Internet Explorer<\/span>:Narz\u0119dzia<\/strong>-&gt; Opcje internetowe -&gt; Privacidad -&gt; Ustawienia. Aby uzyska\u0107 wi\u0119cej informacji, mo\u017cesz zapozna\u0107 si\u0119 ze wsparciem <a href=\"http:\/\/windows.microsoft.com\/pl-PL\/windows\/support\">Microsoft lub<\/a> Pomoc\u0105 przegl\u0105darki <br><strong><span style=\"color: #000000;\">Firefox<\/span>:Narz\u0119dzia<\/strong>-&gt; Opciones -&gt; Prywatno\u015b\u0107-&gt; Historia -&gt; Ustawienia niestandardowe. Aby uzyska\u0107 wi\u0119cej informacji, mo\u017cesz zapozna\u0107 si\u0119 ze wsparciem <a href=\"http:\/\/support.mozilla.org\/pl\/home\">Mozilla lub<\/a> Pomoc\u0105 przegl\u0105darki. <br><strong><span style=\"color: #000000;\">Chrome<\/span>:Ustawienia<\/strong>-&gt; Poka\u017c ustawienia zaawansowane -&gt; Prywatno\u015b\u0107 -&gt; Ustawienia tre\u015bci. Aby uzyska\u0107 wi\u0119cej informacji, mo\u017cesz zapozna\u0107 si\u0119 ze wsparciem <a href=\"http:\/\/support.google.com\/chrome\/?hl=pl\">Google lub<\/a> Pomoc\u0105 przegl\u0105darki. <br><strong><span style=\"color: #000000;\">Safari<\/span>:Preferencje<\/strong>-&gt; Bezpiecze\u0144stwo. Aby uzyska\u0107 wi\u0119cej informacji, mo\u017cesz zapozna\u0107 si\u0119 ze wsparciem A<a href=\"http:\/\/www.apple.com\/pl\/support\/safari\/\">pple lub<\/a> Pomoc\u0105 przegl\u0105darki. <\/p>\n<p> <\/p>\n<h6><strong>Co si\u0119 stanie w przypadku wy\u0142\u0105czenia plik\u00f3w Cookies?<\/strong><\/h6>\n<p>Niekt\u00f3re funkcjonalno\u015bci Us\u0142ug zostan\u0105 wy\u0142\u0105czone.<\/p>\n<p><\/p>\t\t\t\t\t\t\t\t<\/div>\n\t\t\t\t<\/div>\n\t\t\t\t\t<\/div>\n\t\t\t\t<\/div>\n\t\t<div class=\"elementor-element elementor-element-c8aeac7 e-flex e-con-boxed parallax_section_no qode_elementor_container_no e-con e-parent\" data-id=\"c8aeac7\" data-element_type=\"container\" data-e-type=\"container\">\n\t\t\t\t\t<div class=\"e-con-inner\">\n\t\t\t\t<div class=\"elementor-element elementor-element-9c52f23 elementor-widget-divider--view-line elementor-widget elementor-widget-divider\" data-id=\"9c52f23\" data-element_type=\"widget\" data-e-type=\"widget\" data-widget_type=\"divider.default\">\n\t\t\t\t<div class=\"elementor-widget-container\">\n\t\t\t\t\t\t\t<div class=\"elementor-divider\">\n\t\t\t<span class=\"elementor-divider-separator\">\n\t\t\t\t\t\t<\/span>\n\t\t<\/div>\n\t\t\t\t\t\t<\/div>\n\t\t\t\t<\/div>\n\t\t\t\t\t<\/div>\n\t\t\t\t<\/div>\n\t\t<div class=\"elementor-element elementor-element-0c71a88 e-flex e-con-boxed parallax_section_no qode_elementor_container_no e-con e-parent\" data-id=\"0c71a88\" data-element_type=\"container\" data-e-type=\"container\">\n\t\t\t\t\t<div class=\"e-con-inner\">\n\t\t<div class=\"elementor-element elementor-element-4fbe325 e-con-full e-flex parallax_section_no qode_elementor_container_no e-con e-child\" data-id=\"4fbe325\" data-element_type=\"container\" data-e-type=\"container\">\n\t\t<div class=\"elementor-element elementor-element-5cbb5ef e-con-full e-flex parallax_section_no qode_elementor_container_no e-con e-child\" data-id=\"5cbb5ef\" data-element_type=\"container\" data-e-type=\"container\">\n\t\t\t\t<div class=\"elementor-element elementor-element-2952947 elementor-widget elementor-widget-image\" data-id=\"2952947\" data-element_type=\"widget\" data-e-type=\"widget\" data-widget_type=\"image.default\">\n\t\t\t\t<div class=\"elementor-widget-container\">\n\t\t\t\t\t\t\t\t\t\t\t\t\t\t\t<img decoding=\"async\" width=\"215\" height=\"209\" src=\"https:\/\/destinybybergen.com\/wp-content\/uploads\/2025\/02\/logo-positivo.webp\" class=\"attachment-medium_large size-medium_large wp-image-3823\" alt=\"logo\" \/>\t\t\t\t\t\t\t\t\t\t\t\t\t\t\t<\/div>\n\t\t\t\t<\/div>\n\t\t\t\t<\/div>\n\t\t<div class=\"elementor-element elementor-element-b8bd019 e-con-full e-flex parallax_section_no qode_elementor_container_no e-con e-child\" data-id=\"b8bd019\" data-element_type=\"container\" data-e-type=\"container\">\n\t\t\t\t<div class=\"elementor-element elementor-element-bb09305 elementor-widget elementor-widget-text-editor\" data-id=\"bb09305\" data-element_type=\"widget\" data-e-type=\"widget\" data-widget_type=\"text-editor.default\">\n\t\t\t\t<div class=\"elementor-widget-container\">\n\t\t\t\t\t\t\t\t\t<p><span data-mce-type=\"bookmark\" style=\"display: inline-block; width: 0px; overflow: hidden; line-height: 0;\" class=\"mce_SELRES_start\"><\/span><strong>ODWIED\u0179 NASZE BIURO SPRZEDA\u017bY<\/strong><\/p><p class=\"has-text-align-center\">Partida Buena Vista, 10 &#8211; La Nuc\u00eda<\/p><p class=\"has-text-align-center\">Tel: <a href=\"tel:0034697635908\">+34 697 63 59 08<\/a><\/p>\n<p class=\"has-text-align-center\">Tel: <a href=\"tel:442045860724\">+44 2045860724<\/a><\/p><p>E-mail: <a href=\"mailto:hola@destinybybergen.com\">hola@destinybybergen.com<\/a><\/p>\t\t\t\t\t\t\t\t<\/div>\n\t\t\t\t<\/div>\n\t\t\t\t<\/div>\n\t\t<div class=\"elementor-element elementor-element-2df8045 e-con-full e-flex parallax_section_no qode_elementor_container_no e-con e-child\" data-id=\"2df8045\" data-element_type=\"container\" data-e-type=\"container\">\n\t\t\t\t<div class=\"elementor-element elementor-element-be65385 elementor-widget elementor-widget-image\" data-id=\"be65385\" data-element_type=\"widget\" data-e-type=\"widget\" data-widget_type=\"image.default\">\n\t\t\t\t<div class=\"elementor-widget-container\">\n\t\t\t\t\t\t\t\t\t\t\t\t\t\t\t\t<a href=\"https:\/\/assetlighthouse.com\/\" target=\"_blank\">\n\t\t\t\t\t\t\t<img fetchpriority=\"high\" decoding=\"async\" width=\"488\" height=\"165\" src=\"https:\/\/destinybybergen.com\/wp-content\/uploads\/2025\/05\/logotipo-cabecera.webp\" class=\"attachment-large size-large wp-image-3824\" alt=\"logotipo cabecera\" srcset=\"https:\/\/destinybybergen.com\/wp-content\/uploads\/2025\/05\/logotipo-cabecera.webp 488w, https:\/\/destinybybergen.com\/wp-content\/uploads\/2025\/05\/logotipo-cabecera-300x101.webp 300w\" sizes=\"(max-width: 488px) 100vw, 488px\" \/>\t\t\t\t\t\t\t\t<\/a>\n\t\t\t\t\t\t\t\t\t\t\t\t\t\t\t<\/div>\n\t\t\t\t<\/div>\n\t\t\t\t<\/div>\n\t\t\t\t<\/div>\n\t\t\t\t\t<\/div>\n\t\t\t\t<\/div>\n\t\t\t\t<\/div>\n\t\t","protected":false},"excerpt":{"rendered":"<p>DEFINICJA i og\u00f3lna funkcja plik\u00f3w COOKIES Pliki cookies to identyfikatory, kt\u00f3re wysy\u0142amy na dysk twardy Twojego komputera za po\u015brednictwem przegl\u0105darki internetowej, aby nasze systemy mog\u0142y rozpozna\u0107 Twoj\u0105 przegl\u0105dark\u0119 i oferowa\u0107 Ci okre\u015blone us\u0142ugi.W og\u00f3lno\u015bci technologie te mog\u0105 s\u0142u\u017cy\u0107 do bardzo r\u00f3\u017cnych cel\u00f3w, na przyk\u0142ad rozpoznawania&#8230;<\/p>\n","protected":false},"author":6,"featured_media":0,"parent":0,"menu_order":0,"comment_status":"closed","ping_status":"open","template":"","meta":{"_monsterinsights_skip_tracking":false,"_monsterinsights_sitenote_active":false,"_monsterinsights_sitenote_note":"","_monsterinsights_sitenote_category":0,"_uf_show_specific_survey":0,"_uf_disable_surveys":false,"footnotes":""},"class_list":["post-4093","page","type-page","status-publish","hentry"],"aioseo_notices":[],"_links":{"self":[{"href":"https:\/\/destinybybergen.com\/pl\/wp-json\/wp\/v2\/pages\/4093","targetHints":{"allow":["GET"]}}],"collection":[{"href":"https:\/\/destinybybergen.com\/pl\/wp-json\/wp\/v2\/pages"}],"about":[{"href":"https:\/\/destinybybergen.com\/pl\/wp-json\/wp\/v2\/types\/page"}],"author":[{"embeddable":true,"href":"https:\/\/destinybybergen.com\/pl\/wp-json\/wp\/v2\/users\/6"}],"replies":[{"embeddable":true,"href":"https:\/\/destinybybergen.com\/pl\/wp-json\/wp\/v2\/comments?post=4093"}],"version-history":[{"count":3,"href":"https:\/\/destinybybergen.com\/pl\/wp-json\/wp\/v2\/pages\/4093\/revisions"}],"predecessor-version":[{"id":4096,"href":"https:\/\/destinybybergen.com\/pl\/wp-json\/wp\/v2\/pages\/4093\/revisions\/4096"}],"wp:attachment":[{"href":"https:\/\/destinybybergen.com\/pl\/wp-json\/wp\/v2\/media?parent=4093"}],"curies":[{"name":"wp","href":"https:\/\/api.w.org\/{rel}","templated":true}]}}