{"id":4108,"date":"2025-02-03T12:39:44","date_gmt":"2025-02-03T12:39:44","guid":{"rendered":"https:\/\/destinybybergen.com\/polityka-prywatnosci\/"},"modified":"2026-03-09T13:26:36","modified_gmt":"2026-03-09T13:26:36","slug":"polityka-prywatnosci","status":"publish","type":"page","link":"https:\/\/destinybybergen.com\/pl\/polityka-prywatnosci\/","title":{"rendered":"Polityka Prywatno\u015bci<br>"},"content":{"rendered":"\t\t<div data-elementor-type=\"wp-page\" data-elementor-id=\"4108\" class=\"elementor elementor-4108 elementor-3\" data-elementor-post-type=\"page\">\n\t\t\t\t<div class=\"elementor-element elementor-element-7409e64d e-flex e-con-boxed parallax_section_no qode_elementor_container_no e-con e-parent\" data-id=\"7409e64d\" data-element_type=\"container\" data-e-type=\"container\">\n\t\t\t\t\t<div class=\"e-con-inner\">\n\t\t\t\t<div class=\"elementor-element elementor-element-167905d0 elementor-widget elementor-widget-text-editor\" data-id=\"167905d0\" data-element_type=\"widget\" data-e-type=\"widget\" data-widget_type=\"text-editor.default\">\n\t\t\t\t<div class=\"elementor-widget-container\">\n\t\t\t\t\t\t\t\t\t<h3><strong><u>POLITYKA PRYWATNO\u015aCI I OCHRONA DANYCH<br><\/u><\/strong><\/h3>\n<p><br><a href=\"https:\/\/www.fernandezynortes.com\/#_Toc530642022\">POLITYKA PRYWATNO\u015aCI<br><\/a><br><a href=\"https:\/\/www.fernandezynortes.com\/#_Toc530642023\">KTO JEST ADMINISTRATOREM PA\u0143STWA DANYCH?<br><\/a><br><a href=\"https:\/\/www.fernandezynortes.com\/#_Toc530642024\">JAKIE RODZAJE DANYCH PRZETWARZAMY?<br><\/a><br><a href=\"https:\/\/www.fernandezynortes.com\/#_Toc530642025\">W JAKIM CELU PRZETWARZAMY PA\u0143STWA DANE OSOBOWE?<br><\/a><br><a href=\"https:\/\/www.fernandezynortes.com\/#_Toc530642026\">JAKA JEST PODSTAWA PRAWNA PRZETWARZANIA PA\u0143STWA DANYCH?<br><\/a><br><a href=\"https:\/\/www.fernandezynortes.com\/#_Toc530642027\">JAK D\u0141UGO B\u0118DZIEMY PRZECHOWYWA\u0106 PA\u0143STWA DANE?<br><\/a><br><a href=\"https:\/\/www.fernandezynortes.com\/#_Toc530642028\">CZY UDOST\u0118PNIAMY PA\u0143STWA DANE OSOBOM TRZECIM?<br><\/a><br><a href=\"https:\/\/www.fernandezynortes.com\/#_Toc530642029\">JAKIE S\u0104 PA\u0143STWA PRAWA W ZWI\u0104ZKU Z PRZEKAZANIEM NAM DANYCH?<br><\/a><br><a href=\"https:\/\/www.fernandezynortes.com\/#_Toc530642030\">ZMIANY W POLITYCE PRYWATNO\u015aCI.<br><\/a><br><a href=\"https:\/\/www.fernandezynortes.com\/#_Toc530642031\">INFORMACJA O PLIKACH COOKIE<br><\/a><br> <br><span style=\"color: #000000;\"><strong>BERGEN REAL ESTATE LA SERRETA S.L<\/strong>.<\/span> niniejszym informuje o swojej polityce prywatno\u015bci stosowanej wobec danych osobowych. Korzystanie ze strony internetowej nie nak\u0142ada na u\u017cytkownika obowi\u0105zku podawania jakichkolwiek informacji dotycz\u0105cych jego to\u017csamo\u015bci, a firma nie mo\u017ce powi\u0105za\u0107 tych danych z konkretnym u\u017cytkownikiem. W przypadku podania danych osobowych, b\u0119d\u0105 one gromadzone i wykorzystywane zgodnie z ograniczeniami i prawami okre\u015blonymi w cytowanych przepisach.  <\/p>\n<p> <\/p>\n<h3><strong>POLITYKA PRYWATNO\u015aCI<\/strong><\/h3>\n<h6><strong>KTO JEST ADMINISTRATOREM PA\u0143STWA DANYCH?<\/strong><\/h6>\n<p><strong><span style=\"color: #000000;\">ADMINISTRATOREM <\/span><\/strong>Pa\u0144stwa danych jest:: BERGEN REAL ESTATE LA SERRETA S.L<\/p>\n<p><span style=\"color: #000000;\"><strong>NIP (CIF): B19797570<\/strong><\/span><\/p>\n<p><span style=\"color: #000000;\"><strong>Adres pocztowy:<\/strong><\/span> Calle Eucalipto 25<\/p>\n<p>Kod pocztowy i miasto: 28016 MADRID<\/p>\n<p><span style=\"color: #000000;\">E-mail:<\/span> gestion@destinybybergen.com<\/p>\n<p><strong> <\/strong><\/p>\n<p> <\/p>\n<h3><strong>JAKIE RODZAJE DANYCH PRZETWARZAMY?<\/strong><\/h3>\n<p>W zale\u017cno\u015bci od produkt\u00f3w, us\u0142ug lub funkcjonalno\u015bci, z kt\u00f3rych chc\u0105 Pa\u0144stwo korzysta\u0107, b\u0119dziemy przetwarza\u0107 r\u00f3\u017cne dane. Zazwyczaj s\u0105 to:<br> <\/p>\n<ul>\n<li>Dane identyfikacyjne (np. imi\u0119, nazwisko, j\u0119zyk, kraj, z kt\u00f3rego si\u0119 Pa\u0144stwo z nami kontaktuj\u0105, dane kontaktowe itp.).<br><\/li>\n<li>Dane dotycz\u0105ce po\u0142\u0105czenia, geolokalizacji i przegl\u0105dania (np. w przypadku korzystania z serwisu przez telefon kom\u00f3rkowy).<br><\/li>\n<li>Informacje handlowe, je\u015bli zapisali si\u0119 Pa\u0144stwo do naszego newslettera.<br><\/li>\n<li>Dane dotycz\u0105ce gust\u00f3w i preferencji.<br><\/li>\n<\/ul>\n<p>Prosimy pami\u0119ta\u0107, \u017ce prosz\u0105c o podanie danych osobowych w celu umo\u017cliwienia dost\u0119pu do danej us\u0142ugi, niekt\u00f3re pola zostan\u0105 oznaczone jako obowi\u0105zkowe, poniewa\u017c s\u0105 to dane niezb\u0119dne do \u015bwiadczenia tej us\u0142ugi. Niepodanie tych danych mo\u017ce uniemo\u017cliwi\u0107 rejestracj\u0119 lub skorzystanie z okre\u015blonych funkcjonalno\u015bci.<br><\/p>\n<p> <\/p>\n<h3><strong>W JAKIM CELU PRZETWARZAMY PA\u0143STWA DANE OSOBOWE?<\/strong><\/h3>\n<p>W zale\u017cno\u015bci od interakcji z nasz\u0105 stron\u0105, przetwarzamy dane w nast\u0119puj\u0105cych celach:<br><\/p>\n<ol>\n<li><strong>Obs\u0142uga zapyta\u0144: <\/strong>Przetwarzamy tylko te dane, kt\u00f3re s\u0105 \u015bci\u015ble niezb\u0119dne do rozpatrzenia Pa\u0144stwa pro\u015bby.<br><\/li>\n<li><strong>Cele marketingowe:<\/strong> Po zapisaniu si\u0119 do newslettera, dane b\u0119d\u0105 wykorzystywane do okresowego przesy\u0142ania biuletyn\u00f3w informacyjnych. Mo\u017cna zrezygnowa\u0107 z subskrypcji w dowolnym momencie i bezp\u0142atnie.<br><\/li>\n<li><strong>Zarz\u0105dzanie mediami spo\u0142eczno\u015bciowymi:<\/strong> Je\u015bli obserwuj\u0105 nas Pa\u0144stwo w mediach spo\u0142eczno\u015bciowych, przetwarzamy dane w celu odpowiedzi na wiadomo\u015bci i zarz\u0105dzania list\u0105 kontakt\u00f3w.<br> <\/li>\n<li><strong>Analiza u\u017cyteczno\u015bci i jako\u015bci (Cookie):<\/strong> Przetwarzamy dane dotycz\u0105ce nawigacji w celach statystycznych, aby zrozumie\u0107, jak u\u017cytkownicy korzystaj\u0105 z platformy i m\u00f3c wprowadza\u0107 ulepszenia. <\/li>\n<\/ol>\n<p> <\/p>\n<h3><strong>JAKA JEST PODSTAWA PRAWNA PRZETWARZANIA PA\u0143STWA DANYCH?<\/strong><\/h3>\n<p>Dane osobowe nie b\u0119d\u0105 przekazywane osobom trzecim, chyba \u017ce: istnieje obowi\u0105zek prawny, otrzymamy Pa\u0144stwa wyra\u017an\u0105 zgod\u0119 lub uznamy, \u017ce istnieje nasz prawnie uzasadniony interes, o czym zostan\u0105 Pa\u0144stwo poinformowani.<\/p>\n<ol>\n<li> Zapytania o informacje: \u015awiadoma zgoda na udzielenie odpowiedzi na zadane pytania.<br><\/li>\n<li><strong>Marketing<\/strong>: Pa\u0144stwa wyra\u017ana zgoda.<br><\/li>\n<li><strong>Media spo\u0142eczno\u015bciowe<\/strong>: Zgoda na odpowied\u017a na zapytania oraz fakt dobrowolnego obserwowania profilu.<br><\/li>\n<li>Analiza (Cookie): Zgoda u\u017cytkownika na instalacj\u0119 plik\u00f3w cookie.<br><\/li>\n<\/ol>\n<p> <\/p>\n<h3><strong>JAK D\u0141UGO B\u0118DZIEMY PRZECHOWYWA\u0106 PA\u0143STWA DANE?<\/strong><\/h3>\n<ol>\n<li><strong>Zapytania<\/strong>: Przez czas niezb\u0119dny do obs\u0142ugi pro\u015bby, a nast\u0119pnie przez rok.<br><\/li>\n<li><strong>Marketing<br><\/strong>Do momentu rezygnacji z subskrypcji newslettera.<\/li>\n<li><strong>Media spo\u0142eczno\u015bciowe:<\/strong> Przez czas niezb\u0119dny do obs\u0142ugi zapytania i dop\u00f3ki s\u0105 Pa\u0144stwo naszymi obserwatorami.<br><\/li>\n<li><strong>Cookie<\/strong>: Zgodnie z polityk\u0105 plik\u00f3w cookie.<br><\/li>\n<\/ol>\n<p> <\/p>\n<h3><strong>CZY UDOST\u0118PNIAMY PA\u0143STWA DANE OSOBOM TRZECIM?<\/strong><\/h3>\n<p>Dane osobowe nie b\u0119d\u0105 przekazywane osobom trzecim, chyba \u017ce: istnieje obowi\u0105zek prawny, otrzymamy Pa\u0144stwa wyra\u017an\u0105 zgod\u0119 lub uznamy, \u017ce istnieje nasz prawnie uzasadniony interes, o czym zostan\u0105 Pa\u0144stwo poinformowani. Jeste\u015bmy obecni na: Facebook, LinkedIn, Twitter i YouTube. Serwis nie ponosi odpowiedzialno\u015bci za wykorzystanie danych przez te portale. Zach\u0119camy do zapoznania si\u0119 z ich politykami prywatno\u015bci: <\/p>\n<ul>\n<li>Facebook: <a href=\"https:\/\/es-es.facebook.com\/privacy\/explanation\">https:\/\/es-es.facebook.com\/privacy\/explanation<\/a><\/li>\n<li>LinkedIn: <a href=\"https:\/\/es.linkedin.com\/legal\/privacy-policy\">https:\/\/es.linkedin.com\/legal\/privacy-policy<\/a><\/li>\n<li>YouTube: <a href=\"https:\/\/www.youtube.com\/intl\/es\/about\/policies\/#community-guidelines\">https:\/\/www.youtube.com\/intl\/es\/about\/policies\/#community-guidelines<\/a><\/li>\n<li>Twitter: <a href=\"https:\/\/twitter.com\/es\/privacy\">https:\/\/twitter.com\/es\/privacy<\/a><\/li>\n<\/ul>\n<p>Przed klikni\u0119ciem w logo medi\u00f3w spo\u0142eczno\u015bciowych mog\u0105 Pa\u0144stwo zapozna\u0107 si\u0119 z zasadami przetwarzania danych; przekierowanie jest dobrowolne.<br>  <\/p>\n<ul>\n<li>WhatsApp: <a href=\"https:\/\/www.whatsapp.com\/legal\/updates\/privacy-policy\/?lang=es\">https:\/\/www.whatsapp.com\/legal\/updates\/privacy-policy\/?lang=es<\/a><\/li>\n<\/ul>\n<p> <\/p>\n<h3>JAKIE S\u0104 PA\u0143STWA PRAWA?<br><\/h3>\n<p>Zobowi\u0105zujemy si\u0119 do zachowania poufno\u015bci. Prawa mo\u017cna wykonywa\u0107 bezp\u0142atnie, wysy\u0142aj\u0105c e-mail na adres gestion@destinybybergen.com. Maj\u0105 Pa\u0144stwo prawo do:<br>Dost\u0119pu do swoich danych.<br>Sprostowania danych (gwarantuj\u0105 Pa\u0144stwo ich poprawno\u015b\u0107).<br>Usuni\u0119cia danych, gdy nie s\u0105 ju\u017c potrzebne.<br>Ograniczenia przetwarzania w okre\u015blonych sytuacjach.<br>Przenoszenia danych w ustrukturyzowanym formacie.<br>Sprzeciwu wobec przetwarzania opartego na prawnie uzasadnionym interesie.<br>Skargi do organu nadzorczego (np. Prezesa Urz\u0119du Ochrony Danych Osobowych).<br><a href=\"https:\/\/www.agpd.es\/portalwebAGPD\/index-ides-idphp.php\">https:\/\/www.agpd.es\/portalwebAGPD\/index-ides-idphp.php<\/a>    <\/p>\n<p> <\/p>\n<h3><strong>ZMIANY W POLITYCE PRYWATNO\u015aCI.<\/strong><\/h3>\n<p> Mo\u017cemy modyfikowa\u0107 informacje zawarte w niniejszej Polityce Prywatno\u015bci, gdy uznamy to za stosowne. W takim przypadku powiadomimy o tym Pa\u0144stwa r\u00f3\u017cnymi kana\u0142ami za po\u015brednictwem Platformy lub prze\u015blemy informacj\u0119 na Pa\u0144stwa adres e-mail, je\u015bli wprowadzona zmiana b\u0119dzie mia\u0142a istotny wp\u0142yw na Pa\u0144stwa prywatno\u015b\u0107. Dzi\u0119ki temu b\u0119d\u0105 Pa\u0144stwo mogli zapozna\u0107 si\u0119 ze zmianami, oceni\u0107 je i, w stosownych przypadkach, sprzeciwi\u0107 si\u0119 im lub zrezygnowa\u0107 z danej us\u0142ugi lub funkcjonalno\u015bci. <\/p>\n<p> <\/p>\n<h3><strong>INFORMACJA O PLIKACH COOKIE<\/strong><\/h3>\n<p class=\"wp-block-heading\">U\u017cywamy plik\u00f3w cookie i podobnych technologii, aby u\u0142atwi\u0107 Pa\u0144stwu korzystanie z Platformy, dowiedzie\u0107 si\u0119, w jaki spos\u00f3b wchodz\u0105 Pa\u0144stwo z nami w interakcje oraz, w okre\u015blonych przypadkach, m\u00f3c wy\u015bwietla\u0107 reklamy dopasowane do Pa\u0144stwa nawyk\u00f3w przegl\u0105dania. Prosimy o zapoznanie si\u0119 z nasz\u0105 Polityk\u0105 plik\u00f3w cookie, aby dowiedzie\u0107 si\u0119 wi\u0119cej o stosowanych przez nas plikach cookie i podobnych rozwi\u0105zaniach, ich celach oraz innych istotnych informacjach. <\/p>\t\t\t\t\t\t\t\t<\/div>\n\t\t\t\t<\/div>\n\t\t\t\t\t<\/div>\n\t\t\t\t<\/div>\n\t\t<div class=\"elementor-element elementor-element-b65e4b8 e-flex e-con-boxed parallax_section_no qode_elementor_container_no e-con e-parent\" data-id=\"b65e4b8\" data-element_type=\"container\" data-e-type=\"container\">\n\t\t\t\t\t<div class=\"e-con-inner\">\n\t\t<div class=\"elementor-element elementor-element-776753b e-con-full e-flex parallax_section_no qode_elementor_container_no e-con e-child\" data-id=\"776753b\" data-element_type=\"container\" data-e-type=\"container\">\n\t\t\t\t<div class=\"elementor-element elementor-element-974625f elementor-widget-divider--view-line elementor-widget elementor-widget-divider\" data-id=\"974625f\" data-element_type=\"widget\" data-e-type=\"widget\" data-widget_type=\"divider.default\">\n\t\t\t\t<div class=\"elementor-widget-container\">\n\t\t\t\t\t\t\t<div class=\"elementor-divider\">\n\t\t\t<span class=\"elementor-divider-separator\">\n\t\t\t\t\t\t<\/span>\n\t\t<\/div>\n\t\t\t\t\t\t<\/div>\n\t\t\t\t<\/div>\n\t\t\t\t<\/div>\n\t\t\t\t\t<\/div>\n\t\t\t\t<\/div>\n\t\t<div class=\"elementor-element elementor-element-161211e e-flex e-con-boxed parallax_section_no qode_elementor_container_no e-con e-parent\" data-id=\"161211e\" data-element_type=\"container\" data-e-type=\"container\">\n\t\t\t\t\t<div class=\"e-con-inner\">\n\t\t<div class=\"elementor-element elementor-element-4bce4c3 e-con-full e-flex parallax_section_no qode_elementor_container_no e-con e-child\" data-id=\"4bce4c3\" data-element_type=\"container\" data-e-type=\"container\">\n\t\t<div class=\"elementor-element elementor-element-f5d38ff e-con-full e-flex parallax_section_no qode_elementor_container_no e-con e-child\" data-id=\"f5d38ff\" data-element_type=\"container\" data-e-type=\"container\">\n\t\t<div class=\"elementor-element elementor-element-c31de0f e-con-full e-flex parallax_section_no qode_elementor_container_no e-con e-child\" data-id=\"c31de0f\" data-element_type=\"container\" data-e-type=\"container\">\n\t\t\t\t<div class=\"elementor-element elementor-element-f62b0d8 elementor-widget elementor-widget-image\" data-id=\"f62b0d8\" data-element_type=\"widget\" data-e-type=\"widget\" data-widget_type=\"image.default\">\n\t\t\t\t<div class=\"elementor-widget-container\">\n\t\t\t\t\t\t\t\t\t\t\t\t\t\t\t<img decoding=\"async\" width=\"215\" height=\"209\" src=\"https:\/\/destinybybergen.com\/wp-content\/uploads\/2025\/02\/logo-positivo.webp\" class=\"attachment-medium_large size-medium_large wp-image-3823\" alt=\"logo\" \/>\t\t\t\t\t\t\t\t\t\t\t\t\t\t\t<\/div>\n\t\t\t\t<\/div>\n\t\t\t\t<\/div>\n\t\t<div class=\"elementor-element elementor-element-4a6224f e-con-full e-flex parallax_section_no qode_elementor_container_no e-con e-child\" data-id=\"4a6224f\" data-element_type=\"container\" data-e-type=\"container\">\n\t\t\t\t<div class=\"elementor-element elementor-element-07680b7 elementor-widget elementor-widget-text-editor\" data-id=\"07680b7\" data-element_type=\"widget\" data-e-type=\"widget\" data-widget_type=\"text-editor.default\">\n\t\t\t\t<div class=\"elementor-widget-container\">\n\t\t\t\t\t\t\t\t\t<p><span data-mce-type=\"bookmark\" style=\"display: inline-block; width: 0px; overflow: hidden; line-height: 0;\" class=\"mce_SELRES_start\"><\/span><strong>ODWIED\u0179 NASZE BIURO SPRZEDA\u017bY<\/strong><\/p><p class=\"has-text-align-center\">Partida Buena Vista, 10 &#8211; La Nuc\u00eda<\/p><p class=\"has-text-align-center\">Tel: <a href=\"tel:0034697635908\">+34 697 63 59 08<\/a><\/p>\n<p class=\"has-text-align-center\">Tel: <a href=\"tel:442045860724\">+44 2045860724<\/a><\/p><p>E-mail: <a href=\"mailto:hola@destinybybergen.com\">hola@destinybybergen.com<\/a><\/p>\t\t\t\t\t\t\t\t<\/div>\n\t\t\t\t<\/div>\n\t\t\t\t<\/div>\n\t\t<div class=\"elementor-element elementor-element-7487a47 e-con-full e-flex parallax_section_no qode_elementor_container_no e-con e-child\" data-id=\"7487a47\" data-element_type=\"container\" data-e-type=\"container\">\n\t\t\t\t<div class=\"elementor-element elementor-element-157608c elementor-widget elementor-widget-image\" data-id=\"157608c\" data-element_type=\"widget\" data-e-type=\"widget\" data-widget_type=\"image.default\">\n\t\t\t\t<div class=\"elementor-widget-container\">\n\t\t\t\t\t\t\t\t\t\t\t\t\t\t\t\t<a href=\"https:\/\/assetlighthouse.com\/\" target=\"_blank\">\n\t\t\t\t\t\t\t<img fetchpriority=\"high\" decoding=\"async\" width=\"488\" height=\"165\" src=\"https:\/\/destinybybergen.com\/wp-content\/uploads\/2025\/05\/logotipo-cabecera.webp\" class=\"attachment-large size-large wp-image-3824\" alt=\"logotipo cabecera\" srcset=\"https:\/\/destinybybergen.com\/wp-content\/uploads\/2025\/05\/logotipo-cabecera.webp 488w, https:\/\/destinybybergen.com\/wp-content\/uploads\/2025\/05\/logotipo-cabecera-300x101.webp 300w\" sizes=\"(max-width: 488px) 100vw, 488px\" \/>\t\t\t\t\t\t\t\t<\/a>\n\t\t\t\t\t\t\t\t\t\t\t\t\t\t\t<\/div>\n\t\t\t\t<\/div>\n\t\t\t\t<\/div>\n\t\t\t\t<\/div>\n\t\t\t\t<\/div>\n\t\t\t\t\t<\/div>\n\t\t\t\t<\/div>\n\t\t\t\t<\/div>\n\t\t","protected":false},"excerpt":{"rendered":"<p>POLITYKA PRYWATNO\u015aCI I OCHRONA DANYCH POLITYKA PRYWATNO\u015aCIKTO JEST ADMINISTRATOREM PA\u0143STWA DANYCH?JAKIE RODZAJE DANYCH PRZETWARZAMY?W JAKIM CELU PRZETWARZAMY PA\u0143STWA DANE OSOBOWE?JAKA JEST PODSTAWA PRAWNA PRZETWARZANIA PA\u0143STWA DANYCH?JAK D\u0141UGO B\u0118DZIEMY PRZECHOWYWA\u0106 PA\u0143STWA DANE?CZY UDOST\u0118PNIAMY PA\u0143STWA DANE OSOBOM TRZECIM?JAKIE S\u0104 PA\u0143STWA PRAWA W ZWI\u0104ZKU Z PRZEKAZANIEM NAM DANYCH?ZMIANY&#8230;<\/p>\n","protected":false},"author":6,"featured_media":0,"parent":0,"menu_order":0,"comment_status":"closed","ping_status":"open","template":"","meta":{"_monsterinsights_skip_tracking":false,"_monsterinsights_sitenote_active":false,"_monsterinsights_sitenote_note":"","_monsterinsights_sitenote_category":0,"_uf_show_specific_survey":0,"_uf_disable_surveys":false,"footnotes":""},"class_list":["post-4108","page","type-page","status-publish","hentry"],"aioseo_notices":[],"_links":{"self":[{"href":"https:\/\/destinybybergen.com\/pl\/wp-json\/wp\/v2\/pages\/4108","targetHints":{"allow":["GET"]}}],"collection":[{"href":"https:\/\/destinybybergen.com\/pl\/wp-json\/wp\/v2\/pages"}],"about":[{"href":"https:\/\/destinybybergen.com\/pl\/wp-json\/wp\/v2\/types\/page"}],"author":[{"embeddable":true,"href":"https:\/\/destinybybergen.com\/pl\/wp-json\/wp\/v2\/users\/6"}],"replies":[{"embeddable":true,"href":"https:\/\/destinybybergen.com\/pl\/wp-json\/wp\/v2\/comments?post=4108"}],"version-history":[{"count":1,"href":"https:\/\/destinybybergen.com\/pl\/wp-json\/wp\/v2\/pages\/4108\/revisions"}],"predecessor-version":[{"id":4109,"href":"https:\/\/destinybybergen.com\/pl\/wp-json\/wp\/v2\/pages\/4108\/revisions\/4109"}],"wp:attachment":[{"href":"https:\/\/destinybybergen.com\/pl\/wp-json\/wp\/v2\/media?parent=4108"}],"curies":[{"name":"wp","href":"https:\/\/api.w.org\/{rel}","templated":true}]}}